{"id":316077,"date":"2024-03-12T15:28:09","date_gmt":"2024-03-12T14:30:40","guid":{"rendered":"https:\/\/www.moskito.cz\/produkt\/noz-strzelecki-beltrame-swinguard-cocobolo-bayonet\/"},"modified":"2025-05-07T11:03:44","modified_gmt":"2025-05-07T10:03:44","slug":"noz-strzelecki-beltrame-swinguard-cocobolo-bayonet","status":"publish","type":"product","link":"https:\/\/www.moskito.cz\/pl\/produkt\/noz-strzelecki-beltrame-swinguard-cocobolo-bayonet\/","title":{"rendered":"N\u00f3\u017c strzelecki Beltrame Swinguard Cocobolo Bayonet"},"content":{"rendered":"<p>N\u00f3\u017c strzelecki <strong>Beltrame<\/strong> Swinguard Cocobolo Bayonet<\/p>\n<p>Wyj\u0105tkowa tradycyjna szpilka inspirowana oryginalnym modelem ostrzy spr\u0119\u017cynowych Frank Beltrame Italy. Tutaj producent wyeliminowa\u0142 i poprawi\u0142 pewne wady produkcyjne, dzi\u0119ki czemu jest to n\u00f3\u017c niezawodny i dok\u0142adny pod wzgl\u0119dem uwalniania oraz wytrzyma\u0142o\u015bci ostrza w pozycji otwartej. Pochwa mocowana jest do ostrza za pomoc\u0105 ma\u0142ego nitu, wstawki wykonane s\u0105 z mosi\u0105dzu, a ostrze ze stali nierdzewnej AISI 420 MA5M o twardo\u015bci 56 HRC.<br \/>\nOtwieranie odbywa si\u0119 za pomoc\u0105 centralnego przycisku z przodu no\u017ca, natomiast zwalniacz ostrza znajduje si\u0119 z ty\u0142u r\u0119koje\u015bci.<br \/>\nTen oryginalny produkt jest montowany i sk\u0142adany r\u0119cznie przez w\u0142osk\u0105 firm\u0119 Frank Beltrame, nigdy maszynowo.<\/p>\n<p>D\u0142ugo\u015b\u0107 no\u017ca: 28 cm<br \/>\nD\u0142ugo\u015b\u0107 ostrza: 12 cm<br \/>\nStal: stal nierdzewna AISI 420 MA5M HRC 56<br \/>\nStrona internetowa: Cocobolo<br \/>\nTyp ostrza: Bagnet<br \/>\nZabezpieczenie przed przypadkowym otwarciem<\/p>\n","protected":false},"excerpt":{"rendered":"<p><strong>No\u017ce Beltrame produkowane s\u0105 we W\u0142oszech od 1953 roku. Firma zosta\u0142a za\u0142o\u017cona przez Franka Beltrama. Sekret wytwarzania tych no\u017cy Stiletto jest cz\u0119\u015bci\u0105 historii Maniago, kt\u00f3ra by\u0142a przekazywana z ojca na syna.<\/strong><br \/>\n<strong>Wyprodukowane we W\u0142oszech.<\/strong><\/p>\n<p><strong>Bezp\u0142atny transport.<\/strong><\/p>\n","protected":false},"featured_media":316070,"comment_status":"open","ping_status":"closed","template":"","meta":[],"pwb-brand":[3538],"product_brand":[],"product_cat":[3344,3296],"product_tag":[3671],"class_list":{"0":"post-316077","1":"product","2":"type-product","3":"status-publish","4":"has-post-thumbnail","6":"pwb-brand-beltrame-pl","7":"product_cat-noze-strzeleckie","8":"product_cat-noze-pl","9":"product_tag-b2b-pl","11":"first","12":"instock","13":"taxable","14":"shipping-taxable","15":"purchasable","16":"product-type-simple"},"brands":[{"id":3538,"name":"Beltrame","slug":"beltrame-pl"}],"_links":{"self":[{"href":"https:\/\/www.moskito.cz\/pl\/wp-json\/wp\/v2\/product\/316077","targetHints":{"allow":["GET"]}}],"collection":[{"href":"https:\/\/www.moskito.cz\/pl\/wp-json\/wp\/v2\/product"}],"about":[{"href":"https:\/\/www.moskito.cz\/pl\/wp-json\/wp\/v2\/types\/product"}],"replies":[{"embeddable":true,"href":"https:\/\/www.moskito.cz\/pl\/wp-json\/wp\/v2\/comments?post=316077"}],"wp:featuredmedia":[{"embeddable":true,"href":"https:\/\/www.moskito.cz\/pl\/wp-json\/wp\/v2\/media\/316070"}],"wp:attachment":[{"href":"https:\/\/www.moskito.cz\/pl\/wp-json\/wp\/v2\/media?parent=316077"}],"wp:term":[{"taxonomy":"pwb-brand","embeddable":true,"href":"https:\/\/www.moskito.cz\/pl\/wp-json\/wp\/v2\/pwb-brand?post=316077"},{"taxonomy":"product_brand","embeddable":true,"href":"https:\/\/www.moskito.cz\/pl\/wp-json\/wp\/v2\/product_brand?post=316077"},{"taxonomy":"product_cat","embeddable":true,"href":"https:\/\/www.moskito.cz\/pl\/wp-json\/wp\/v2\/product_cat?post=316077"},{"taxonomy":"product_tag","embeddable":true,"href":"https:\/\/www.moskito.cz\/pl\/wp-json\/wp\/v2\/product_tag?post=316077"}],"curies":[{"name":"wp","href":"https:\/\/api.w.org\/{rel}","templated":true}]}}