{"id":316350,"date":"2024-03-12T23:46:09","date_gmt":"2024-03-12T22:46:09","guid":{"rendered":"https:\/\/www.moskito.cz\/produkt\/noz-skladany-emerson-sheepdog-bowie\/"},"modified":"2025-05-07T11:03:51","modified_gmt":"2025-05-07T10:03:51","slug":"noz-skladany-emerson-sheepdog-bowie","status":"publish","type":"product","link":"https:\/\/www.moskito.cz\/pl\/produkt\/noz-skladany-emerson-sheepdog-bowie\/","title":{"rendered":"N\u00f3\u017c sk\u0142adany Emerson Sheepdog Bowie"},"content":{"rendered":"<p>N\u00f3\u017c sk\u0142adany <strong>Emerson<\/strong> Sheepdog Bowie<\/p>\n<p>N\u00f3\u017c Emerson <strong>Sheepdog<\/strong> posiada czarn\u0105 r\u0119koje\u015b\u0107 G-10 oraz dwa rodzaje ostrzy: Spear Point i Bowie. Wyposa\u017cony jest w system obrotowy z \u0142o\u017cyskami kulkowymi, co pozwala na p\u0142ynne i szybkie rozk\u0142adanie. Ta cecha \u0142o\u017cysk kulkowych jest widoczna tylko w naszych no\u017cach Flipper. Sheepdog szybko sta\u0142 si\u0119 jednym z najwy\u017cej ocenianych i poszukiwanych no\u017cy <strong>firmy Emerson<\/strong> .<\/p>\n<p>\u015aredniej wielko\u015bci n\u00f3\u017c <strong>Sheepdog<\/strong> z kilkoma wa\u017cnymi funkcjami, kt\u00f3re s\u0105 zupe\u0142nie nowe dla <strong>Emerson Knives<\/strong> . Wiedz\u0105c, \u017ce ten n\u00f3\u017c jest specjalnie zaprojektowany do u\u017cytku policyjnego i wojskowego, te dwa style ostrzy s\u0105 najbardziej przydatne w przypadku no\u017ca u\u017cytkowego\/obronnego. Jeste\u015bmy bardzo zadowoleni z wynik\u00f3w i wiem, \u017ce Ty te\u017c b\u0119dziesz.<\/p>\n<p>Ten Sheepdog jest pierwszym no\u017cem firmy Emerson wyposa\u017conym w nowy system \u0142o\u017cysk. Podpu\u0142kownik David Grossman to ikona \u015bwiata militarnego i taktycznego. By\u0142y stra\u017cnik si\u0142 powietrznych i instruktor West Point jest wiod\u0105cym na \u015bwiecie autorytetem w dziedzinie skutk\u00f3w stresu i walki oraz ich wp\u0142ywu na jednostki w obliczu decyzji dotycz\u0105cych \u017cycia i \u015bmierci. Jest autorem dw\u00f3ch prze\u0142omowych ksi\u0105\u017cek \u201eO zabijaniu\u201d i \u201eO walce\u201d, kt\u00f3re obecnie s\u0105 uwa\u017cane za lektur\u0119 obowi\u0105zkow\u0105 dla ka\u017cdego, kto musi narazi\u0107 si\u0119 na niebezpiecze\u0144stwo.<\/p>\n<p>Nie trzeba dodawa\u0107, \u017ce poczu\u0142em si\u0119 zaszczycony i zaszczycony, gdy pu\u0142kownik Grossman zwr\u00f3ci\u0142 si\u0119 do mnie z pro\u015bb\u0105 o wykonanie oficjalnego \u201en\u00f3\u017ca i pistoletu dla psa pasterskiego\u201d dla niego i jego firmy.<\/p>\n<p>\u201eWa\u017cne jest, aby u\u017cytkownik m\u00f3g\u0142 otworzy\u0107 n\u00f3\u017c pod du\u017cym naciskiem, dlatego potrzebuj\u0119, aby n\u00f3\u017c mia\u0142 p\u0142etw\u0119. Dzi\u0119ki falowaniu, przyciskowi kciuka i flipperowi b\u0119dzie to najbardziej wszechstronny n\u00f3\u017c, jaki kiedykolwiek wyprodukowano, nawet w \u015brodowisku o du\u017cym nat\u0119\u017ceniu ruchu. Reszt\u0119 projektu pozostawi\u0119 tobie\u201d \u2013 powiedzia\u0142 mi.<\/p>\n<p>R\u0119koje\u015bci: Czarna \u017cywica epoksydowa G-10 \/ w\u0142\u00f3kno szklane<br \/>\nZamek: tytan<br \/>\nOstrze: 154 cm<br \/>\nWyko\u0144czenie: Stonewashed<br \/>\nD\u0142ugo\u015b\u0107 ca\u0142kowita: 21 cm<br \/>\nD\u0142ugo\u015b\u0107 ostrza: 9 cm<br \/>\nTwardo\u015b\u0107 57-59 RC<\/p>\n","protected":false},"excerpt":{"rendered":"<p><strong>NO\u017bE EMERSON S\u0104 POSZUKIWANE PRZEZ ELITE WOJSKOWE I ORGANY PRAWNE<\/strong><br \/>\n<strong>PRZEZ \u017bO\u0141NIERZY NA CA\u0141YM \u015aWIECIE I USTANOWI\u0141Y STANDARD, WED\u0141UG KT\u00d3REGO OCENIONE S\u0104 WSZYSTKIE INNE NO\u017bE TAKTYCZNE.<\/strong><\/p>\n<p>Bezp\u0142atny transport.<\/p>\n","protected":false},"featured_media":316320,"comment_status":"open","ping_status":"closed","template":"","meta":[],"pwb-brand":[3785],"product_brand":[],"product_cat":[3307,3296],"product_tag":[3671],"class_list":{"0":"post-316350","1":"product","2":"type-product","3":"status-publish","4":"has-post-thumbnail","6":"pwb-brand-emersona","7":"product_cat-zamykanie-nozy","8":"product_cat-noze-pl","9":"product_tag-b2b-pl","11":"first","12":"outofstock","13":"taxable","14":"shipping-taxable","15":"purchasable","16":"product-type-simple"},"brands":[{"id":3785,"name":"Emersona","slug":"emersona"}],"_links":{"self":[{"href":"https:\/\/www.moskito.cz\/pl\/wp-json\/wp\/v2\/product\/316350","targetHints":{"allow":["GET"]}}],"collection":[{"href":"https:\/\/www.moskito.cz\/pl\/wp-json\/wp\/v2\/product"}],"about":[{"href":"https:\/\/www.moskito.cz\/pl\/wp-json\/wp\/v2\/types\/product"}],"replies":[{"embeddable":true,"href":"https:\/\/www.moskito.cz\/pl\/wp-json\/wp\/v2\/comments?post=316350"}],"wp:featuredmedia":[{"embeddable":true,"href":"https:\/\/www.moskito.cz\/pl\/wp-json\/wp\/v2\/media\/316320"}],"wp:attachment":[{"href":"https:\/\/www.moskito.cz\/pl\/wp-json\/wp\/v2\/media?parent=316350"}],"wp:term":[{"taxonomy":"pwb-brand","embeddable":true,"href":"https:\/\/www.moskito.cz\/pl\/wp-json\/wp\/v2\/pwb-brand?post=316350"},{"taxonomy":"product_brand","embeddable":true,"href":"https:\/\/www.moskito.cz\/pl\/wp-json\/wp\/v2\/product_brand?post=316350"},{"taxonomy":"product_cat","embeddable":true,"href":"https:\/\/www.moskito.cz\/pl\/wp-json\/wp\/v2\/product_cat?post=316350"},{"taxonomy":"product_tag","embeddable":true,"href":"https:\/\/www.moskito.cz\/pl\/wp-json\/wp\/v2\/product_tag?post=316350"}],"curies":[{"name":"wp","href":"https:\/\/api.w.org\/{rel}","templated":true}]}}