{"id":316401,"date":"2023-03-28T20:02:17","date_gmt":"2023-03-28T19:02:17","guid":{"rendered":"https:\/\/www.moskito.cz\/produkt\/noz-zamykajacy-cold-steel-mini-recon-1-clip-pt-in-10a-stone-wash\/"},"modified":"2024-03-13T09:02:11","modified_gmt":"2024-03-13T08:02:11","slug":"noz-zamykajacy-cold-steel-mini-recon-1-clip-pt-in-10a-stone-wash","status":"publish","type":"product","link":"https:\/\/www.moskito.cz\/pl\/produkt\/noz-zamykajacy-cold-steel-mini-recon-1-clip-pt-in-10a-stone-wash\/","title":{"rendered":"N\u00f3\u017c zamykaj\u0105cy Cold Steel MINI RECON 1 CLIP PT IN 10A STONE WASH"},"content":{"rendered":"<p>N\u00f3\u017c zamykaj\u0105cy <strong>Cold Steel<\/strong> MINI RECON 1 CLIP PT IN 10A STONE WASH<\/p>\n<p><strong>Mini Recon<\/strong> \u2014 dost\u0119pny w 3 kszta\u0142tach ostrzy, klipsowym, tanto i spear point, znajdzie si\u0119 n\u00f3\u017c dla ka\u017cdego, a w tym roku jest on znacznie ta\u0144szy dzi\u0119ki zupe\u0142nie nowym formowanym wtryskowo uchwytom, kt\u00f3re obni\u017caj\u0105 koszty, ale maj\u0105 bardzo ma\u0142o wp\u0142yw na ich legendarn\u0105 reputacj\u0119 w zakresie si\u0142y i solidno\u015bci.\u201d \u2013 Lynn Thompson<\/p>\n<p>Recon 1 to jeden z najpopularniejszych taktycznych no\u017cy sk\u0142adanych firmy Cold Steel.<\/p>\n<p>Opis:<\/p>\n<p>Materia\u0142 ostrza: AUS-10A<br \/>\nMateria\u0142 r\u0119koje\u015bci: GRN<br \/>\nBezpiecze\u0144stwo: blokada Tri-Ad<br \/>\nD\u0142ugo\u015b\u0107 ostrza: 7,6 cm<br \/>\nD\u0142ugo\u015b\u0107 ca\u0142kowita: 17,8 cm<br \/>\nD\u0142ugo\u015b\u0107 z\u0142o\u017conego no\u017ca: 10,2 cm<br \/>\nGrubo\u015b\u0107 ostrza: 3 mm<br \/>\nWaga: 100 g<br \/>\nTyp ostrza: Clip Point<\/p>\n<p>&nbsp;<\/p>\n","protected":false},"excerpt":{"rendered":"<p><strong>N\u00f3\u017c zamykaj\u0105cy Mini Recon 1 Clip Point o g\u0142adkich kraw\u0119dziach to ma\u0142y i bardzo lekki n\u00f3\u017c zamykaj\u0105cy, kt\u00f3ry idealnie le\u017cy w d\u0142oni.<\/strong><\/p>\n","protected":false},"featured_media":316403,"comment_status":"open","ping_status":"closed","template":"","meta":[],"pwb-brand":[3596],"product_brand":[],"product_cat":[3307,3296],"product_tag":[3671],"class_list":{"0":"post-316401","1":"product","2":"type-product","3":"status-publish","4":"has-post-thumbnail","6":"pwb-brand-zimna-stal","7":"product_cat-zamykanie-nozy","8":"product_cat-noze-pl","9":"product_tag-b2b-pl","11":"first","12":"instock","13":"taxable","14":"shipping-taxable","15":"purchasable","16":"product-type-simple"},"brands":[{"id":3596,"name":"Zimna stal","slug":"zimna-stal"}],"_links":{"self":[{"href":"https:\/\/www.moskito.cz\/pl\/wp-json\/wp\/v2\/product\/316401","targetHints":{"allow":["GET"]}}],"collection":[{"href":"https:\/\/www.moskito.cz\/pl\/wp-json\/wp\/v2\/product"}],"about":[{"href":"https:\/\/www.moskito.cz\/pl\/wp-json\/wp\/v2\/types\/product"}],"replies":[{"embeddable":true,"href":"https:\/\/www.moskito.cz\/pl\/wp-json\/wp\/v2\/comments?post=316401"}],"wp:featuredmedia":[{"embeddable":true,"href":"https:\/\/www.moskito.cz\/pl\/wp-json\/wp\/v2\/media\/316403"}],"wp:attachment":[{"href":"https:\/\/www.moskito.cz\/pl\/wp-json\/wp\/v2\/media?parent=316401"}],"wp:term":[{"taxonomy":"pwb-brand","embeddable":true,"href":"https:\/\/www.moskito.cz\/pl\/wp-json\/wp\/v2\/pwb-brand?post=316401"},{"taxonomy":"product_brand","embeddable":true,"href":"https:\/\/www.moskito.cz\/pl\/wp-json\/wp\/v2\/product_brand?post=316401"},{"taxonomy":"product_cat","embeddable":true,"href":"https:\/\/www.moskito.cz\/pl\/wp-json\/wp\/v2\/product_cat?post=316401"},{"taxonomy":"product_tag","embeddable":true,"href":"https:\/\/www.moskito.cz\/pl\/wp-json\/wp\/v2\/product_tag?post=316401"}],"curies":[{"name":"wp","href":"https:\/\/api.w.org\/{rel}","templated":true}]}}