{"id":316475,"date":"2024-03-13T21:59:56","date_gmt":"2024-03-13T21:03:52","guid":{"rendered":"https:\/\/www.moskito.cz\/produkt\/noz-zamykany-emerson-stonewashed-a-100-sf\/"},"modified":"2025-05-07T11:03:55","modified_gmt":"2025-05-07T10:03:55","slug":"noz-zamykany-emerson-stonewashed-a-100-sf","status":"publish","type":"product","link":"https:\/\/www.moskito.cz\/pl\/produkt\/noz-zamykany-emerson-stonewashed-a-100-sf\/","title":{"rendered":"N\u00f3\u017c zamykany Emerson Stonewashed A-100 SF"},"content":{"rendered":"<p>N\u00f3\u017c zamykany <strong>Emerson<\/strong> Stonewashed A-100 SF<\/p>\n<p>Symetria, wdzi\u0119k, si\u0142a. W tych trzech s\u0142owach mo\u017cna idealnie opisa\u0107 Emerson A-100. Posiada proste i estetyczne proste ostrze z r\u00f3wnie prostym prostym uchwytem. Emerson A-100 jest niezb\u0119dny dla dziedzictwa Emersona. Jego pocz\u0105tki si\u0119gaj\u0105 czas\u00f3w poprzedzaj\u0105cych opatentowan\u0105 funkcj\u0119 Wave. Czy nie przyt\u0142aczaj\u0105 Ci\u0119 dzisiejsze krzykliwe i najnowocze\u015bniejsze no\u017ce? C\u00f3\u017c, \u0142atwiej nie jest. Wystarczy tradycja i elegancja. Sam zobacz.<\/p>\n<p>Zanim Ernest Emerson wkroczy\u0142 na scen\u0119 taktyczn\u0105, produkowa\u0142 ju\u017c projekt A-100. N\u00f3\u017c ten sta\u0142 si\u0119 archetypem, z kt\u00f3rego wyewoluowa\u0142y wszystkie inne jego projekty. Jest to prawdziwy \u201eojciec\u201d wszystkich projekt\u00f3w taktycznych firmy Emerson. W rzeczywisto\u015bci mo\u017ce to by\u0107 \u201edziadek\u201d wszystkich dost\u0119pnych obecnie konstrukcji no\u017cy taktycznych. To proste, dzia\u0142a i nigdy si\u0119 nie poddaje. Jest ma\u0142y i prosty, co sprawia, \u017ce \u200b\u200b\u015bwietnie si\u0119 nosi i jest \u0142atwy w noszeniu na co dzie\u0144.<\/p>\n<p>Dane techniczne<br \/>\nD\u0142ugo\u015b\u0107 ostrza: 9 cm<br \/>\nD\u0142ugo\u015b\u0107 po zamkni\u0119ciu: 12 cm<br \/>\nD\u0142ugo\u015b\u0107 ca\u0142kowita: 21 cm<br \/>\nMateria\u0142 ostrza: stal nierdzewna 154CM<br \/>\nTwardo\u015b\u0107 ostrza: 57-59HRC<br \/>\nStyl ostrza: Szpic w\u0142\u00f3czni<br \/>\nSzlifowanie ostrza: konwencjonalne V<br \/>\nObr\u00f3bka powierzchni ostrza: Stonewash<br \/>\nMateria\u0142 r\u0119koje\u015bci: czarny G10<br \/>\nMateria\u0142 wk\u0142adki: tytan klasy lotniczej<br \/>\nMechanizm blokuj\u0105cy: Wk\u0142adka<br \/>\nZesp\u00f3\u0142 sworznia: podk\u0142adki<br \/>\nKieszonkowy klips: sk\u0142adany, do noszenia w prawej r\u0119ce<br \/>\nProjektant: Ernest Emerson<br \/>\nWykonane w USA<\/p>\n","protected":false},"excerpt":{"rendered":"<p><strong>NO\u017bE EMERSON S\u0104 POSZUKIWANE PRZEZ ELITE WOJSKOWE I ORGANY PRAWNE<\/strong><br \/>\n<strong>PRZEZ \u017bO\u0141NIERZY NA CA\u0141YM \u015aWIECIE I USTANOWI\u0141Y STANDARD, WED\u0141UG KT\u00d3REGO OCENIONE S\u0104 WSZYSTKIE INNE NO\u017bE TAKTYCZNE.<\/strong><\/p>\n<p>Bezp\u0142atny transport.<\/p>\n","protected":false},"featured_media":316446,"comment_status":"open","ping_status":"closed","template":"","meta":[],"pwb-brand":[3785],"product_brand":[],"product_cat":[3296,3307],"product_tag":[3671],"class_list":{"0":"post-316475","1":"product","2":"type-product","3":"status-publish","4":"has-post-thumbnail","6":"pwb-brand-emersona","7":"product_cat-noze-pl","8":"product_cat-zamykanie-nozy","9":"product_tag-b2b-pl","11":"first","12":"outofstock","13":"taxable","14":"shipping-taxable","15":"purchasable","16":"product-type-simple"},"brands":[{"id":3785,"name":"Emersona","slug":"emersona"}],"_links":{"self":[{"href":"https:\/\/www.moskito.cz\/pl\/wp-json\/wp\/v2\/product\/316475","targetHints":{"allow":["GET"]}}],"collection":[{"href":"https:\/\/www.moskito.cz\/pl\/wp-json\/wp\/v2\/product"}],"about":[{"href":"https:\/\/www.moskito.cz\/pl\/wp-json\/wp\/v2\/types\/product"}],"replies":[{"embeddable":true,"href":"https:\/\/www.moskito.cz\/pl\/wp-json\/wp\/v2\/comments?post=316475"}],"wp:featuredmedia":[{"embeddable":true,"href":"https:\/\/www.moskito.cz\/pl\/wp-json\/wp\/v2\/media\/316446"}],"wp:attachment":[{"href":"https:\/\/www.moskito.cz\/pl\/wp-json\/wp\/v2\/media?parent=316475"}],"wp:term":[{"taxonomy":"pwb-brand","embeddable":true,"href":"https:\/\/www.moskito.cz\/pl\/wp-json\/wp\/v2\/pwb-brand?post=316475"},{"taxonomy":"product_brand","embeddable":true,"href":"https:\/\/www.moskito.cz\/pl\/wp-json\/wp\/v2\/product_brand?post=316475"},{"taxonomy":"product_cat","embeddable":true,"href":"https:\/\/www.moskito.cz\/pl\/wp-json\/wp\/v2\/product_cat?post=316475"},{"taxonomy":"product_tag","embeddable":true,"href":"https:\/\/www.moskito.cz\/pl\/wp-json\/wp\/v2\/product_tag?post=316475"}],"curies":[{"name":"wp","href":"https:\/\/api.w.org\/{rel}","templated":true}]}}