{"id":316527,"date":"2024-03-13T22:19:54","date_gmt":"2024-03-13T21:22:53","guid":{"rendered":"https:\/\/www.moskito.cz\/produkt\/noz-skladany-emerson-super-karambit-stonewash-sf\/"},"modified":"2025-05-07T11:03:57","modified_gmt":"2025-05-07T10:03:57","slug":"noz-skladany-emerson-super-karambit-stonewash-sf","status":"publish","type":"product","link":"https:\/\/www.moskito.cz\/pl\/produkt\/noz-skladany-emerson-super-karambit-stonewash-sf\/","title":{"rendered":"N\u00f3\u017c sk\u0142adany Emerson Super Karambit Stonewash SF"},"content":{"rendered":"<p>N\u00f3\u017c sk\u0142adany <strong>Emerson<\/strong> Super Karambit Stonewash SF<\/p>\n<p>Emerson Super Karambit jest wyposa\u017cony w opatentowan\u0105 funkcj\u0119 otwierania w kszta\u0142cie fali lub zdalne otwieranie kieszeni. W sytuacji awaryjnej lub wypadku n\u00f3\u017c mo\u017cna otworzy\u0107 jedn\u0105 r\u0119k\u0105 wyci\u0105gaj\u0105c go z kieszeni. N\u00f3\u017c posiada doskona\u0142\u0105 wzmocnion\u0105 konstrukcj\u0119 ko\u0144c\u00f3wki, kt\u00f3ra \u201eunosi\u201d ko\u0144c\u00f3wk\u0119 i zapobiega uszkodzeniu bardzo cienkiej ko\u0144c\u00f3wki tak jak w poprzednich modelach. Po drugie, firma Emerson zacz\u0119\u0142a u\u017cywa\u0107 gwintowanych podk\u0142adek zamiast solidnej podk\u0142adki dystansowej, jak w modelach poprzedniej generacji. Zwi\u0119kszy\u0142o to sztywno\u015b\u0107 r\u0119koje\u015bci, szczeg\u00f3lnie w obszarze pier\u015bcienia. Obie te zmiany znacznie poprawi\u0142y og\u00f3ln\u0105 konstrukcj\u0119 i funkcjonalno\u015b\u0107 no\u017ca.<\/p>\n<p>Materia\u0142y:<br \/>\nR\u0119koje\u015bci: Czarna \u017cywica epoksydowa G10 \/ w\u0142\u00f3kno szklane<br \/>\nZamek: tytan klasy lotniczej<br \/>\nOstrze: stal nierdzewna 154CM<br \/>\nWyko\u0144czenie powierzchni: Stonewash<br \/>\nSzlifowanie: szlifowanie d\u0142utowe<\/p>\n<p>Dane techniczne:<br \/>\nD\u0142ugo\u015b\u0107 ca\u0142kowita: 21 cm<br \/>\nD\u0142ugo\u015b\u0107 ostrza: 8,5 cm<br \/>\nTwardo\u015b\u0107: 57-59 RC<br \/>\nOtw\u00f3r na palec: 0,94 cala<br \/>\nWaga: 5,5 uncji<br \/>\nWykonane w USA<\/p>\n<p>&nbsp;<\/p>\n","protected":false},"excerpt":{"rendered":"<p><strong>NO\u017bE EMERSON S\u0104 POSZUKIWANE PRZEZ ELITE WOJSKOWE I ORGANY PRAWNE<\/strong><br \/>\n<strong>PRZEZ \u017bO\u0141NIERZY NA CA\u0141YM \u015aWIECIE I USTANOWI\u0141Y STANDARD, WED\u0141UG KT\u00d3REGO OCENIONE S\u0104 WSZYSTKIE INNE NO\u017bE TAKTYCZNE.<\/strong><\/p>\n<p>Bezp\u0142atny transport.<\/p>\n","protected":false},"featured_media":316486,"comment_status":"open","ping_status":"closed","template":"","meta":[],"pwb-brand":[3785],"product_brand":[],"product_cat":[3359,3296],"product_tag":[3671],"class_list":{"0":"post-316527","1":"product","2":"type-product","3":"status-publish","4":"has-post-thumbnail","6":"pwb-brand-emersona","7":"product_cat-karambity-pl","8":"product_cat-noze-pl","9":"product_tag-b2b-pl","11":"first","12":"instock","13":"taxable","14":"shipping-taxable","15":"purchasable","16":"product-type-simple"},"brands":[{"id":3785,"name":"Emersona","slug":"emersona"}],"_links":{"self":[{"href":"https:\/\/www.moskito.cz\/pl\/wp-json\/wp\/v2\/product\/316527","targetHints":{"allow":["GET"]}}],"collection":[{"href":"https:\/\/www.moskito.cz\/pl\/wp-json\/wp\/v2\/product"}],"about":[{"href":"https:\/\/www.moskito.cz\/pl\/wp-json\/wp\/v2\/types\/product"}],"replies":[{"embeddable":true,"href":"https:\/\/www.moskito.cz\/pl\/wp-json\/wp\/v2\/comments?post=316527"}],"wp:featuredmedia":[{"embeddable":true,"href":"https:\/\/www.moskito.cz\/pl\/wp-json\/wp\/v2\/media\/316486"}],"wp:attachment":[{"href":"https:\/\/www.moskito.cz\/pl\/wp-json\/wp\/v2\/media?parent=316527"}],"wp:term":[{"taxonomy":"pwb-brand","embeddable":true,"href":"https:\/\/www.moskito.cz\/pl\/wp-json\/wp\/v2\/pwb-brand?post=316527"},{"taxonomy":"product_brand","embeddable":true,"href":"https:\/\/www.moskito.cz\/pl\/wp-json\/wp\/v2\/product_brand?post=316527"},{"taxonomy":"product_cat","embeddable":true,"href":"https:\/\/www.moskito.cz\/pl\/wp-json\/wp\/v2\/product_cat?post=316527"},{"taxonomy":"product_tag","embeddable":true,"href":"https:\/\/www.moskito.cz\/pl\/wp-json\/wp\/v2\/product_tag?post=316527"}],"curies":[{"name":"wp","href":"https:\/\/api.w.org\/{rel}","templated":true}]}}