{"id":316740,"date":"2024-03-14T20:27:19","date_gmt":"2024-03-14T19:29:59","guid":{"rendered":"https:\/\/www.moskito.cz\/produkt\/noz-strzelecki-microtech-signature-series-makora-carbon-206-1tcfis\/"},"modified":"2025-05-07T11:04:01","modified_gmt":"2025-05-07T10:04:01","slug":"noz-strzelecki-microtech-signature-series-makora-carbon-206-1tcfis","status":"publish","type":"product","link":"https:\/\/www.moskito.cz\/pl\/produkt\/noz-strzelecki-microtech-signature-series-makora-carbon-206-1tcfis\/","title":{"rendered":"N\u00f3\u017c strzelecki Microtech Signature Series Makora Carbon 206-1TCFIS"},"content":{"rendered":"<p>N\u00f3\u017c strzelecki <strong>Microtech<\/strong> Signature Series Makora Carbon 206-1TCFIS<\/p>\n<p>Koncepcja Makory ewoluowa\u0142a od s\u0142ynnego projektu Microtech Ultratech . Zosta\u0142o to sprawdzone w praktyce i sprawdzone od kilku lat. Ten projekt zawiera wiele funkcji, o kt\u00f3re prosili i okre\u015blili u\u017cytkownicy, kt\u00f3rzy wol\u0105 to wysoce skuteczne narz\u0119dzie od innych. Spr\u0119\u017cyna Makora pozostaje przez ca\u0142y czas w pozycji \u201espoczynkowej\u201d, z wyj\u0105tkiem sytuacji, gdy jest wysuni\u0119ta. Brak zm\u0119czenia \u015bci\u015bni\u0119tej spr\u0119\u017cyny, gdy n\u00f3\u017c nie jest u\u017cywany, daje to u\u017cytkownikom pewno\u015b\u0107, \u017ce po naci\u015bni\u0119ciu przycisku zwalniaj\u0105cego n\u00f3\u017c b\u0119dzie dzia\u0142a\u0142. Inne funkcje obejmuj\u0105 szybkie i wydajne otwieranie i zamykanie jedn\u0105 r\u0119k\u0105, wysokiej jako\u015bci ostrze ze stali, dwustronny klips do kieszeni i \u015bruby odporne na manipulacje.<\/p>\n<p>Dane techniczne<br \/>\nD\u0142ugo\u015b\u0107 ostrza: 8,25 cm<br \/>\nKraw\u0119d\u017a tn\u0105ca: 7,81 cm<br \/>\nD\u0142ugo\u015b\u0107 po zamkni\u0119ciu: 12,81 cm<br \/>\nD\u0142ugo\u015b\u0107 ca\u0142kowita: 21,3 cm<br \/>\nStal: M390<br \/>\nStal: M390<br \/>\nStyl ostrza: sztylet o podw\u00f3jnym ostrzu<br \/>\nSzlif ostrza: p\u0142aski<br \/>\nWyko\u0144czenie ostrza: czarne<br \/>\nMateria\u0142 r\u0119koje\u015bci: czarne aluminium lotnicze ze wstawkami z w\u0142\u00f3kna w\u0119glowego<br \/>\nGrubo\u015b\u0107 r\u0119koje\u015bci: 0,552&#8243;<br \/>\nMechanizm blokuj\u0105cy: przesuwny<br \/>\nKieszonkowy klips: Tytan (sk\u0142adany, noszony w prawo\/lewo)<br \/>\nWaga: 3,32 uncji<br \/>\nProjektant: Tony Marfione<br \/>\nWewn\u0119trzny nikiel i bor<br \/>\nWykonane w USA<\/p>\n<p><iframe title=\"Microtech Combat Troodon Torture Test\" width=\"800\" height=\"450\" src=\"https:\/\/www.youtube.com\/embed\/xE9TeOFYEjg?feature=oembed\" frameborder=\"0\" allow=\"accelerometer; autoplay; clipboard-write; encrypted-media; gyroscope; picture-in-picture; web-share\" allowfullscreen><\/iframe><\/p>\n<p>&nbsp;<\/p>\n","protected":false},"excerpt":{"rendered":"<p><strong>Przez lata Microtech\u00ae Knives wype\u0142nia\u0142 no\u017ce pasj\u0105 i umiej\u0119tno\u015bciami, aby tworzy\u0107 niemal dzie\u0142a sztuki, kt\u00f3re s\u0105 szczytem funkcjonalno\u015bci.Wszystkie cz\u0119\u015bci s\u0105 produkowane w USA.<\/strong><br \/>\n<strong>Wszystkie no\u017ce Microtech obj\u0119te s\u0105 do\u017cywotni\u0105 gwarancj\u0105 (min. 80 000 cykli, otwieranie i zamykanie)<\/strong><\/p>\n<p><strong>Bezp\u0142atny transport.<\/strong><\/p>\n","protected":false},"featured_media":316696,"comment_status":"open","ping_status":"closed","template":"","meta":[],"pwb-brand":[3279],"product_brand":[],"product_cat":[3296,3344],"product_tag":[3671],"class_list":{"0":"post-316740","1":"product","2":"type-product","3":"status-publish","4":"has-post-thumbnail","6":"pwb-brand-microtech-pl","7":"product_cat-noze-pl","8":"product_cat-noze-strzeleckie","9":"product_tag-b2b-pl","11":"first","12":"instock","13":"taxable","14":"shipping-taxable","15":"purchasable","16":"product-type-simple"},"brands":[{"id":3279,"name":"Microtech","slug":"microtech-pl"}],"_links":{"self":[{"href":"https:\/\/www.moskito.cz\/pl\/wp-json\/wp\/v2\/product\/316740","targetHints":{"allow":["GET"]}}],"collection":[{"href":"https:\/\/www.moskito.cz\/pl\/wp-json\/wp\/v2\/product"}],"about":[{"href":"https:\/\/www.moskito.cz\/pl\/wp-json\/wp\/v2\/types\/product"}],"replies":[{"embeddable":true,"href":"https:\/\/www.moskito.cz\/pl\/wp-json\/wp\/v2\/comments?post=316740"}],"wp:featuredmedia":[{"embeddable":true,"href":"https:\/\/www.moskito.cz\/pl\/wp-json\/wp\/v2\/media\/316696"}],"wp:attachment":[{"href":"https:\/\/www.moskito.cz\/pl\/wp-json\/wp\/v2\/media?parent=316740"}],"wp:term":[{"taxonomy":"pwb-brand","embeddable":true,"href":"https:\/\/www.moskito.cz\/pl\/wp-json\/wp\/v2\/pwb-brand?post=316740"},{"taxonomy":"product_brand","embeddable":true,"href":"https:\/\/www.moskito.cz\/pl\/wp-json\/wp\/v2\/product_brand?post=316740"},{"taxonomy":"product_cat","embeddable":true,"href":"https:\/\/www.moskito.cz\/pl\/wp-json\/wp\/v2\/product_cat?post=316740"},{"taxonomy":"product_tag","embeddable":true,"href":"https:\/\/www.moskito.cz\/pl\/wp-json\/wp\/v2\/product_tag?post=316740"}],"curies":[{"name":"wp","href":"https:\/\/api.w.org\/{rel}","templated":true}]}}