{"id":316829,"date":"2024-03-14T21:14:26","date_gmt":"2024-03-14T20:16:55","guid":{"rendered":"https:\/\/www.moskito.cz\/produkt\/noz-strzelecki-microtech-combat-troodon-shadow-signature-series-142-3ct-dsh\/"},"modified":"2025-05-07T11:04:04","modified_gmt":"2025-05-07T10:04:04","slug":"noz-strzelecki-microtech-combat-troodon-shadow-signature-series-142-3ct-dsh","status":"publish","type":"product","link":"https:\/\/www.moskito.cz\/pl\/produkt\/noz-strzelecki-microtech-combat-troodon-shadow-signature-series-142-3ct-dsh\/","title":{"rendered":"N\u00f3\u017c strzelecki Microtech Combat Troodon Shadow Signature Series 142-3CT-DSH"},"content":{"rendered":"<p>N\u00f3\u017c strzelecki <strong>Microtech<\/strong> Combat Troodon Shadow Signature Series 142-3CT-DSH<\/p>\n<p>Najwi\u0119ksza produkcja no\u017cy Microtech N\u00f3\u017c OTF nosi imi\u0119 dinozaura Troodon. Combat Troodon to naprawd\u0119 du\u017ca wersja popularnego Troodona. Pomimo swoich rozmiar\u00f3w r\u0119koje\u015b\u0107 jest smuk\u0142a i wygodna. Akcja jest oczywi\u015bcie doskona\u0142a Microtech, jak mo\u017cna si\u0119 spodziewa\u0107. Du\u017cy i z\u0142y!<\/p>\n<p>Ten limitowany model sygnowanej przez <strong>Shadow<\/strong> serii Delta Frag ma kilka g\u0142\u00f3wnych ulepsze\u0144. Anodowana aluminiowa obudowa z czarn\u0105 tekstur\u0105 umo\u017cliwia przep\u0142yw wody, brudu i zanieczyszcze\u0144 przez r\u0119koje\u015b\u0107. Ostrze sztyletu ze stali nierdzewnej M390 o podw\u00f3jnych kraw\u0119dziach z czarnym wyko\u0144czeniem DLC z pe\u0142nymi z\u0105bkami po jednej stronie. Osprz\u0119t i element do t\u0142uczenia szk\u0142a wyko\u0144czony czarnym DLC. Nale\u017cy pami\u0119ta\u0107, \u017ce maj\u0105 one standardowe okucia typu Torx, dzi\u0119ki czemu mo\u017cna je konserwowa\u0107 bez specjalnych narz\u0119dzi. Elementy wewn\u0119trzne pokryte niklem i borem zapewniaj\u0105 g\u0142adszy i korozyjny efekt. Klips kieszeniowy ma g\u0142\u0119boko wygrawerowany numer seryjny, dat\u0119 produkcji, logo Claw i logo serii sygnowanej.<\/p>\n<p>Kraj pochodzenia: USA<br \/>\nMateria\u0142 r\u0119koje\u015bci: aluminium<br \/>\nMateria\u0142 ostrza: M390<br \/>\nStyl ostrza: Sztylet obosieczny<br \/>\nObr\u00f3bka powierzchni ostrza: DLC<br \/>\nTyp kraw\u0119dzi: w pe\u0142ni z\u0105bkowany<br \/>\nModel\/wz\u00f3r: Battle Troodon<br \/>\nTyp no\u017ca: Automatyczny OTF o podw\u00f3jnym dzia\u0142aniu<br \/>\nTyp zamka: Prz\u00f3d<br \/>\nD\u0142ugo\u015b\u0107 po otwarciu: 23 cm<br \/>\nD\u0142ugo\u015b\u0107 po zamkni\u0119ciu: 13 cm<\/p>\n<p><iframe title=\"Microtech Combat Troodon Torture Test\" width=\"800\" height=\"450\" src=\"https:\/\/www.youtube.com\/embed\/xE9TeOFYEjg?feature=oembed\" frameborder=\"0\" allow=\"accelerometer; autoplay; clipboard-write; encrypted-media; gyroscope; picture-in-picture; web-share\" allowfullscreen><\/iframe><\/p>\n<p>&nbsp;<\/p>\n<p>&nbsp;<\/p>\n","protected":false},"excerpt":{"rendered":"<p><strong>Przez lata Microtech\u00ae Knives wype\u0142nia\u0142 no\u017ce pasj\u0105 i umiej\u0119tno\u015bciami, aby tworzy\u0107 niemal dzie\u0142a sztuki, kt\u00f3re s\u0105 szczytem funkcjonalno\u015bci.Wszystkie cz\u0119\u015bci s\u0105 produkowane w USA.<\/strong><br \/>\n<strong>Wszystkie no\u017ce Microtech obj\u0119te s\u0105 do\u017cywotni\u0105 gwarancj\u0105.<\/strong><\/p>\n<p><strong>Bezp\u0142atny transport.<\/strong><\/p>\n","protected":false},"featured_media":316814,"comment_status":"open","ping_status":"closed","template":"","meta":[],"pwb-brand":[3279],"product_brand":[],"product_cat":[3296,3344],"product_tag":[3671],"class_list":{"0":"post-316829","1":"product","2":"type-product","3":"status-publish","4":"has-post-thumbnail","6":"pwb-brand-microtech-pl","7":"product_cat-noze-pl","8":"product_cat-noze-strzeleckie","9":"product_tag-b2b-pl","11":"first","12":"instock","13":"taxable","14":"shipping-taxable","15":"purchasable","16":"product-type-simple"},"brands":[{"id":3279,"name":"Microtech","slug":"microtech-pl"}],"_links":{"self":[{"href":"https:\/\/www.moskito.cz\/pl\/wp-json\/wp\/v2\/product\/316829","targetHints":{"allow":["GET"]}}],"collection":[{"href":"https:\/\/www.moskito.cz\/pl\/wp-json\/wp\/v2\/product"}],"about":[{"href":"https:\/\/www.moskito.cz\/pl\/wp-json\/wp\/v2\/types\/product"}],"replies":[{"embeddable":true,"href":"https:\/\/www.moskito.cz\/pl\/wp-json\/wp\/v2\/comments?post=316829"}],"wp:featuredmedia":[{"embeddable":true,"href":"https:\/\/www.moskito.cz\/pl\/wp-json\/wp\/v2\/media\/316814"}],"wp:attachment":[{"href":"https:\/\/www.moskito.cz\/pl\/wp-json\/wp\/v2\/media?parent=316829"}],"wp:term":[{"taxonomy":"pwb-brand","embeddable":true,"href":"https:\/\/www.moskito.cz\/pl\/wp-json\/wp\/v2\/pwb-brand?post=316829"},{"taxonomy":"product_brand","embeddable":true,"href":"https:\/\/www.moskito.cz\/pl\/wp-json\/wp\/v2\/product_brand?post=316829"},{"taxonomy":"product_cat","embeddable":true,"href":"https:\/\/www.moskito.cz\/pl\/wp-json\/wp\/v2\/product_cat?post=316829"},{"taxonomy":"product_tag","embeddable":true,"href":"https:\/\/www.moskito.cz\/pl\/wp-json\/wp\/v2\/product_tag?post=316829"}],"curies":[{"name":"wp","href":"https:\/\/api.w.org\/{rel}","templated":true}]}}