{"id":316908,"date":"2024-03-14T21:58:02","date_gmt":"2024-03-14T21:02:32","guid":{"rendered":"https:\/\/www.moskito.cz\/produkt\/noz-strzelecki-microtech-makora-carbon-signature-series-206-3tcfis\/"},"modified":"2025-05-07T11:04:07","modified_gmt":"2025-05-07T10:04:07","slug":"noz-strzelecki-microtech-makora-carbon-signature-series-206-3tcfis","status":"publish","type":"product","link":"https:\/\/www.moskito.cz\/pl\/produkt\/noz-strzelecki-microtech-makora-carbon-signature-series-206-3tcfis\/","title":{"rendered":"N\u00f3\u017c strzelecki Microtech Makora Carbon Signature Series 206-3TCFIS"},"content":{"rendered":"<p>N\u00f3\u017c strzelecki <strong>Microtech<\/strong> Makora Carbon Signature Series 206-3TCFIS<\/p>\n<p><strong>Makora<\/strong> Refresh to projekt, kt\u00f3ry pierwotnie wyewoluowa\u0142 z projektu Ultratech. Ma og\u00f3lny kszta\u0142t Ultratech z dodatkiem daszka na g\u00f3rze r\u0119koje\u015bci i zalet\u0105 wk\u0142adki chwytnej. Inne ulepszenia w nowej gamie Makora obejmuj\u0105 rowki u podstawy ostrza, otwory w dolnej cz\u0119\u015bci obudowy i elementy wewn\u0119trzne pokryte niklem i borem. Te ulepszenia sprawiaj\u0105, \u017ce dzia\u0142anie jest niezwykle p\u0142ynne i niezawodne, a tak\u017ce u\u0142atwiaj\u0105 konserwacj\u0119.<\/p>\n<p>Ten charakterystyczny model produkcyjny ma czarny taktyczny uchwyt z anodyzowanego aluminium z wk\u0142adk\u0105 z w\u0142\u00f3kna w\u0119glowego. Czarne, dwuostrzowe ostrze taktyczne ze stali nierdzewnej M390. Czarny design i czarny klips kieszeniowy z charakterystyczn\u0105 seri\u0105 i logo Makora. Na klipsie kieszonkowym znajduj\u0105 si\u0119 tak\u017ce informacje o modelu, numer seryjny i data produkcji. Wewn\u0119trzny nikiel-bor. Model z serii Signature nie zawiedzie!<\/p>\n<p>Kraj pochodzenia: USA<br \/>\nMateria\u0142 r\u0119koje\u015bci: aluminium<br \/>\nMateria\u0142 ostrza: M390<br \/>\nStyl ostrza: Sztylet obosieczny<br \/>\nWyko\u0144czenie ostrza: czarne<br \/>\nTyp kraw\u0119dzi: w pe\u0142ni z\u0105bkowany<br \/>\nModel\/wz\u00f3r: Makora<br \/>\nTyp no\u017ca: Automatyczny OTF o podw\u00f3jnym dzia\u0142aniu<br \/>\nD\u0142ugo\u015b\u0107 ostrza: 8,25 cm<br \/>\nKraw\u0119d\u017a tn\u0105ca: 7,81 cm<br \/>\nD\u0142ugo\u015b\u0107 po zamkni\u0119ciu: 12,81 cm<br \/>\nD\u0142ugo\u015b\u0107 ca\u0142kowita: 21,3 cm<\/p>\n<p><iframe title=\"Microtech Combat Troodon Torture Test\" width=\"800\" height=\"450\" src=\"https:\/\/www.youtube.com\/embed\/xE9TeOFYEjg?feature=oembed\" frameborder=\"0\" allow=\"accelerometer; autoplay; clipboard-write; encrypted-media; gyroscope; picture-in-picture; web-share\" allowfullscreen><\/iframe><\/p>\n<p>&nbsp;<\/p>\n<p>&nbsp;<\/p>\n","protected":false},"excerpt":{"rendered":"<p><strong>Przez lata Microtech\u00ae Knives wype\u0142nia\u0142 no\u017ce pasj\u0105 i umiej\u0119tno\u015bciami, aby tworzy\u0107 niemal dzie\u0142a sztuki, kt\u00f3re s\u0105 szczytem funkcjonalno\u015bci.Wszystkie cz\u0119\u015bci s\u0105 produkowane w USA.<\/strong><br \/>\n<strong>Wszystkie no\u017ce Microtech obj\u0119te s\u0105 do\u017cywotni\u0105 gwarancj\u0105 (min. 80 000 cykli, otwieranie i zamykanie)<\/strong><\/p>\n<p><strong>Bezp\u0142atny transport.<\/strong><\/p>\n","protected":false},"featured_media":316894,"comment_status":"open","ping_status":"closed","template":"","meta":[],"pwb-brand":[3279],"product_brand":[],"product_cat":[3296,3344],"product_tag":[3671],"class_list":{"0":"post-316908","1":"product","2":"type-product","3":"status-publish","4":"has-post-thumbnail","6":"pwb-brand-microtech-pl","7":"product_cat-noze-pl","8":"product_cat-noze-strzeleckie","9":"product_tag-b2b-pl","11":"first","12":"instock","13":"taxable","14":"shipping-taxable","15":"purchasable","16":"product-type-simple"},"brands":[{"id":3279,"name":"Microtech","slug":"microtech-pl"}],"_links":{"self":[{"href":"https:\/\/www.moskito.cz\/pl\/wp-json\/wp\/v2\/product\/316908","targetHints":{"allow":["GET"]}}],"collection":[{"href":"https:\/\/www.moskito.cz\/pl\/wp-json\/wp\/v2\/product"}],"about":[{"href":"https:\/\/www.moskito.cz\/pl\/wp-json\/wp\/v2\/types\/product"}],"replies":[{"embeddable":true,"href":"https:\/\/www.moskito.cz\/pl\/wp-json\/wp\/v2\/comments?post=316908"}],"wp:featuredmedia":[{"embeddable":true,"href":"https:\/\/www.moskito.cz\/pl\/wp-json\/wp\/v2\/media\/316894"}],"wp:attachment":[{"href":"https:\/\/www.moskito.cz\/pl\/wp-json\/wp\/v2\/media?parent=316908"}],"wp:term":[{"taxonomy":"pwb-brand","embeddable":true,"href":"https:\/\/www.moskito.cz\/pl\/wp-json\/wp\/v2\/pwb-brand?post=316908"},{"taxonomy":"product_brand","embeddable":true,"href":"https:\/\/www.moskito.cz\/pl\/wp-json\/wp\/v2\/product_brand?post=316908"},{"taxonomy":"product_cat","embeddable":true,"href":"https:\/\/www.moskito.cz\/pl\/wp-json\/wp\/v2\/product_cat?post=316908"},{"taxonomy":"product_tag","embeddable":true,"href":"https:\/\/www.moskito.cz\/pl\/wp-json\/wp\/v2\/product_tag?post=316908"}],"curies":[{"name":"wp","href":"https:\/\/api.w.org\/{rel}","templated":true}]}}