{"id":318004,"date":"2023-07-02T21:17:18","date_gmt":"2024-03-15T08:02:24","guid":{"rendered":"https:\/\/www.moskito.cz\/produkt\/noz-skladany-spyderco-lil-native-wharncliffe-compression-c230gpwc\/"},"modified":"2025-05-07T11:04:42","modified_gmt":"2025-05-07T10:04:42","slug":"noz-skladany-spyderco-lil-native-wharncliffe-compression-c230gpwc","status":"publish","type":"product","link":"https:\/\/www.moskito.cz\/pl\/produkt\/noz-skladany-spyderco-lil-native-wharncliffe-compression-c230gpwc\/","title":{"rendered":"N\u00f3\u017c sk\u0142adany Spyderco Lil&#8217; Native Wharncliffe Compression C230GPWC"},"content":{"rendered":"<p>N\u00f3\u017c sk\u0142adany <strong>Spyderco<\/strong> Lil&#8217; Native Wharncliffe Compression C230GPWC<\/p>\n<p><strong>Spyderco<\/strong> ma d\u0142ug\u0105 i dumn\u0105 tradycj\u0119 wytwarzania \u201ema\u0142ych, du\u017cych no\u017cy\u201d \u2013 kompaktowych, \u0142atwych do przenoszenia no\u017cy sk\u0142adanych, kt\u00f3re tn\u0105 z moc\u0105 znacznie przekraczaj\u0105c\u0105 ich rozmiar. Niekt\u00f3re z ich wczesnych projekt\u00f3w, takie jak Executive i Co-Pilot, by\u0142y pionierami tej koncepcji, ale klasyczny obecnie Dragonfly pom\u00f3g\u0142 j\u0105 udoskonali\u0107, wprowadzaj\u0105c palec wskazuj\u0105cy 50\/50 \u2013 sekret sprawiaj\u0105cy, \u017ce ma\u0142y n\u00f3\u017c wygodnie mie\u015bci\u0142 si\u0119 w d\u0142oni ka\u017cdego. rozmiary.<\/p>\n<p>Przez lata dodali\u015bmy r\u00f3\u017cne inne modele do rodziny \u201ema\u0142ych, wielkich no\u017cy\u201d, ale niewiele z nich zyska\u0142o tak oddanych fan\u00f3w jak Lil&#8217; Native. Zainspirowany ekspresj\u0105 pi\u0105tej generacji kultowego Native, Lil&#8217; Native \u0142\u0105czy wszystkie cechy i zalety tego sprawdzonego projektu w ultrakompaktowym, niesamowicie wydajnym narz\u0119dziu tn\u0105cym. Wszystkie te cechy zapewnia tak\u017ce w elegancko wyrafinowanej formie, co czyni go idealnym kandydatem do m\u0119skiego teczki lub do noszenia w p\u0142ytkiej kieszeni damskiej.<\/p>\n<p>Wprowadzony w 2017 roku zamek Lil&#8217; Native by\u0142 pierwotnie dost\u0119pny z dwiema r\u00f3\u017cnymi opcjami zamka do wyboru: zamkiem tylnym, podobnie jak jego poprzednik, oraz popularnym zamkiem kompresyjnym Spyderco. Wersja Backlock posiada r\u0119koje\u015b\u0107 bez podk\u0142adki wykonan\u0105 z podzia\u0142ki G10 z odrywan\u0105 pow\u0142ok\u0105, tylny ogranicznik ze stali nierdzewnej oraz szeroki, czteropozycyjny klips kieszeniowy z otworem na smycz.<\/p>\n<p>Zamek kompresyjny Lil Native opiera si\u0119 na wk\u0142adkach ze stali nierdzewnej osadzonych w odrywanych skalach r\u0119koje\u015bci G10, kt\u00f3re stanowi\u0105 podstaw\u0119 mechanizmu blokuj\u0105cego no\u017ca. Ten charakterystyczny zamek Spyderco pozwala bezpiecznie zamkn\u0105\u0107 n\u00f3\u017c jedn\u0105 r\u0119k\u0105, bez umieszczania palc\u00f3w na ostrzu. Wersja Lil&#8217; Native z zamkiem kompresyjnym zapewnia r\u00f3wnie\u017c wyj\u0105tkowo dyskretne noszenie dzi\u0119ki g\u0142\u0119bokiemu klipsowi w kieszeni, kt\u00f3ry mo\u017cna odwraca\u0107 i nosi\u0107 po z\u0142o\u017ceniu na lew\u0105 lub praw\u0105 stron\u0119.<\/p>\n<p>W 2021 roku Spyderco doda\u0142o trzeci\u0105 wersj\u0119 Lil 'Native w formacie do odblokowania. Idealny w jurysdykcjach, w kt\u00f3rych noszenie no\u017cy z zamkni\u0119tym ostrzem nie jest dozwolone, posiada unikalny mechanizm \u201ez\u0142\u0105cza karbowego\u201d, kt\u00f3ry wykorzystuje nacisk spr\u0119\u017cyny i p\u0142ytkie naci\u0119cie, aby utrzyma\u0107 otwarte ostrze no\u017ca. Kiedy ta cecha jest po\u0142\u0105czona z mo\u017cliwo\u015bci\u0105 otwierania jedn\u0105 r\u0119k\u0105, jak\u0105 zapewnia charakterystyczny okr\u0105g\u0142y otw\u00f3r ostrza i wszechstronnymi mo\u017cliwo\u015bciami noszenia dzi\u0119ki czteropozycyjnemu klipsowi kieszeni, efektem jest SLIPIT. Ta wyj\u0105tkowa odmiana no\u017cy Spyderco \u0142\u0105czy w sobie wszystkie charakterystyczne cechy rewolucyjnej platformy CLIPIT z legalnymi i spo\u0142ecznie przyjaznymi zaletami ostrza bez zatrzasku.<\/p>\n<p>Ma\u0142y rodzimy Wharncliffe<\/p>\n<p>Z trzech podstawowych wersji Lil&#8217; Native, format Compression Lock jest pod wieloma wzgl\u0119dami najbardziej wszechstronny. Dzi\u0119ki otwartej konstrukcji i temu, \u017ce zasuwa nie przylega do ostrza po zamkni\u0119ciu, zapewnia wi\u0119cej dost\u0119pnej przestrzeni dla r\u00f3\u017cnych kszta\u0142t\u00f3w ostrzy.<\/p>\n<p>Ta wersja Lil&#8217; Native w pe\u0142ni wykorzystuje t\u0119 mo\u017cliwo\u015b\u0107, prezentuj\u0105c klasyczny profil Wharncliffe z prostymi kraw\u0119dziami. Ostrze wykonane jest ze stali nierdzewnej CPM S30V i posiada w pe\u0142ni p\u0142ask\u0105 szlifowan\u0105 geometri\u0119 ostrza o niskim tarciu. Jego ty\u0142 zakrzywia si\u0119 z wdzi\u0119kiem w d\u00f3\u0142, aby styka\u0107 si\u0119 z kraw\u0119dzi\u0105 w ostrym punkcie, zapewniaj\u0105c precyzj\u0119 skalpela przy szczeg\u00f3\u0142owym ci\u0119ciu. Idealnie prosta kraw\u0119d\u017a tn\u0105ca zapewnia doskona\u0142\u0105 d\u017awigni\u0119 i tnie z pe\u0142n\u0105 moc\u0105 na ca\u0142ej d\u0142ugo\u015bci. Razem te cechy sprawiaj\u0105, \u017ce ostrze Lil&#8217; Native Wharncliffe jest niezwykle wszechstronne i wydajne jak na sw\u00f3j rozmiar. Jednocze\u015bnie ma zaledwie 2,44 cala (62 mm) d\u0142ugo\u015bci \u2013 bezpiecznie poni\u017cej dopuszczalnej d\u0142ugo\u015bci ostrza obowi\u0105zuj\u0105cej w restrykcyjnych jurysdykcjach, takich jak Chicago i Boston.<\/p>\n<p>Wszystkie pozosta\u0142e cechy Lil&#8217; Native Wharncliffe s\u0105 zgodne z jego odpowiednikiem w postaci blaszek li\u015bciowych, w tym \u0142uski G10 ze zdzieran\u0105 pow\u0142ok\u0105, solidny mechanizm Compression Lock i dwustronny, g\u0142\u0119boki klips na druciany, kt\u00f3ry pozwala na dyskretne, pozostawione po lewej stronie lub prawa strona. sk\u0142adane noside\u0142ko. Podobnie jak wszystkie Lil&#8217; Native, ma r\u00f3wnie\u017c wydatny palec wskazuj\u0105cy 50\/50, kt\u00f3ry zapewnia wygodny chwyt czterema palcami nawet dla du\u017cych d\u0142oni.<\/p>\n<p>\u201eLittle Big Knives\u201d <strong>Spyderco<\/strong> to niesamowite po\u0142\u0105czenie kompaktowych rozmiar\u00f3w i pe\u0142nej obs\u0142ugi. Lil&#8217; Native Wharncliffe z dum\u0105 kontynuuje t\u0119 tradycj\u0119, wyznaczaj\u0105c jednocze\u015bnie nowe standardy wydajno\u015bci i niezawodno\u015bci.<\/p>\n<p>Dane techniczne<br \/>\nD\u0142ugo\u015b\u0107 ostrza: 6,2 cm<br \/>\nD\u0142ugo\u015b\u0107 po zamkni\u0119ciu: 8,8 cm<br \/>\nD\u0142ugo\u015b\u0107 ca\u0142kowita: 14,9 cm<br \/>\nGrubo\u015b\u0107 ostrza: 0,32 cm<br \/>\nMateria\u0142 ostrza: CPM-S30V Stal nierdzewna<br \/>\nStyl ostrza: Wharncliffe<br \/>\nSzlif ostrza: Ca\u0142kowicie p\u0142aski<br \/>\nObr\u00f3bka powierzchni ostrza: satyna<br \/>\nKraw\u0119d\u017a ostrza: g\u0142adka<br \/>\nMateria\u0142 r\u0119koje\u015bci: G10<br \/>\nKolor uchwytu: czarny<br \/>\nMechanizm blokuj\u0105cy: Blokada kompresyjna<br \/>\nKieszonkowy klips: wysuwany, do noszenia w prawo\/lewo<br \/>\nNumer modelu: C230GPWC<br \/>\nNazwa modelu: Lil&#8217; Native Wharncliffe<br \/>\nWaga: 2,50 uncji (71g)<br \/>\nWykonane w USA<\/p>\n","protected":false},"excerpt":{"rendered":"<p><strong>Spyderco ma d\u0142ug\u0105 i dumn\u0105 tradycj\u0119 wytwarzania \u201ema\u0142ych, du\u017cych no\u017cy\u201d \u2013 kompaktowych, \u0142atwych do przenoszenia no\u017cy sk\u0142adanych.<\/strong><\/p>\n","protected":false},"featured_media":318005,"comment_status":"open","ping_status":"closed","template":"","meta":[],"pwb-brand":[3432],"product_brand":[],"product_cat":[3296,3307],"product_tag":[3671],"class_list":{"0":"post-318004","1":"product","2":"type-product","3":"status-publish","4":"has-post-thumbnail","6":"pwb-brand-spyderco-pl","7":"product_cat-noze-pl","8":"product_cat-zamykanie-nozy","9":"product_tag-b2b-pl","11":"first","12":"instock","13":"taxable","14":"shipping-taxable","15":"purchasable","16":"product-type-simple"},"brands":[{"id":3432,"name":"Spyderco","slug":"spyderco-pl"}],"_links":{"self":[{"href":"https:\/\/www.moskito.cz\/pl\/wp-json\/wp\/v2\/product\/318004","targetHints":{"allow":["GET"]}}],"collection":[{"href":"https:\/\/www.moskito.cz\/pl\/wp-json\/wp\/v2\/product"}],"about":[{"href":"https:\/\/www.moskito.cz\/pl\/wp-json\/wp\/v2\/types\/product"}],"replies":[{"embeddable":true,"href":"https:\/\/www.moskito.cz\/pl\/wp-json\/wp\/v2\/comments?post=318004"}],"wp:featuredmedia":[{"embeddable":true,"href":"https:\/\/www.moskito.cz\/pl\/wp-json\/wp\/v2\/media\/318005"}],"wp:attachment":[{"href":"https:\/\/www.moskito.cz\/pl\/wp-json\/wp\/v2\/media?parent=318004"}],"wp:term":[{"taxonomy":"pwb-brand","embeddable":true,"href":"https:\/\/www.moskito.cz\/pl\/wp-json\/wp\/v2\/pwb-brand?post=318004"},{"taxonomy":"product_brand","embeddable":true,"href":"https:\/\/www.moskito.cz\/pl\/wp-json\/wp\/v2\/product_brand?post=318004"},{"taxonomy":"product_cat","embeddable":true,"href":"https:\/\/www.moskito.cz\/pl\/wp-json\/wp\/v2\/product_cat?post=318004"},{"taxonomy":"product_tag","embeddable":true,"href":"https:\/\/www.moskito.cz\/pl\/wp-json\/wp\/v2\/product_tag?post=318004"}],"curies":[{"name":"wp","href":"https:\/\/api.w.org\/{rel}","templated":true}]}}