{"id":318307,"date":"2024-03-16T00:49:53","date_gmt":"2024-03-15T23:49:53","guid":{"rendered":"https:\/\/www.moskito.cz\/produkt\/noz-zamykajacy-microtech-stitch-stonewashed-169rl-10flgtta\/"},"modified":"2025-05-07T11:04:58","modified_gmt":"2025-05-07T10:04:58","slug":"noz-zamykajacy-microtech-stitch-stonewashed-169rl-10flgtta","status":"publish","type":"product","link":"https:\/\/www.moskito.cz\/pl\/produkt\/noz-zamykajacy-microtech-stitch-stonewashed-169rl-10flgtta\/","title":{"rendered":"N\u00f3\u017c zamykaj\u0105cy Microtech Stitch Stonewashed 169RL-10FLGTTA"},"content":{"rendered":"<p>N\u00f3\u017c zamykaj\u0105cy <strong>Microtech<\/strong> Stitch Stonewashed 169RL-10FLGTTA<\/p>\n<p>Wydany w 2023 roku n\u00f3\u017c Stitch RAM-LOK zadebiutowa\u0142 wraz z wydaniem MSI (wydanie Microtech Standard) jako pierwsza deska Microtech wyposa\u017cona w fantastyczn\u0105 technologi\u0119 RAM-LOK. Ten twardy zamek poprzeczny ma charakterystyczny wz\u00f3r stopni firmy Microtech, kt\u00f3ry sta\u0142 si\u0119 s\u0142awny dzi\u0119ki serii prze\u0142\u0105cznik\u00f3w steruj\u0105cych Ultratech. Du\u017ce wyci\u0119cie na ostrze zapewnia du\u017co miejsca na zamach \u015brodkowym palcem do ty\u0142u, a tak\u017ce standardowe powolne otwieranie kciuka w r\u0119kawiczkach lub bez. Je\u015bli nie podoba Ci si\u0119 kt\u00f3rykolwiek z nich, po prostu poci\u0105gnij RAM-LOK, a ostrze otworzy si\u0119 prostym ruchem nadgarstka. Chwyty G10 s\u0105 g\u0142adkie i lekko lepkie i zapewniaj\u0105 du\u017cy potencja\u0142 chwytu zar\u00f3wno w przypadku chwyt\u00f3w standardowych, jak i odwr\u00f3conych. Wytrzyma\u0142y, trwa\u0142y i wyprodukowany w USA; wiemy, \u017ce MSI szybko stanie si\u0119 ulubie\u0144cem wszystkich cz\u0142onk\u00f3w spo\u0142eczno\u015bci no\u017cowej.<\/p>\n<p>Microtech Stitch to pi\u0119kna taktyczna wsp\u00f3\u0142praca Tony&#8217;ego Marfione i Sebastijana Berenjiego, znanego r\u00f3wnie\u017c jako Borka. Wykorzystuje niesamowity projekt Sticha Sebastijana i \u0142\u0105czy go z niesamowit\u0105 mechanik\u0105 otwierania Tony&#8217;ego, aby stworzy\u0107 jedn\u0105 z najbardziej niesamowitych kolaboracji produkcyjnych wszechczas\u00f3w. Ostrze typu spear point ma p\u0142aski szlif i \u017c\u0142obienie na palcu i kciuku, co zapewnia doskona\u0142e trzymanie podczas drobniejszych zada\u0144 ci\u0119cia.<\/p>\n<p>D\u0142ugo\u015b\u0107 ca\u0142kowita: 21,7 cm<br \/>\nD\u0142ugo\u015b\u0107 ostrza: 9,4 cm<br \/>\nGrubo\u015b\u0107 ostrza: 0,4 cm<br \/>\nObr\u00f3bka powierzchni ostrza: Stonewashed<br \/>\nStyl obramowania: zwyk\u0142y<br \/>\nMateria\u0142 r\u0119koje\u015bci: Tan karbowany G10<br \/>\nStal: M390<br \/>\nKraj pochodzenia: USA<\/p>\n<p><iframe title=\"Microtech Combat Troodon Torture Test\" width=\"800\" height=\"450\" src=\"https:\/\/www.youtube.com\/embed\/xE9TeOFYEjg?feature=oembed\" frameborder=\"0\" allow=\"accelerometer; autoplay; clipboard-write; encrypted-media; gyroscope; picture-in-picture; web-share\" allowfullscreen><\/iframe><\/p>\n<p>&nbsp;<\/p>\n","protected":false},"excerpt":{"rendered":"<p><strong>Przez lata Microtech\u00ae Knives wype\u0142nia\u0142 no\u017ce pasj\u0105 i umiej\u0119tno\u015bciami, aby tworzy\u0107 niemal dzie\u0142a sztuki, kt\u00f3re s\u0105 szczytem funkcjonalno\u015bci.Wszystkie cz\u0119\u015bci s\u0105 produkowane w USA.<\/strong><br \/>\n<strong>Wszystkie no\u017ce Microtech obj\u0119te s\u0105 do\u017cywotni\u0105 gwarancj\u0105.<\/strong><\/p>\n<p><strong>Bezp\u0142atny transport.<\/strong><\/p>\n","protected":false},"featured_media":318261,"comment_status":"open","ping_status":"closed","template":"","meta":[],"pwb-brand":[3279],"product_brand":[],"product_cat":[3307,3296],"product_tag":[3671],"class_list":{"0":"post-318307","1":"product","2":"type-product","3":"status-publish","4":"has-post-thumbnail","6":"pwb-brand-microtech-pl","7":"product_cat-zamykanie-nozy","8":"product_cat-noze-pl","9":"product_tag-b2b-pl","11":"first","12":"instock","13":"taxable","14":"shipping-taxable","15":"purchasable","16":"product-type-simple"},"brands":[{"id":3279,"name":"Microtech","slug":"microtech-pl"}],"_links":{"self":[{"href":"https:\/\/www.moskito.cz\/pl\/wp-json\/wp\/v2\/product\/318307","targetHints":{"allow":["GET"]}}],"collection":[{"href":"https:\/\/www.moskito.cz\/pl\/wp-json\/wp\/v2\/product"}],"about":[{"href":"https:\/\/www.moskito.cz\/pl\/wp-json\/wp\/v2\/types\/product"}],"replies":[{"embeddable":true,"href":"https:\/\/www.moskito.cz\/pl\/wp-json\/wp\/v2\/comments?post=318307"}],"wp:featuredmedia":[{"embeddable":true,"href":"https:\/\/www.moskito.cz\/pl\/wp-json\/wp\/v2\/media\/318261"}],"wp:attachment":[{"href":"https:\/\/www.moskito.cz\/pl\/wp-json\/wp\/v2\/media?parent=318307"}],"wp:term":[{"taxonomy":"pwb-brand","embeddable":true,"href":"https:\/\/www.moskito.cz\/pl\/wp-json\/wp\/v2\/pwb-brand?post=318307"},{"taxonomy":"product_brand","embeddable":true,"href":"https:\/\/www.moskito.cz\/pl\/wp-json\/wp\/v2\/product_brand?post=318307"},{"taxonomy":"product_cat","embeddable":true,"href":"https:\/\/www.moskito.cz\/pl\/wp-json\/wp\/v2\/product_cat?post=318307"},{"taxonomy":"product_tag","embeddable":true,"href":"https:\/\/www.moskito.cz\/pl\/wp-json\/wp\/v2\/product_tag?post=318307"}],"curies":[{"name":"wp","href":"https:\/\/api.w.org\/{rel}","templated":true}]}}