{"id":318407,"date":"2024-03-16T10:49:17","date_gmt":"2024-03-16T09:52:00","guid":{"rendered":"https:\/\/www.moskito.cz\/produkt\/noz-strzelecki-microtech-makora-stonewashed-206-12odbis\/"},"modified":"2025-05-07T11:05:02","modified_gmt":"2025-05-07T10:05:02","slug":"noz-strzelecki-microtech-makora-stonewashed-206-12odbis","status":"publish","type":"product","link":"https:\/\/www.moskito.cz\/pl\/produkt\/noz-strzelecki-microtech-makora-stonewashed-206-12odbis\/","title":{"rendered":"N\u00f3\u017c strzelecki Microtech Makora Stonewashed 206-12ODBIS"},"content":{"rendered":"<p>N\u00f3\u017c strzelecki <strong>Microtech<\/strong> Makora Stonewashed 206-12ODBIS<\/p>\n<p>Seria <strong>Makora<\/strong><br \/>\nPrawie 20 lat od pierwszego wydania <strong>Makora<\/strong> powraca! Ten klasyczny n\u00f3\u017c <strong>Microtech<\/strong> OTF zosta\u0142 odnowiony dzi\u0119ki zaktualizowanemu projektowi i ulepszonej technologii. Chocia\u017c wydaje si\u0119 bardzo podobny do Microtech Ultratech, ma pewne subtelne \u2013 i kilka powa\u017cnych \u2013 r\u00f3\u017cnic. Jest troch\u0119 grubszy, troch\u0119 l\u017cejszy i ma spiczasty uchwyt oraz zmodernizowany zbijak do szk\u0142a. Obie strony r\u0119koje\u015bci z w\u0142\u00f3kna w\u0119glowego oraz g\u00f3rna i dolna cz\u0119\u015b\u0107 r\u0119koje\u015bci posiadaj\u0105 otwory, kt\u00f3re wsp\u00f3\u0142pracuj\u0105 z rowkami na podstawie ostrza, zwi\u0119kszaj\u0105c jego funkcjonalno\u015b\u0107 pod wod\u0105. Dzia\u0142anie no\u017ca jest wzmocnione elementami wewn\u0119trznymi z niklu i boru, kt\u00f3re zmniejszaj\u0105 tarcie i poprawiaj\u0105 konsystencj\u0119. Ta nowa <strong>Makora<\/strong> pokazuje, jak daleko zaszed\u0142 <strong>Microtech<\/strong> i udowadnia swoje przywi\u0105zanie do swoich korzeni.<\/p>\n<p>Dane techniczne<br \/>\nD\u0142ugo\u015b\u0107 ca\u0142kowita: 21,59 cm<br \/>\nStal: M390<br \/>\nD\u0142ugo\u015b\u0107 ostrza: 8,25 cm<br \/>\nStyl ostrza: sztylet<br \/>\nWyko\u0144czenie: Stonewash<br \/>\nTyp kraw\u0119dzi: z\u0105bkowany, g\u0142adki<br \/>\nMateria\u0142 r\u0119koje\u015bci: aluminium<br \/>\nZielony kolor<br \/>\nWaga: 3,32 uncji<br \/>\nU\u017cytkownik: Prawa r\u0119ka<br \/>\nKlips kieszonkowy: sk\u0142adany w d\u00f3\u0142<br \/>\nTyp no\u017ca: Automatyczny OTF o podw\u00f3jnym dzia\u0142aniu<br \/>\nOtwieracz: Przesu\u0144 kciuk<br \/>\nMarka: Microtech<br \/>\nModelka: Makora<br \/>\nNumer modelu: 206-12ODBIS<br \/>\nProjektant: Microtech<br \/>\nKraj pochodzenia: USA<br \/>\nNajlepsze zastosowania: do noszenia na co dzie\u0144, taktyczne<\/p>\n<p><iframe title=\"Microtech Combat Troodon Torture Test\" width=\"800\" height=\"450\" src=\"https:\/\/www.youtube.com\/embed\/xE9TeOFYEjg?feature=oembed\" frameborder=\"0\" allow=\"accelerometer; autoplay; clipboard-write; encrypted-media; gyroscope; picture-in-picture; web-share\" allowfullscreen><\/iframe><\/p>\n<p>&nbsp;<\/p>\n","protected":false},"excerpt":{"rendered":"<p><strong>Przez lata Microtech\u00ae Knives wype\u0142nia\u0142 no\u017ce pasj\u0105 i umiej\u0119tno\u015bciami, aby tworzy\u0107 niemal dzie\u0142a sztuki, kt\u00f3re s\u0105 szczytem funkcjonalno\u015bci.Wszystkie cz\u0119\u015bci s\u0105 produkowane w USA.<\/strong><br \/>\n<strong>Wszystkie no\u017ce Microtech obj\u0119te s\u0105 do\u017cywotni\u0105 gwarancj\u0105 (min. 80 000 cykli, otwieranie i zamykanie)<\/strong><\/p>\n<p><strong>Bezp\u0142atny transport.<\/strong><\/p>\n","protected":false},"featured_media":318383,"comment_status":"open","ping_status":"closed","template":"","meta":[],"pwb-brand":[3279],"product_brand":[],"product_cat":[3344,3296],"product_tag":[3671],"class_list":{"0":"post-318407","1":"product","2":"type-product","3":"status-publish","4":"has-post-thumbnail","6":"pwb-brand-microtech-pl","7":"product_cat-noze-strzeleckie","8":"product_cat-noze-pl","9":"product_tag-b2b-pl","11":"first","12":"instock","13":"sale","14":"taxable","15":"shipping-taxable","16":"purchasable","17":"product-type-simple"},"brands":[{"id":3279,"name":"Microtech","slug":"microtech-pl"}],"_links":{"self":[{"href":"https:\/\/www.moskito.cz\/pl\/wp-json\/wp\/v2\/product\/318407","targetHints":{"allow":["GET"]}}],"collection":[{"href":"https:\/\/www.moskito.cz\/pl\/wp-json\/wp\/v2\/product"}],"about":[{"href":"https:\/\/www.moskito.cz\/pl\/wp-json\/wp\/v2\/types\/product"}],"replies":[{"embeddable":true,"href":"https:\/\/www.moskito.cz\/pl\/wp-json\/wp\/v2\/comments?post=318407"}],"wp:featuredmedia":[{"embeddable":true,"href":"https:\/\/www.moskito.cz\/pl\/wp-json\/wp\/v2\/media\/318383"}],"wp:attachment":[{"href":"https:\/\/www.moskito.cz\/pl\/wp-json\/wp\/v2\/media?parent=318407"}],"wp:term":[{"taxonomy":"pwb-brand","embeddable":true,"href":"https:\/\/www.moskito.cz\/pl\/wp-json\/wp\/v2\/pwb-brand?post=318407"},{"taxonomy":"product_brand","embeddable":true,"href":"https:\/\/www.moskito.cz\/pl\/wp-json\/wp\/v2\/product_brand?post=318407"},{"taxonomy":"product_cat","embeddable":true,"href":"https:\/\/www.moskito.cz\/pl\/wp-json\/wp\/v2\/product_cat?post=318407"},{"taxonomy":"product_tag","embeddable":true,"href":"https:\/\/www.moskito.cz\/pl\/wp-json\/wp\/v2\/product_tag?post=318407"}],"curies":[{"name":"wp","href":"https:\/\/api.w.org\/{rel}","templated":true}]}}