{"id":318471,"date":"2022-11-01T22:18:06","date_gmt":"2022-11-01T21:18:06","guid":{"rendered":"https:\/\/www.moskito.cz\/produkt\/solidny-noz-cold-steel-canadian-belt-knife\/"},"modified":"2024-03-16T11:46:51","modified_gmt":"2024-03-16T10:46:51","slug":"solidny-noz-cold-steel-canadian-belt-knife","status":"publish","type":"product","link":"https:\/\/www.moskito.cz\/pl\/produkt\/solidny-noz-cold-steel-canadian-belt-knife\/","title":{"rendered":"Solidny n\u00f3\u017c Cold Steel CANADIAN BELT KNIFE"},"content":{"rendered":"<p>Solidny n\u00f3\u017c <strong>Cold Steel<\/strong> CANADIAN BELT KNIFE.<\/p>\n<p>N\u00f3\u017c kanadyjski Cold Steel czerpie inspiracj\u0119 ze starego klasyka z lat 50-tych. lot. Posiada wszystkie funkcje, kt\u00f3re sprawi\u0142y, \u017ce orygina\u0142 sta\u0142 si\u0119 wielokrotnie nagradzanym mi\u0119dzynarodowym ulubie\u0144cem, a tak\u017ce kilka nowoczesnych ulepsze\u0144.<br \/>\nNasza aktualna wersja jest wykonana z niemieckiej stali nierdzewnej 4116 utwardzanej w temperaturze poni\u017cej zera i jest szlifowana wkl\u0119s\u0142o do niewiarygodnie ostrej kraw\u0119dzi. W przeciwie\u0144stwie do niekt\u00f3rych drewnianych r\u0105czek, nasza trwa\u0142a r\u0105czka z polipropylenu jest wystarczaj\u0105co mocna, aby wytrzyma\u0107 mocne uderzenia, a jednocze\u015bnie jest lekka i wygodna. To superlekkie ostrze o wadze 2 uncji jest wyposa\u017cone w bezpieczn\u0105, niskoprofilow\u0105 polimerow\u0105 os\u0142on\u0119, kt\u00f3ra u\u0142atwia noszenie go przez ca\u0142y dzie\u0144 lub podczas d\u0142u\u017cszych polowa\u0144 lub wypraw kempingowych.<\/p>\n<p>PARAMETRY PRODUKTU<br \/>\nKolor: czarny\/srebrny<br \/>\nRozmiar ca\u0142kowity: 215,9 mm<br \/>\nD\u0142ugo\u015b\u0107 r\u0105czki: 114 mm<br \/>\nMateria\u0142 os\u0142ony: os\u0142ona Secure-Ex\u00ae<br \/>\nMateria\u0142 r\u0119koje\u015bci: d\u0142ugi, wysokoudarowy polipropylen<br \/>\nStal: niemiecka stal nierdzewna 4116 hartowana krio<br \/>\nWaga: 62,36 g<br \/>\nD\u0142ugo\u015b\u0107 ostrza: 101,6 mm<br \/>\nGrubo\u015b\u0107 ostrza: 2,5 mm<\/p>\n","protected":false},"excerpt":{"rendered":"<p><strong>N\u00f3\u017c kanadyjski Cold Steel to solidny n\u00f3\u017c inspirowany klasyk\u0105 z lat 50-tych.<\/strong><\/p>\n","protected":false},"featured_media":318472,"comment_status":"open","ping_status":"closed","template":"","meta":[],"pwb-brand":[3596],"product_brand":[],"product_cat":[3297,3296],"product_tag":[3671],"class_list":{"0":"post-318471","1":"product","2":"type-product","3":"status-publish","4":"has-post-thumbnail","6":"pwb-brand-zimna-stal","7":"product_cat-solidne-noze","8":"product_cat-noze-pl","9":"product_tag-b2b-pl","11":"first","12":"instock","13":"taxable","14":"shipping-taxable","15":"purchasable","16":"product-type-simple"},"brands":[{"id":3596,"name":"Zimna stal","slug":"zimna-stal"}],"_links":{"self":[{"href":"https:\/\/www.moskito.cz\/pl\/wp-json\/wp\/v2\/product\/318471","targetHints":{"allow":["GET"]}}],"collection":[{"href":"https:\/\/www.moskito.cz\/pl\/wp-json\/wp\/v2\/product"}],"about":[{"href":"https:\/\/www.moskito.cz\/pl\/wp-json\/wp\/v2\/types\/product"}],"replies":[{"embeddable":true,"href":"https:\/\/www.moskito.cz\/pl\/wp-json\/wp\/v2\/comments?post=318471"}],"wp:featuredmedia":[{"embeddable":true,"href":"https:\/\/www.moskito.cz\/pl\/wp-json\/wp\/v2\/media\/318472"}],"wp:attachment":[{"href":"https:\/\/www.moskito.cz\/pl\/wp-json\/wp\/v2\/media?parent=318471"}],"wp:term":[{"taxonomy":"pwb-brand","embeddable":true,"href":"https:\/\/www.moskito.cz\/pl\/wp-json\/wp\/v2\/pwb-brand?post=318471"},{"taxonomy":"product_brand","embeddable":true,"href":"https:\/\/www.moskito.cz\/pl\/wp-json\/wp\/v2\/product_brand?post=318471"},{"taxonomy":"product_cat","embeddable":true,"href":"https:\/\/www.moskito.cz\/pl\/wp-json\/wp\/v2\/product_cat?post=318471"},{"taxonomy":"product_tag","embeddable":true,"href":"https:\/\/www.moskito.cz\/pl\/wp-json\/wp\/v2\/product_tag?post=318471"}],"curies":[{"name":"wp","href":"https:\/\/api.w.org\/{rel}","templated":true}]}}