{"id":318588,"date":"2021-09-22T13:42:30","date_gmt":"2024-03-18T12:18:17","guid":{"rendered":"https:\/\/www.moskito.cz\/produkt\/naprawiono-ostrza-noza-microtech-borka-stonewashed-plain-zabkowane-201-12\/"},"modified":"2025-05-07T11:05:10","modified_gmt":"2025-05-07T10:05:10","slug":"naprawiono-ostrza-noza-microtech-borka-stonewashed-plain-zabkowane-201-12","status":"publish","type":"product","link":"https:\/\/www.moskito.cz\/pl\/produkt\/naprawiono-ostrza-noza-microtech-borka-stonewashed-plain-zabkowane-201-12\/","title":{"rendered":"Naprawiono ostrza no\u017ca Microtech Borka Stonewashed Plain\/Z\u0105bkowane 201-12"},"content":{"rendered":"<p>Naprawiono ostrza no\u017ca <strong>Microtech<\/strong> Borka Stonewashed Plain\/Z\u0105bkowane 201-12.<\/p>\n<p>Ostrze sta\u0142e SBD to gro\u017any n\u00f3\u017c autorstwa w\u0142asnego no\u017ca Sebastjana Berenjiego, znanego r\u00f3wnie\u017c jako Borka, oparty na jego projekcie SBK. Jest to ewolucja SBK, kt\u00f3ra mia\u0142a wysoki kszta\u0142t perskiego ostrza i zast\u0105pi\u0142a go szerokim, obosiecznym sztyletem, st\u0105d litera D w nazwie. Posiada cztery wspania\u0142e skosy zako\u0144czone idealnym punktem, \u0142adn\u0105 os\u0142on\u0119 palc\u00f3w i krwawy rowek z rozja\u015bniaj\u0105cymi otworami. R\u0119koje\u015b\u0107 wykonana jest z pi\u0119knie wyfrezowanego G10, co zapewnia przyjemny, ergonomiczny chwyt, tworz\u0105c idealn\u0105 harmoni\u0119 pomi\u0119dzy u\u017cytkownikiem a narz\u0119dziem. Jest wyprofilowany w odpowiednich miejscach, co pozwala na indeksowanie no\u017ca w wielu chwytach. Kompaktowy SBD emanuje sprawno\u015bci\u0105 taktyczn\u0105 w stylu, kt\u00f3ry jest podstaw\u0105 ostrzy Borka i jest wyposa\u017cony w wyko\u0144czenie cierne z w\u0142\u00f3kna w\u0119glowego pokrytego Kydexem i systemem Tek-Lok. Wyprodukowano w USA przez firm\u0119 Microtech Knives.<br \/>\nDane techniczne<\/p>\n<p>D\u0142ugo\u015b\u0107 ostrza: 11 cm<br \/>\nD\u0142ugo\u015b\u0107 ca\u0142kowita: 22,5 cm<br \/>\nMateria\u0142 ostrza: M390<br \/>\nStyl ostrza: sztylet o podw\u00f3jnym ostrzu<br \/>\nSzlif ostrza: p\u0142aski<br \/>\nObr\u00f3bka powierzchni ostrza: Stonewash<br \/>\nMateria\u0142 r\u0119koje\u015bci: frezowane czarne G10<br \/>\nMateria\u0142 os\u0142ony: Kydex z w\u0142\u00f3kna w\u0119glowego<br \/>\nWaga: 6,4 uncji<br \/>\nWaga z pochw\u0105: 10,1 uncji.<br \/>\nProjektant: Sebastijan Berenji<br \/>\nWykonane w USA<\/p>\n<p><iframe title=\"Microtech Combat Troodon Torture Test\" width=\"800\" height=\"450\" src=\"https:\/\/www.youtube.com\/embed\/xE9TeOFYEjg?feature=oembed\" frameborder=\"0\" allow=\"accelerometer; autoplay; clipboard-write; encrypted-media; gyroscope; picture-in-picture; web-share\" allowfullscreen><\/iframe><\/p>\n<p>&nbsp;<\/p>\n<p>Ostrza Borka SBD Ostrze sta\u0142e o podw\u00f3jnej kraw\u0119dzi, Stonewash<br \/>\nMikrotech<\/p>\n<p>Sta\u0142e ostrze SBD to gro\u017any n\u00f3\u017c stworzony przez tw\u00f3rc\u0119 no\u017cy Sebastijana Berenjiego, znanego r\u00f3wnie\u017c jako Borka, oparty na jego projekcie SBK. Jest to ewolucja SBK, kt\u00f3ry mia\u0142 uniesiony do g\u00f3ry perski kszta\u0142t ostrza, zast\u0119puj\u0105c go szerokim sztyletem o podw\u00f3jnym ostrzu, st\u0105d litera D w nazwie. Posiada cztery wspania\u0142e skosy zako\u0144czone idealn\u0105 ko\u0144c\u00f3wk\u0105, \u0142adn\u0105 os\u0142on\u0119 palc\u00f3w i krwawy rowek z rozja\u015bniaj\u0105cymi otworami. R\u0119koje\u015b\u0107 wykonana jest z pi\u0119knie frezowanego materia\u0142u G10, co zapewnia przyjemny, ergonomiczny chwyt, tworz\u0105c idealn\u0105 harmoni\u0119 pomi\u0119dzy u\u017cytkownikiem a instrumentem. Jest wyprofilowany w odpowiednich miejscach, co pozwala na indeksowanie no\u017ca w wielu chwytach. Kompaktowy SBD emanuje sprawno\u015bci\u0105 taktyczn\u0105 dzi\u0119ki stylowi, kt\u00f3ry jest podstaw\u0105 ostrzy Borka i jest wyposa\u017cony w dopasowan\u0105 do tarcia pochw\u0119 z Kydexu z w\u0142\u00f3kna w\u0119glowego z systemem Tek-Lok. Wyprodukowano w USA przez firm\u0119 Microtech Knives.<br \/>\nDane techniczne<\/p>\n<p>D\u0142ugo\u015b\u0107 ostrza: 4,375&#8243;<br \/>\nKraw\u0119d\u017a tn\u0105ca: 4,25 cala<br \/>\nD\u0142ugo\u015b\u0107 r\u0119koje\u015bci: 4,50&#8243;<br \/>\nD\u0142ugo\u015b\u0107 ca\u0142kowita: 9,0&#8243;<br \/>\nMateria\u0142 ostrza: Stal\u0105 ostrzy na ten rok b\u0119dzie M390 \u2013 do wyczerpania zapas\u00f3w metalu, ostrza mog\u0105 by\u0107 r\u00f3wnie\u017c wykonane z Elmax lub CTS-240P<br \/>\nGrubo\u015b\u0107 ostrza: 0,195&#8243;<br \/>\nStyl ostrza: sztylet o podw\u00f3jnym ostrzu<br \/>\nSzlif ostrza: p\u0142aski<br \/>\nWyko\u0144czenie ostrza: Stonewash<br \/>\nMateria\u0142 r\u0119koje\u015bci: frezowany czarny G10<br \/>\nGrubo\u015b\u0107 r\u0119koje\u015bci: 0,68 cala<br \/>\nMateria\u0142 os\u0142ony: Kydex z wyko\u0144czeniem w\u0142\u00f3knem w\u0119glowym<br \/>\nWaga: 6,4 uncji<br \/>\nWaga z os\u0142on\u0105: 10,1 uncji.<br \/>\nProjektant: Sebastijan Berenji<br \/>\nWyprodukowano w USA<\/p>\n<p>&nbsp;<\/p>\n","protected":false},"excerpt":{"rendered":"<div class=\"elementor-element elementor-element-bbb542b elementor-widget elementor-widget-woocommerce-product-short-description\" data-id=\"bbb542b\" data-element_type=\"widget\" data-widget_type=\"woocommerce-product-short-description.default\">\n<div class=\"elementor-widget-container\">\n<div class=\"woocommerce-product-details__short-description\">\n<p>Przez lata <strong>Microtech\u00ae Knives<\/strong> wype\u0142nia\u0142 no\u017ce pasj\u0105 i umiej\u0119tno\u015bciami, aby stworzy\u0107 niemal dzie\u0142a sztuki, kt\u00f3re s\u0105 szczytem funkcjonalno\u015bci.Wszystkie cz\u0119\u015bci s\u0105 produkowane w USA.<br \/>\n<strong>Wszystkie no\u017ce Microtech obj\u0119te s\u0105 do\u017cywotni\u0105 gwarancj\u0105.<\/strong><\/p>\n<p><strong>Bezp\u0142atny transport.<\/strong><\/p>\n<\/div>\n<\/div>\n<\/div>\n<p>&nbsp;<\/p>\n<p>&nbsp;<\/p>\n","protected":false},"featured_media":318598,"comment_status":"open","ping_status":"closed","template":"","meta":[],"pwb-brand":[3279],"product_brand":[],"product_cat":[3297,3296],"product_tag":[3671],"class_list":{"0":"post-318588","1":"product","2":"type-product","3":"status-publish","4":"has-post-thumbnail","6":"pwb-brand-microtech-pl","7":"product_cat-solidne-noze","8":"product_cat-noze-pl","9":"product_tag-b2b-pl","11":"first","12":"instock","13":"taxable","14":"shipping-taxable","15":"purchasable","16":"product-type-simple"},"brands":[{"id":3279,"name":"Microtech","slug":"microtech-pl"}],"_links":{"self":[{"href":"https:\/\/www.moskito.cz\/pl\/wp-json\/wp\/v2\/product\/318588","targetHints":{"allow":["GET"]}}],"collection":[{"href":"https:\/\/www.moskito.cz\/pl\/wp-json\/wp\/v2\/product"}],"about":[{"href":"https:\/\/www.moskito.cz\/pl\/wp-json\/wp\/v2\/types\/product"}],"replies":[{"embeddable":true,"href":"https:\/\/www.moskito.cz\/pl\/wp-json\/wp\/v2\/comments?post=318588"}],"wp:featuredmedia":[{"embeddable":true,"href":"https:\/\/www.moskito.cz\/pl\/wp-json\/wp\/v2\/media\/318598"}],"wp:attachment":[{"href":"https:\/\/www.moskito.cz\/pl\/wp-json\/wp\/v2\/media?parent=318588"}],"wp:term":[{"taxonomy":"pwb-brand","embeddable":true,"href":"https:\/\/www.moskito.cz\/pl\/wp-json\/wp\/v2\/pwb-brand?post=318588"},{"taxonomy":"product_brand","embeddable":true,"href":"https:\/\/www.moskito.cz\/pl\/wp-json\/wp\/v2\/product_brand?post=318588"},{"taxonomy":"product_cat","embeddable":true,"href":"https:\/\/www.moskito.cz\/pl\/wp-json\/wp\/v2\/product_cat?post=318588"},{"taxonomy":"product_tag","embeddable":true,"href":"https:\/\/www.moskito.cz\/pl\/wp-json\/wp\/v2\/product_tag?post=318588"}],"curies":[{"name":"wp","href":"https:\/\/api.w.org\/{rel}","templated":true}]}}