{"id":318800,"date":"2024-03-14T17:14:52","date_gmt":"2024-03-18T13:02:46","guid":{"rendered":"https:\/\/www.moskito.cz\/produkt\/noz-zamykajacy-emerson-combat-systems-fighter\/"},"modified":"2025-05-07T11:05:16","modified_gmt":"2025-05-07T10:05:16","slug":"noz-zamykajacy-emerson-combat-systems-fighter","status":"publish","type":"product","link":"https:\/\/www.moskito.cz\/pl\/produkt\/noz-zamykajacy-emerson-combat-systems-fighter\/","title":{"rendered":"N\u00f3\u017c zamykaj\u0105cy Emerson Combat Systems Fighter"},"content":{"rendered":"<p>N\u00f3\u017c zamykaj\u0105cy <strong>Emerson<\/strong> Combat Systems Fighter<\/p>\n<p>System walki Emersona opiera si\u0119 na zasadach i atrybutach. Zasady to rzeczy, kt\u00f3re dzia\u0142aj\u0105 w \u015brodowisku bojowym, a atrybuty to zestaw umiej\u0119tno\u015bci i postawa, jak\u0105 jednostka wnosi do walki. Jako instruktor i cz\u0142onek Black Belt Hall of Fame <strong>, Ernest Emerson<\/strong> uczy\u0142 swojego systemu wojsko, organy \u015bcigania i cywil\u00f3w na ca\u0142ym \u015bwiecie. Jako projektant no\u017cy stworzy\u0142 jedne z najbardziej rozpoznawalnych i poszukiwanych rodzaj\u00f3w broni bia\u0142ej na \u015bwiecie. Ernest Emerson doskonale zna te zasady i atrybuty. Dwie z tych zasad, ekonomia ruchu i efektywno\u015b\u0107 dzia\u0142ania, zosta\u0142y w dramatyczny spos\u00f3b wyra\u017cone w doskona\u0142ej r\u00f3wnowadze w my\u015bliwcu Emerson Combat Systems Fighter. ECS Fighter jest prosty, brutalny i elegancki. Je\u015bli chodzi o podej\u015bcie, to czysty <strong>Emerson<\/strong> . Ty decydujesz sam.<\/p>\n<p>\u0141odygi: G-10<br \/>\nStalowe ostrze: 154 cm<br \/>\nWyko\u0144czenie: Kamie\u0144 myty lub czarna pow\u0142oka<br \/>\nD\u0142ugo\u015b\u0107 ca\u0142kowita: 22,25 cm<br \/>\nD\u0142ugo\u015b\u0107 ostrza: 9,5 cm<br \/>\nGrubo\u015b\u0107 ostrza 0,125 cala<br \/>\nTwardo\u015b\u0107 57-59RC<\/p>\n<p>&nbsp;<\/p>\n","protected":false},"excerpt":{"rendered":"<p><strong>NO\u017bE EMERSON S\u0104 POSZUKIWANE PRZEZ ELITE WOJSKOWE I ORGANY PRAWNE<\/strong><br \/>\n<strong>PRZEZ \u017bO\u0141NIERZY NA CA\u0141YM \u015aWIECIE I USTANOWI\u0141Y STANDARD, WED\u0141UG KT\u00d3REGO OCENIONE S\u0104 WSZYSTKIE INNE NO\u017bE TAKTYCZNE.<\/strong><\/p>\n<p>Bezp\u0142atny transport.<\/p>\n","protected":false},"featured_media":316544,"comment_status":"open","ping_status":"closed","template":"","meta":[],"pwb-brand":[3785],"product_brand":[],"product_cat":[3296,3307],"product_tag":[],"class_list":{"0":"post-318800","1":"product","2":"type-product","3":"status-publish","4":"has-post-thumbnail","6":"pwb-brand-emersona","7":"product_cat-noze-pl","8":"product_cat-zamykanie-nozy","10":"first","11":"outofstock","12":"taxable","13":"shipping-taxable","14":"purchasable","15":"product-type-simple"},"brands":[{"id":3785,"name":"Emersona","slug":"emersona"}],"_links":{"self":[{"href":"https:\/\/www.moskito.cz\/pl\/wp-json\/wp\/v2\/product\/318800","targetHints":{"allow":["GET"]}}],"collection":[{"href":"https:\/\/www.moskito.cz\/pl\/wp-json\/wp\/v2\/product"}],"about":[{"href":"https:\/\/www.moskito.cz\/pl\/wp-json\/wp\/v2\/types\/product"}],"replies":[{"embeddable":true,"href":"https:\/\/www.moskito.cz\/pl\/wp-json\/wp\/v2\/comments?post=318800"}],"wp:featuredmedia":[{"embeddable":true,"href":"https:\/\/www.moskito.cz\/pl\/wp-json\/wp\/v2\/media\/316544"}],"wp:attachment":[{"href":"https:\/\/www.moskito.cz\/pl\/wp-json\/wp\/v2\/media?parent=318800"}],"wp:term":[{"taxonomy":"pwb-brand","embeddable":true,"href":"https:\/\/www.moskito.cz\/pl\/wp-json\/wp\/v2\/pwb-brand?post=318800"},{"taxonomy":"product_brand","embeddable":true,"href":"https:\/\/www.moskito.cz\/pl\/wp-json\/wp\/v2\/product_brand?post=318800"},{"taxonomy":"product_cat","embeddable":true,"href":"https:\/\/www.moskito.cz\/pl\/wp-json\/wp\/v2\/product_cat?post=318800"},{"taxonomy":"product_tag","embeddable":true,"href":"https:\/\/www.moskito.cz\/pl\/wp-json\/wp\/v2\/product_tag?post=318800"}],"curies":[{"name":"wp","href":"https:\/\/api.w.org\/{rel}","templated":true}]}}