{"id":318841,"date":"2019-04-14T16:47:41","date_gmt":"2024-03-18T13:14:03","guid":{"rendered":"https:\/\/www.moskito.cz\/produkt\/noz-skladany-damascenski-boker-leopard-damast-iii-110239dam\/"},"modified":"2025-07-11T07:48:28","modified_gmt":"2025-07-11T06:48:28","slug":"noz-skladany-damascenski-boker-leopard-damast-iii-110239dam","status":"publish","type":"product","link":"https:\/\/www.moskito.cz\/pl\/produkt\/noz-skladany-damascenski-boker-leopard-damast-iii-110239dam\/","title":{"rendered":"N\u00f3\u017c sk\u0142adany damasce\u0144ski B\u00f6ker Leopard-Damast III 110239DAM"},"content":{"rendered":"<p>N\u00f3\u017c sk\u0142adany damasce\u0144ski B\u00f6ker <strong>Leopard-Damast III<\/strong> 110239DAM.<\/p>\n<p>Wielu klient\u00f3w Bokera prosi\u0142o ich o zaoferowanie edycji Boker Leopard Damascus III Collection z p\u0142etwami i pokr\u0119t\u0142em kciukowym. Ten kolekcjonerski n\u00f3\u017c ma pi\u0119kn\u0105, 180-warstwow\u0105 wk\u0142adk\u0119 ze stali nierdzewnej damasce\u0144skiej, umiej\u0119tnie r\u0119cznie osadzon\u0105 w skali r\u0119koje\u015bci. Nadaje to scyzorykowi nowy wygl\u0105d, poniewa\u017c adamaszkowa wstawka o eleganckim wzorze doskonale komponuje si\u0119 z r\u0119cznie kutym ostrzem Leopard Damascus. Legendarna stal na ostrza Boker jest od wielu lat ulubion\u0105 stal\u0105 no\u017cow\u0105. Wykonany jest z lufy czo\u0142gowej Leopard, ma 300 warstw i ma twardo\u015b\u0107 od 61 do 63 HRC. Z dwustronnym klipsem kieszeniowym (sk\u0142adanie\/sk\u0142adanie). W zestawie etui na ram\u0119, certyfikat autentyczno\u015bci i indywidualny numer seryjny.<br \/>\nStal damasce\u0144ska<\/p>\n<p>Stal damasce\u0144ska to nazwa gatunku stali, kt\u00f3ry by\u0142 bardzo popularny w \u015bredniowieczu i we wczesnych czasach nowo\u017cytnych. Zosta\u0142 nazwany na cze\u015b\u0107 syryjskiego miasta Damaszek, dawnego centrum handlu no\u017cami i mieczami z tego typu ostrzami. Stal damasce\u0144ska nie jest dzi\u015b tak szeroko stosowana jak stal nierdzewna czy w\u0119glowa, ale nadal jest ceniona ze wzgl\u0119du na sw\u00f3j dekoracyjny wygl\u0105d.<\/p>\n<p>Stal damasce\u0144ska jest stal\u0105 kompozytow\u0105, czyli stal\u0105 powsta\u0142\u0105 z dw\u00f3ch lub wi\u0119cej baz stalowych o r\u00f3\u017cnych w\u0142a\u015bciwo\u015bciach. Gotowy produkt posiada wyra\u017anie widoczn\u0105 faktur\u0119 naprzemiennych warstw materia\u0142\u00f3w bazowych. Aby wytworzy\u0107 kompozyt, stosuje si\u0119 dwa lub wi\u0119cej rodzaj\u00f3w stali, aby uzyska\u0107 gotowy produkt, kt\u00f3ry \u0142\u0105czy w sobie ich mocne strony. Stal damasce\u0144ska zosta\u0142a opracowana, aby zrekompensowa\u0107 wady stali jako materia\u0142u do produkcji mieczy, no\u017cy i innej broni. U\u017cywanie twardej lub mi\u0119kkiej stali do produkcji ostrzy ma okre\u015blone zalety i wady: Ostrza wykonane z twardej stali s\u0105 bardzo mocne i d\u0142ugo trzymaj\u0105 ostro\u015b\u0107, ale s\u0105 te\u017c kruche i szybko si\u0119 \u0142ami\u0105. Ostrza wykonane z mi\u0119kkiej stali natomiast nie p\u0119kaj\u0105, lecz szybko si\u0119 wyginaj\u0105 i trac\u0105 ostro\u015b\u0107.<\/p>\n<p>Typowe dla Damaszku po\u0142\u0105czenie twardej i mi\u0119kkiej stali daje gotowy produkt, kt\u00f3ry nie p\u0119ka (jak stal mi\u0119kka), a jednocze\u015bnie zapewnia dobre zachowanie kraw\u0119dzi (jak twarda stal). Podstawowe materia\u0142y stali damasce\u0144skiej s\u0105 zwykle ze sob\u0105 spawane. Warstwy stali s\u0105 spawane metod\u0105 kucia zgodnie z podstawow\u0105 zasad\u0105: Cie\u0144sze warstwy stali s\u0105 lepsze i \u0142atwiejsze do po\u0142\u0105czenia. Nierzadko zdarza si\u0119, \u017ce na jednym ostrzu spawa si\u0119 kilkaset warstw.<\/p>\n<p>Stal damasce\u0144ska nie odgrywa ju\u017c obecnie roli w produkcji ostrzy ze wzgl\u0119du na dost\u0119pno\u015b\u0107 produkt\u00f3w monostalowych (wykonanych z jednego rodzaju stali) oferuj\u0105cych te same w\u0142a\u015bciwo\u015bci, kt\u00f3re osi\u0105ga stal damasce\u0144ska poprzez po\u0142\u0105czenie dw\u00f3ch lub wi\u0119cej rodzaj\u00f3w stali. Stal damasce\u0144ska jest nadal ceniona ze wzgl\u0119du na sw\u00f3j dekoracyjny wygl\u0105d zewn\u0119trzny i d\u0142ug\u0105 histori\u0119.<\/p>\n<p>D\u0142ugo\u015b\u0107 ca\u0142kowita: 22,5 cm<br \/>\nD\u0142ugo\u015b\u0107 ostrza: 9,7 cm<br \/>\nGrubo\u015b\u0107 ostrza: 3,5 mm<br \/>\nWaga: 156 g<br \/>\nMateria\u0142 ostrza: stal damasce\u0144ska<\/p>\n","protected":false},"excerpt":{"rendered":"<p>B\u00f6ker Solingen Manufaktur kontynuuje niemieck\u0105 tradycj\u0119 s\u0142ynnych no\u017cy od 1869 roku.<br \/>\nBezp\u0142atny transport.<\/p>\n","protected":false},"featured_media":318803,"comment_status":"open","ping_status":"closed","template":"","meta":[],"pwb-brand":[3423],"product_brand":[],"product_cat":[3296,3421],"product_tag":[],"class_list":{"0":"post-318841","1":"product","2":"type-product","3":"status-publish","4":"has-post-thumbnail","6":"pwb-brand-bokera","7":"product_cat-noze-pl","8":"product_cat-noze-damascenskie","10":"first","11":"instock","12":"taxable","13":"shipping-taxable","14":"purchasable","15":"product-type-simple"},"brands":[{"id":3423,"name":"Bokera","slug":"bokera"}],"_links":{"self":[{"href":"https:\/\/www.moskito.cz\/pl\/wp-json\/wp\/v2\/product\/318841","targetHints":{"allow":["GET"]}}],"collection":[{"href":"https:\/\/www.moskito.cz\/pl\/wp-json\/wp\/v2\/product"}],"about":[{"href":"https:\/\/www.moskito.cz\/pl\/wp-json\/wp\/v2\/types\/product"}],"replies":[{"embeddable":true,"href":"https:\/\/www.moskito.cz\/pl\/wp-json\/wp\/v2\/comments?post=318841"}],"wp:featuredmedia":[{"embeddable":true,"href":"https:\/\/www.moskito.cz\/pl\/wp-json\/wp\/v2\/media\/318803"}],"wp:attachment":[{"href":"https:\/\/www.moskito.cz\/pl\/wp-json\/wp\/v2\/media?parent=318841"}],"wp:term":[{"taxonomy":"pwb-brand","embeddable":true,"href":"https:\/\/www.moskito.cz\/pl\/wp-json\/wp\/v2\/pwb-brand?post=318841"},{"taxonomy":"product_brand","embeddable":true,"href":"https:\/\/www.moskito.cz\/pl\/wp-json\/wp\/v2\/product_brand?post=318841"},{"taxonomy":"product_cat","embeddable":true,"href":"https:\/\/www.moskito.cz\/pl\/wp-json\/wp\/v2\/product_cat?post=318841"},{"taxonomy":"product_tag","embeddable":true,"href":"https:\/\/www.moskito.cz\/pl\/wp-json\/wp\/v2\/product_tag?post=318841"}],"curies":[{"name":"wp","href":"https:\/\/api.w.org\/{rel}","templated":true}]}}