{"id":319125,"date":"2022-11-09T22:47:14","date_gmt":"2024-03-18T14:04:36","guid":{"rendered":"https:\/\/www.moskito.cz\/produkt\/naprawiono-noz-extrema-ratio-defender-2-black\/"},"modified":"2025-05-07T11:05:24","modified_gmt":"2025-05-07T10:05:24","slug":"naprawiono-noz-extrema-ratio-defender-2-black","status":"publish","type":"product","link":"https:\/\/www.moskito.cz\/pl\/produkt\/naprawiono-noz-extrema-ratio-defender-2-black\/","title":{"rendered":"Naprawiono n\u00f3\u017c Extrema Ratio DEFENDER 2 BLACK"},"content":{"rendered":"<p>Naprawiono n\u00f3\u017c <strong>Extrema Ratio<\/strong> DEFENDER 2 BLACK.<\/p>\n<p>Wariant bojowy modelu Scout 2 o ultrap\u0142askiej konstrukcji. Ostrze o \u015brednicy 118 mm jest w swojej strukturze l\u017cejsze dzi\u0119ki przep\u0142ywowi krwi. Produkowany jest w dw\u00f3ch wersjach: z pojedyncz\u0105 os\u0142on\u0105 i g\u00f3rnym uchwytem lub w wersji DG z podw\u00f3jn\u0105 os\u0142on\u0105 dla bezpieczniejszego chwytu podczas wykrok\u00f3w. W zestawie czarna kabura kydexowa z mocowaniem w systemie MOLLE. Dost\u0119pna w dw\u00f3ch wersjach BLACK i STONE WASHED<\/p>\n<p>WAGA G: 135<br \/>\nWAGA OZ: 4,76<br \/>\nD\u0141UGO\u015a\u0106 OSTRZA (MM): 118<br \/>\nD\u0141UGO\u015a\u0106 OSTRZA (IN): 4,64<br \/>\nD\u0141UGO\u015a\u0106 CA\u0141KOWITA (MM): 232<br \/>\nD\u0141UGO\u015a\u0106 CA\u0141KOWITA (W): 9,13<br \/>\nGRUBO\u015a\u0106 OSTRZA (MM): 5<br \/>\nGRUBO\u015a\u0106 OSTRZY (V): 0,19<br \/>\nMATERIA\u0141 OSTRZA: STAL B\u00d6HLER N690 (58HRC)<br \/>\nWYKO\u0143CZENIE N\u00d3\u017bA: MIL-C-13924 BURNISH<br \/>\nSTRZA\u0141KA OSTRZA: P\u0141ASKI DRUT<br \/>\nMATERIA\u0141 UCHWYTU: FORPRENE<\/p>\n<p>&nbsp;<\/p>\n","protected":false},"excerpt":{"rendered":"<p>Extrema Ratio z siedzib\u0105 w Prato we W\u0142oszech projektuje i produkuje wysokiej jako\u015bci no\u017ce bojowe, wojskowe, kuchenne, my\u015bliwskie i taktyczne od 1997 roku i cieszy si\u0119 reputacj\u0105 dzi\u0119ki najwy\u017cszej jako\u015bci, kt\u00f3ra nie ma sobie r\u00f3wnych w bran\u017cy no\u017cy wojskowych i taktycznych. <strong>Bezp\u0142atny transport.<\/strong><\/p>\n","protected":false},"featured_media":319126,"comment_status":"open","ping_status":"closed","template":"","meta":[],"pwb-brand":[3666],"product_brand":[],"product_cat":[3296,3297],"product_tag":[3671],"class_list":{"0":"post-319125","1":"product","2":"type-product","3":"status-publish","4":"has-post-thumbnail","6":"pwb-brand-stosunek-ekstremow","7":"product_cat-noze-pl","8":"product_cat-solidne-noze","9":"product_tag-b2b-pl","11":"first","12":"instock","13":"taxable","14":"shipping-taxable","15":"purchasable","16":"product-type-simple"},"brands":[{"id":3666,"name":"Stosunek ekstrem\u00f3w","slug":"stosunek-ekstremow"}],"_links":{"self":[{"href":"https:\/\/www.moskito.cz\/pl\/wp-json\/wp\/v2\/product\/319125","targetHints":{"allow":["GET"]}}],"collection":[{"href":"https:\/\/www.moskito.cz\/pl\/wp-json\/wp\/v2\/product"}],"about":[{"href":"https:\/\/www.moskito.cz\/pl\/wp-json\/wp\/v2\/types\/product"}],"replies":[{"embeddable":true,"href":"https:\/\/www.moskito.cz\/pl\/wp-json\/wp\/v2\/comments?post=319125"}],"wp:featuredmedia":[{"embeddable":true,"href":"https:\/\/www.moskito.cz\/pl\/wp-json\/wp\/v2\/media\/319126"}],"wp:attachment":[{"href":"https:\/\/www.moskito.cz\/pl\/wp-json\/wp\/v2\/media?parent=319125"}],"wp:term":[{"taxonomy":"pwb-brand","embeddable":true,"href":"https:\/\/www.moskito.cz\/pl\/wp-json\/wp\/v2\/pwb-brand?post=319125"},{"taxonomy":"product_brand","embeddable":true,"href":"https:\/\/www.moskito.cz\/pl\/wp-json\/wp\/v2\/product_brand?post=319125"},{"taxonomy":"product_cat","embeddable":true,"href":"https:\/\/www.moskito.cz\/pl\/wp-json\/wp\/v2\/product_cat?post=319125"},{"taxonomy":"product_tag","embeddable":true,"href":"https:\/\/www.moskito.cz\/pl\/wp-json\/wp\/v2\/product_tag?post=319125"}],"curies":[{"name":"wp","href":"https:\/\/api.w.org\/{rel}","templated":true}]}}