{"id":319162,"date":"2022-07-14T17:01:08","date_gmt":"2024-03-18T14:13:04","guid":{"rendered":"https:\/\/www.moskito.cz\/produkt\/naprawiono-taktyczny-noz-extrema-ratio-dobermann-iv\/"},"modified":"2025-05-07T11:05:25","modified_gmt":"2025-05-07T10:05:25","slug":"naprawiono-taktyczny-noz-extrema-ratio-dobermann-iv","status":"publish","type":"product","link":"https:\/\/www.moskito.cz\/pl\/produkt\/naprawiono-taktyczny-noz-extrema-ratio-dobermann-iv\/","title":{"rendered":"Naprawiono taktyczny n\u00f3\u017c Extrema Ratio DOBERMANN IV"},"content":{"rendered":"<p>Naprawiono taktyczny n\u00f3\u017c <strong>Extrema Ratio DOBERMANN<\/strong> IV<\/p>\n<p><strong>DOBERMANN IV<\/strong> ewoluowa\u0142 od pierwszego i najbardziej klasycznego no\u017ca Extrema Ratio, K1 DOBERMANN. Na przestrzeni lat DOBERMANN przeszed\u0142 znacz\u0105c\u0105 zmian\u0119 wygl\u0105du i projektu, aby sprosta\u0107 zmieniaj\u0105cym si\u0119 oczekiwaniom konsument\u00f3w i stale zmieniaj\u0105cym si\u0119 trendom, zachowuj\u0105c jednocze\u015bnie podstawow\u0105 sp\u00f3jno\u015b\u0107 z oryginalnym projektem z 1997 roku. Nawet ta najnowsza wersja wyr\u00f3\u017cnia si\u0119 wytrzyma\u0142o\u015bci\u0105 strukturaln\u0105 i elastyczno\u015bci\u0105 u\u017cytkowania: by\u0107 mo\u017ce nasz najbardziej wszechstronny n\u00f3\u017c DOBERMANN IV nadaje si\u0119 do polowa\u0144, survivalu na \u015bwie\u017cym powietrzu, biwakowania, obrony, a nawet do zastosowa\u0144 wojskowych. Dost\u0119pne wersje: DOBERMANN IV CLASSIC, DOBERMANN IV TACTICAL.<\/p>\n<p>WAGA G.: 336<br \/>\nWAGA uncji: 11,9<br \/>\nD\u0141UGO\u015a\u0106 OSTRZA (MM): 185<br \/>\nD\u0141UGO\u015a\u0106 OSTRZA (IN): 7,3<br \/>\nD\u0141UGO\u015a\u0106 CA\u0141KOWITA (MM): 316<br \/>\nD\u0141UGO\u015a\u0106 CA\u0141KOWITA (IN): 12,4<br \/>\nGRUBO\u015a\u0106 OSTRZA (MM): 6,3<br \/>\nGRUBO\u015a\u0106 OSTRZY (IN): 0,25<br \/>\nMATERIA\u0141 OSTRZA: STAL B\u00d6HLER N690 (58HRC)<br \/>\nWYKO\u0143CZENIE NO\u017bA: MIL-C-13924 UK\u0141ADANIE<br \/>\nSIATKA G\u0141\u00d3WNA: P\u0141ASKA<br \/>\nMATERIA\u0141 UCHWYTU: FORPRENE<\/p>\n<p><iframe title=\"EXTREMA RATIO - DOBERMANN IV TACTICAL\" width=\"800\" height=\"450\" src=\"https:\/\/www.youtube.com\/embed\/8Zvei-h07Z4?feature=oembed\" frameborder=\"0\" allow=\"accelerometer; autoplay; clipboard-write; encrypted-media; gyroscope; picture-in-picture; web-share\" allowfullscreen><\/iframe><\/p>\n<p>&nbsp;<\/p>\n<p>&nbsp;<\/p>\n","protected":false},"excerpt":{"rendered":"<p>Firma Extrema Ratio z siedzib\u0105 w Prato we W\u0142oszech projektuje i produkuje wysokiej jako\u015bci no\u017ce bojowe, wojskowe, kuchenne, my\u015bliwskie i taktyczne od 1997 roku i cieszy si\u0119 reputacj\u0105 dzi\u0119ki najwy\u017cszej jako\u015bci, kt\u00f3ra nie ma sobie r\u00f3wnych w bran\u017cy no\u017cy wojskowych i taktycznych. Bezp\u0142atny transport.<\/p>\n","protected":false},"featured_media":319163,"comment_status":"open","ping_status":"closed","template":"","meta":[],"pwb-brand":[3666],"product_brand":[],"product_cat":[3296,3297],"product_tag":[3671],"class_list":{"0":"post-319162","1":"product","2":"type-product","3":"status-publish","4":"has-post-thumbnail","6":"pwb-brand-stosunek-ekstremow","7":"product_cat-noze-pl","8":"product_cat-solidne-noze","9":"product_tag-b2b-pl","11":"first","12":"instock","13":"taxable","14":"shipping-taxable","15":"purchasable","16":"product-type-simple"},"brands":[{"id":3666,"name":"Stosunek ekstrem\u00f3w","slug":"stosunek-ekstremow"}],"_links":{"self":[{"href":"https:\/\/www.moskito.cz\/pl\/wp-json\/wp\/v2\/product\/319162","targetHints":{"allow":["GET"]}}],"collection":[{"href":"https:\/\/www.moskito.cz\/pl\/wp-json\/wp\/v2\/product"}],"about":[{"href":"https:\/\/www.moskito.cz\/pl\/wp-json\/wp\/v2\/types\/product"}],"replies":[{"embeddable":true,"href":"https:\/\/www.moskito.cz\/pl\/wp-json\/wp\/v2\/comments?post=319162"}],"wp:featuredmedia":[{"embeddable":true,"href":"https:\/\/www.moskito.cz\/pl\/wp-json\/wp\/v2\/media\/319163"}],"wp:attachment":[{"href":"https:\/\/www.moskito.cz\/pl\/wp-json\/wp\/v2\/media?parent=319162"}],"wp:term":[{"taxonomy":"pwb-brand","embeddable":true,"href":"https:\/\/www.moskito.cz\/pl\/wp-json\/wp\/v2\/pwb-brand?post=319162"},{"taxonomy":"product_brand","embeddable":true,"href":"https:\/\/www.moskito.cz\/pl\/wp-json\/wp\/v2\/product_brand?post=319162"},{"taxonomy":"product_cat","embeddable":true,"href":"https:\/\/www.moskito.cz\/pl\/wp-json\/wp\/v2\/product_cat?post=319162"},{"taxonomy":"product_tag","embeddable":true,"href":"https:\/\/www.moskito.cz\/pl\/wp-json\/wp\/v2\/product_tag?post=319162"}],"curies":[{"name":"wp","href":"https:\/\/api.w.org\/{rel}","templated":true}]}}