{"id":319193,"date":"2021-04-27T21:08:05","date_gmt":"2024-03-18T14:14:54","guid":{"rendered":"https:\/\/www.moskito.cz\/produkt\/naprawiono-extrema-ratio-nimbus-ordinanza\/"},"modified":"2025-07-11T07:54:49","modified_gmt":"2025-07-11T06:54:49","slug":"naprawiono-extrema-ratio-nimbus-ordinanza","status":"publish","type":"product","link":"https:\/\/www.moskito.cz\/pl\/produkt\/naprawiono-extrema-ratio-nimbus-ordinanza\/","title":{"rendered":"Naprawiono Extrema Ratio NIMBUS ORDINANZA"},"content":{"rendered":"<p>Naprawiono <strong>Extrema Ratio<\/strong> NIMBUS ORDINANZA.<\/p>\n<p>NIMBUS zosta\u0142 zam\u00f3wiony i odebrany przez s\u0142ynnego 183. przez Pu\u0142k Nembo (Desantowo-Desantowy), przegl\u0105daj\u0105c dobrze znany Model 39-09.<\/p>\n<p>N\u00f3\u017c ten upami\u0119tnia bitw\u0119 pod Case Grizzano, kt\u00f3ra mia\u0142a miejsce 19 Kwiecie\u0144 1945 pomi\u0119dzy spadochroniarzami Nembo a niemieck\u0105 1 Dywizj\u0105 Fallschirmj\u00e4ger \u201eZielone Diab\u0142y\u201d, 12-godzinna, niezwykle zaciek\u0142a i krwawa potyczka wr\u0119cz na ostrza.<\/p>\n<p>Niezale\u017cnie od tego, \u017ce za kilka dni II wojna \u015bwiatowa zako\u0144czy\u0142a si\u0119, a jedna trzecia spadochroniarzy poleg\u0142a na polu bitwy, Nembo t\u0119 zaci\u0119t\u0105 bitw\u0119 wygra\u0142. NIMBUS to znacznie wi\u0119cej ni\u017c tylko model do \u015bwi\u0119towania wydarzenia, n\u00f3\u017c zosta\u0142 opracowany z technicznego punktu widzenia tak, aby m\u00f3g\u0142 by\u0107 faktycznie u\u017cywany do nowoczesnych cel\u00f3w bojowych.<\/p>\n<p>Szczeg\u00f3ln\u0105 uwag\u0119 zwr\u00f3cono na cechy techniczne, takie jak wymiary, kszta\u0142t i opakowanie Kydex, umo\u017cliwiaj\u0105ce noszenie na tak r\u00f3\u017cne sposoby taktyczne.<\/p>\n<p>KARTA TECHNICZNA<br \/>\nWaga g.: 203<br \/>\nWaga ok.: 7,16<br \/>\nD\u0142ugo\u015b\u0107 ostrza (mm): 141<br \/>\nD\u0142ugo\u015b\u0107 ostrza (cale): 5,55<br \/>\nD\u0142ugo\u015b\u0107 ca\u0142kowita (mm): 263<br \/>\nD\u0142ugo\u015b\u0107 ca\u0142kowita (w calach): 10,35<br \/>\nGrubo\u015b\u0107 ostrza (mm): 5<br \/>\nGrubo\u015b\u0107 ostrza (w calach): 0,20<br \/>\nMateria\u0142 ostrza: STAL B\u00f6HLER N690 (58HRC)<br \/>\nWyko\u0144czenie ostrza: OGRZEWANIE MIL-C-13924<br \/>\nG\u0142\u00f3wna siatka: P\u0141ASKA<br \/>\nMateria\u0142 r\u0119koje\u015bci: FORPREN<\/p>\n","protected":false},"excerpt":{"rendered":"<p><strong>Firma Extrema Ratio<\/strong> z siedzib\u0105 w Prato we W\u0142oszech projektuje i produkuje wysokiej jako\u015bci no\u017ce bojowe, wojskowe, kuchenne, my\u015bliwskie i taktyczne od 1997 roku i cieszy si\u0119 reputacj\u0105 dzi\u0119ki najwy\u017cszej jako\u015bci, kt\u00f3ra nie ma sobie r\u00f3wnych w bran\u017cy no\u017cy wojskowych i taktycznych. <strong>Bezp\u0142atny transport.<\/strong><\/p>\n","protected":false},"featured_media":402344,"comment_status":"open","ping_status":"closed","template":"","meta":[],"pwb-brand":[3666],"product_brand":[],"product_cat":[3296,3297],"product_tag":[],"class_list":{"0":"post-319193","1":"product","2":"type-product","3":"status-publish","4":"has-post-thumbnail","6":"pwb-brand-stosunek-ekstremow","7":"product_cat-noze-pl","8":"product_cat-solidne-noze","10":"first","11":"instock","12":"taxable","13":"shipping-taxable","14":"purchasable","15":"product-type-simple"},"brands":[{"id":3666,"name":"Stosunek ekstrem\u00f3w","slug":"stosunek-ekstremow"}],"_links":{"self":[{"href":"https:\/\/www.moskito.cz\/pl\/wp-json\/wp\/v2\/product\/319193","targetHints":{"allow":["GET"]}}],"collection":[{"href":"https:\/\/www.moskito.cz\/pl\/wp-json\/wp\/v2\/product"}],"about":[{"href":"https:\/\/www.moskito.cz\/pl\/wp-json\/wp\/v2\/types\/product"}],"replies":[{"embeddable":true,"href":"https:\/\/www.moskito.cz\/pl\/wp-json\/wp\/v2\/comments?post=319193"}],"wp:featuredmedia":[{"embeddable":true,"href":"https:\/\/www.moskito.cz\/pl\/wp-json\/wp\/v2\/media\/402344"}],"wp:attachment":[{"href":"https:\/\/www.moskito.cz\/pl\/wp-json\/wp\/v2\/media?parent=319193"}],"wp:term":[{"taxonomy":"pwb-brand","embeddable":true,"href":"https:\/\/www.moskito.cz\/pl\/wp-json\/wp\/v2\/pwb-brand?post=319193"},{"taxonomy":"product_brand","embeddable":true,"href":"https:\/\/www.moskito.cz\/pl\/wp-json\/wp\/v2\/product_brand?post=319193"},{"taxonomy":"product_cat","embeddable":true,"href":"https:\/\/www.moskito.cz\/pl\/wp-json\/wp\/v2\/product_cat?post=319193"},{"taxonomy":"product_tag","embeddable":true,"href":"https:\/\/www.moskito.cz\/pl\/wp-json\/wp\/v2\/product_tag?post=319193"}],"curies":[{"name":"wp","href":"https:\/\/api.w.org\/{rel}","templated":true}]}}