{"id":319241,"date":"2021-04-27T21:30:01","date_gmt":"2024-03-18T14:15:02","guid":{"rendered":"https:\/\/www.moskito.cz\/produkt\/naprawiono-noz-extrema-ratio-nimbus-edycja-specjalna\/"},"modified":"2025-07-11T07:54:52","modified_gmt":"2025-07-11T06:54:52","slug":"naprawiono-noz-extrema-ratio-nimbus-edycja-specjalna","status":"publish","type":"product","link":"https:\/\/www.moskito.cz\/pl\/produkt\/naprawiono-noz-extrema-ratio-nimbus-edycja-specjalna\/","title":{"rendered":"Naprawiono n\u00f3\u017c Extrema Ratio NIMBUS EDYCJA SPECJALNA"},"content":{"rendered":"<p>Naprawiono n\u00f3\u017c <strong>Extrema Ratio<\/strong> NIMBUS EDYCJA SPECJALNA.<\/p>\n<p>NIMBUS zosta\u0142 zam\u00f3wiony i odebrany przez s\u0142ynnego 183. przez pu\u0142k Nembo (Desantowo-Desantowy) poprzez przer\u00f3bk\u0119 dobrze znanego modelu 39-09.<\/p>\n<p>N\u00f3\u017c ten upami\u0119tnia bitw\u0119 pod Case Grizzano, kt\u00f3ra mia\u0142a miejsce 19 Kwiecie\u0144 1945 pomi\u0119dzy spadochroniarzami Nembo a niemieck\u0105 1 Dywizj\u0105 Fallschirmj\u00e4ger \u201eZielone Diab\u0142y\u201d, 12-godzinna, niezwykle zaciek\u0142a i krwawa potyczka wr\u0119cz na ostrza.<\/p>\n<p>Niezale\u017cnie od tego, \u017ce za kilka dni II wojna \u015bwiatowa zako\u0144czy\u0142a si\u0119 i jedna trzecia spadochroniarzy poleg\u0142a na polu bitwy, Nembo t\u0119 zaci\u0119t\u0105 bitw\u0119 wygra\u0142. NIMBUS to znacznie wi\u0119cej ni\u017c tylko model do \u015bwi\u0119towania wydarzenia, n\u00f3\u017c zosta\u0142 opracowany z technicznego punktu widzenia tak, aby m\u00f3g\u0142 by\u0107 faktycznie u\u017cywany do nowoczesnych cel\u00f3w bojowych.<\/p>\n<p>Szczeg\u00f3ln\u0105 uwag\u0119 zwr\u00f3cono na cechy techniczne takie jak wymiary i kszta\u0142t.<\/p>\n<p>Ostrze taktyczne jest lekkie i kompaktowe, co u\u0142atwia obs\u0142ug\u0119 do\u015bwiadczonemu operatorowi.<\/p>\n<p>NIMBUS jest dost\u0119pny w trzech wersjach: Operativo, Ordinanza i Special Edition.<\/p>\n<p>Edycja specjalna jest dostarczana z drewnian\u0105 r\u0105czk\u0105, satynowym ostrzem, sk\u00f3rzanym etui i sk\u00f3rzanym specjalnym etui.<\/p>\n<p>Waga g.: 199<br \/>\nWaga ok.: 7,02<br \/>\nD\u0142ugo\u015b\u0107 ostrza (mm): 141<br \/>\nD\u0142ugo\u015b\u0107 ostrza (cale): 5,55<br \/>\nD\u0142ugo\u015b\u0107 ca\u0142kowita (mm): 263<br \/>\nD\u0142ugo\u015b\u0107 ca\u0142kowita (w calach): 10,35<br \/>\nGrubo\u015b\u0107 ostrza (mm): 5<br \/>\nGrubo\u015b\u0107 ostrza (w calach): 0,20<br \/>\nMateria\u0142 ostrza: STAL B\u00f6HLER N690 (58HRC)<br \/>\nObr\u00f3bka powierzchni ostrza: SATYNA<br \/>\nG\u0142\u00f3wna siatka: P\u0141ASKA<br \/>\nMateria\u0142 r\u0119koje\u015bci: DREWNO<\/p>\n<pre id=\"tw-target-text\" class=\"tw-data-text tw-text-large XcVN5d tw-ta\" dir=\"ltr\" data-placeholder=\"P\u0159eklad\"><span class=\"Y2IQFc\" lang=\"cs\"> <\/span><\/pre>\n","protected":false},"excerpt":{"rendered":"<p><strong>Firma Extrema Ratio<\/strong> z siedzib\u0105 w Prato we W\u0142oszech projektuje i produkuje wysokiej jako\u015bci no\u017ce bojowe, wojskowe, kuchenne, my\u015bliwskie i taktyczne od 1997 roku i cieszy si\u0119 reputacj\u0105 dzi\u0119ki najwy\u017cszej jako\u015bci, kt\u00f3ra nie ma sobie r\u00f3wnych w bran\u017cy no\u017cy wojskowych i taktycznych. <strong>Bezp\u0142atny transport.<\/strong><\/p>\n","protected":false},"featured_media":319246,"comment_status":"open","ping_status":"closed","template":"","meta":[],"pwb-brand":[3666],"product_brand":[],"product_cat":[3296,3297],"product_tag":[3671],"class_list":{"0":"post-319241","1":"product","2":"type-product","3":"status-publish","4":"has-post-thumbnail","6":"pwb-brand-stosunek-ekstremow","7":"product_cat-noze-pl","8":"product_cat-solidne-noze","9":"product_tag-b2b-pl","11":"first","12":"instock","13":"taxable","14":"shipping-taxable","15":"purchasable","16":"product-type-simple"},"brands":[{"id":3666,"name":"Stosunek ekstrem\u00f3w","slug":"stosunek-ekstremow"}],"_links":{"self":[{"href":"https:\/\/www.moskito.cz\/pl\/wp-json\/wp\/v2\/product\/319241","targetHints":{"allow":["GET"]}}],"collection":[{"href":"https:\/\/www.moskito.cz\/pl\/wp-json\/wp\/v2\/product"}],"about":[{"href":"https:\/\/www.moskito.cz\/pl\/wp-json\/wp\/v2\/types\/product"}],"replies":[{"embeddable":true,"href":"https:\/\/www.moskito.cz\/pl\/wp-json\/wp\/v2\/comments?post=319241"}],"wp:featuredmedia":[{"embeddable":true,"href":"https:\/\/www.moskito.cz\/pl\/wp-json\/wp\/v2\/media\/319246"}],"wp:attachment":[{"href":"https:\/\/www.moskito.cz\/pl\/wp-json\/wp\/v2\/media?parent=319241"}],"wp:term":[{"taxonomy":"pwb-brand","embeddable":true,"href":"https:\/\/www.moskito.cz\/pl\/wp-json\/wp\/v2\/pwb-brand?post=319241"},{"taxonomy":"product_brand","embeddable":true,"href":"https:\/\/www.moskito.cz\/pl\/wp-json\/wp\/v2\/product_brand?post=319241"},{"taxonomy":"product_cat","embeddable":true,"href":"https:\/\/www.moskito.cz\/pl\/wp-json\/wp\/v2\/product_cat?post=319241"},{"taxonomy":"product_tag","embeddable":true,"href":"https:\/\/www.moskito.cz\/pl\/wp-json\/wp\/v2\/product_tag?post=319241"}],"curies":[{"name":"wp","href":"https:\/\/api.w.org\/{rel}","templated":true}]}}