{"id":319478,"date":"2022-11-17T16:24:58","date_gmt":"2024-03-18T14:32:23","guid":{"rendered":"https:\/\/www.moskito.cz\/produkt\/ostrzarka-extrema-ratio-podwojne-ziarna\/"},"modified":"2025-05-07T11:05:30","modified_gmt":"2025-05-07T10:05:30","slug":"ostrzarka-extrema-ratio-podwojne-ziarna","status":"publish","type":"product","link":"https:\/\/www.moskito.cz\/pl\/produkt\/ostrzarka-extrema-ratio-podwojne-ziarna\/","title":{"rendered":"OSTRZARKA Extrema Ratio PODW\u00d3JNE ZIARNA"},"content":{"rendered":"<p>OSTRZARKA <strong>Extrema Ratio<\/strong> PODW\u00d3JNE ZIARNA<\/p>\n<p>\u015aciernica dwuziarnista z w\u0119glika krzemu. Sk\u0142ada si\u0119 ze strony gruboziarnistej (180) i drobnoziarnistej (400), aby zapewni\u0107 mocniejsze ostrzenie. W zestawie pochwa z cordury.<\/p>\n","protected":false},"excerpt":{"rendered":"<p>Extrema Ratio z siedzib\u0105 w Prato we W\u0142oszech projektuje i produkuje wysokiej jako\u015bci no\u017ce bojowe, wojskowe, kuchenne, my\u015bliwskie i taktyczne od 1997 roku i cieszy si\u0119 reputacj\u0105 dzi\u0119ki najwy\u017cszej jako\u015bci, kt\u00f3ra nie ma sobie r\u00f3wnych w bran\u017cy no\u017cy wojskowych i taktycznych.<\/p>\n","protected":false},"featured_media":319486,"comment_status":"open","ping_status":"closed","template":"","meta":[],"pwb-brand":[3666],"product_brand":[],"product_cat":[3345],"product_tag":[3671],"class_list":{"0":"post-319478","1":"product","2":"type-product","3":"status-publish","4":"has-post-thumbnail","6":"pwb-brand-stosunek-ekstremow","7":"product_cat-tarcze-szlifierskie-i-stal","8":"product_tag-b2b-pl","10":"first","11":"instock","12":"taxable","13":"shipping-taxable","14":"purchasable","15":"product-type-simple"},"brands":[{"id":3666,"name":"Stosunek ekstrem\u00f3w","slug":"stosunek-ekstremow"}],"_links":{"self":[{"href":"https:\/\/www.moskito.cz\/pl\/wp-json\/wp\/v2\/product\/319478","targetHints":{"allow":["GET"]}}],"collection":[{"href":"https:\/\/www.moskito.cz\/pl\/wp-json\/wp\/v2\/product"}],"about":[{"href":"https:\/\/www.moskito.cz\/pl\/wp-json\/wp\/v2\/types\/product"}],"replies":[{"embeddable":true,"href":"https:\/\/www.moskito.cz\/pl\/wp-json\/wp\/v2\/comments?post=319478"}],"wp:featuredmedia":[{"embeddable":true,"href":"https:\/\/www.moskito.cz\/pl\/wp-json\/wp\/v2\/media\/319486"}],"wp:attachment":[{"href":"https:\/\/www.moskito.cz\/pl\/wp-json\/wp\/v2\/media?parent=319478"}],"wp:term":[{"taxonomy":"pwb-brand","embeddable":true,"href":"https:\/\/www.moskito.cz\/pl\/wp-json\/wp\/v2\/pwb-brand?post=319478"},{"taxonomy":"product_brand","embeddable":true,"href":"https:\/\/www.moskito.cz\/pl\/wp-json\/wp\/v2\/product_brand?post=319478"},{"taxonomy":"product_cat","embeddable":true,"href":"https:\/\/www.moskito.cz\/pl\/wp-json\/wp\/v2\/product_cat?post=319478"},{"taxonomy":"product_tag","embeddable":true,"href":"https:\/\/www.moskito.cz\/pl\/wp-json\/wp\/v2\/product_tag?post=319478"}],"curies":[{"name":"wp","href":"https:\/\/api.w.org\/{rel}","templated":true}]}}