{"id":319483,"date":"2021-07-14T16:37:08","date_gmt":"2024-03-18T14:32:23","guid":{"rendered":"https:\/\/www.moskito.cz\/produkt\/naprawiono-noz-extrema-ratio-selvans-zielony\/"},"modified":"2025-05-07T11:05:30","modified_gmt":"2025-05-07T10:05:30","slug":"naprawiono-noz-extrema-ratio-selvans-zielony","status":"publish","type":"product","link":"https:\/\/www.moskito.cz\/pl\/produkt\/naprawiono-noz-extrema-ratio-selvans-zielony\/","title":{"rendered":"Naprawiono n\u00f3\u017c Extrema Ratio SELVANS ZIELONY"},"content":{"rendered":"<p>Naprawiono n\u00f3\u017c <strong>Extrema Ratio<\/strong> SELVANS ZIELONY.<\/p>\n<p>SELVANS powsta\u0142 w wyniku wsp\u00f3\u0142pracy Extrema Ratio i g\u0142\u00f3wnego instruktora Daniele Dal Canto z FISSS (W\u0142oskiej Federacji Przetrwania). Jest to modyfikacja ONTOS \u2013 wojskowego no\u017ca survivalowego \u2013 maj\u0105ca na celu zwi\u0119kszenie jego efektywno\u015bci jako narz\u0119dzia cywilnego. D\u0142u\u017csza r\u0105czka i ci\u0119\u017csze ostrze pozwalaj\u0105 na lepsze siekanie i krojenie.<\/p>\n<p>Ulepszony zestaw przetrwania (nale\u017cy zakupi\u0107 osobno) zawiera: gwizdek, kieszonkow\u0105 pi\u0142\u0119 \u0142a\u0144cuchow\u0105, tabletki do czyszczenia wody, kompas, drut miedziany, krzemie\u0144 i wybijak, latark\u0119 LED, paracord o d\u0142ugo\u015bci 2,5 m i temper\u00f3wk\u0119. Dost\u0119pne wersje: SELVANS DESERT, SELVANS GREEN.<br \/>\nKARTA TECHNICZNA<br \/>\nWaga g.: 430<br \/>\nWaga uncji: 15,2<br \/>\nD\u0142ugo\u015b\u0107 ostrza (mm): 160<br \/>\nD\u0142ugo\u015b\u0107 ostrza (cale): 6,3<br \/>\nD\u0142ugo\u015b\u0107 ca\u0142kowita (mm): 312<br \/>\nD\u0142ugo\u015b\u0107 ca\u0142kowita (cale): 12,3<br \/>\nGrubo\u015b\u0107 ostrza (mm): 6,3<br \/>\nGrubo\u015b\u0107 ostrza (cale): 0,25<br \/>\nMateria\u0142 ostrza: STAL B\u00f6HLER N690 (58HRC)<br \/>\nWyko\u0144czenie ostrza: MIL-C-13924<\/p>\n","protected":false},"excerpt":{"rendered":"<p><strong>Firma Extrema Ratio<\/strong> z siedzib\u0105 w Prato we W\u0142oszech projektuje i produkuje wysokiej jako\u015bci no\u017ce bojowe, wojskowe, kuchenne, my\u015bliwskie i taktyczne od 1997 roku i cieszy si\u0119 reputacj\u0105 dzi\u0119ki najwy\u017cszej jako\u015bci, kt\u00f3ra nie ma sobie r\u00f3wnych w bran\u017cy no\u017cy wojskowych i taktycznych. <strong>Bezp\u0142atny transport.<\/strong><\/p>\n","protected":false},"featured_media":319494,"comment_status":"open","ping_status":"closed","template":"","meta":[],"pwb-brand":[3666],"product_brand":[],"product_cat":[3296,3297],"product_tag":[3671],"class_list":{"0":"post-319483","1":"product","2":"type-product","3":"status-publish","4":"has-post-thumbnail","6":"pwb-brand-stosunek-ekstremow","7":"product_cat-noze-pl","8":"product_cat-solidne-noze","9":"product_tag-b2b-pl","11":"first","12":"instock","13":"taxable","14":"shipping-taxable","15":"purchasable","16":"product-type-simple"},"brands":[{"id":3666,"name":"Stosunek ekstrem\u00f3w","slug":"stosunek-ekstremow"}],"_links":{"self":[{"href":"https:\/\/www.moskito.cz\/pl\/wp-json\/wp\/v2\/product\/319483","targetHints":{"allow":["GET"]}}],"collection":[{"href":"https:\/\/www.moskito.cz\/pl\/wp-json\/wp\/v2\/product"}],"about":[{"href":"https:\/\/www.moskito.cz\/pl\/wp-json\/wp\/v2\/types\/product"}],"replies":[{"embeddable":true,"href":"https:\/\/www.moskito.cz\/pl\/wp-json\/wp\/v2\/comments?post=319483"}],"wp:featuredmedia":[{"embeddable":true,"href":"https:\/\/www.moskito.cz\/pl\/wp-json\/wp\/v2\/media\/319494"}],"wp:attachment":[{"href":"https:\/\/www.moskito.cz\/pl\/wp-json\/wp\/v2\/media?parent=319483"}],"wp:term":[{"taxonomy":"pwb-brand","embeddable":true,"href":"https:\/\/www.moskito.cz\/pl\/wp-json\/wp\/v2\/pwb-brand?post=319483"},{"taxonomy":"product_brand","embeddable":true,"href":"https:\/\/www.moskito.cz\/pl\/wp-json\/wp\/v2\/product_brand?post=319483"},{"taxonomy":"product_cat","embeddable":true,"href":"https:\/\/www.moskito.cz\/pl\/wp-json\/wp\/v2\/product_cat?post=319483"},{"taxonomy":"product_tag","embeddable":true,"href":"https:\/\/www.moskito.cz\/pl\/wp-json\/wp\/v2\/product_tag?post=319483"}],"curies":[{"name":"wp","href":"https:\/\/api.w.org\/{rel}","templated":true}]}}