{"id":319547,"date":"2023-08-10T15:14:08","date_gmt":"2024-03-18T14:32:26","guid":{"rendered":"https:\/\/www.moskito.cz\/produkt\/noz-zamykajacy-extrema-ratio-rao-ii-expeditions\/"},"modified":"2025-05-07T11:05:32","modified_gmt":"2025-05-07T10:05:32","slug":"noz-zamykajacy-extrema-ratio-rao-ii-expeditions","status":"publish","type":"product","link":"https:\/\/www.moskito.cz\/pl\/produkt\/noz-zamykajacy-extrema-ratio-rao-ii-expeditions\/","title":{"rendered":"N\u00f3\u017c zamykaj\u0105cy Extrema Ratio RAO II EXPEDITIONS"},"content":{"rendered":"<p>N\u00f3\u017c zamykaj\u0105cy <strong>Extrema Ratio<\/strong> RAO II EXPEDITIONS<\/p>\n<p>Seria Expedition, nowa linia narz\u0119dzi przeznaczona dla profesjonalnych odkrywc\u00f3w, obejmuje model no\u017ca sk\u0142adanego, RAO II Expeditions.<\/p>\n<p>No\u017ce z serii Expedition oferuj\u0105 t\u0119 sam\u0105 niezawodno\u015b\u0107 i wysok\u0105 jako\u015b\u0107, co ka\u017cde inne narz\u0119dzie taktyczne Extrema Ratio dostarczane wojskowym si\u0142om specjalnym i organom \u015bcigania. Rao II Expeditions to narz\u0119dzie, kt\u00f3re dzi\u0119ki swojej konstrukcji i pomimo swojej kompaktowo\u015bci gwarantuje t\u0119 sam\u0105 funkcjonalno\u015b\u0107 i cechy, co znacznie wi\u0119kszy i solidniejszy produkt.<\/p>\n<p>Posiada r\u0105czk\u0119 i obudow\u0119 w pustynnym kolorze, jak ka\u017cdy inny model z linii Expedition. Posiada ostrze ze stali B\u00d6HLER N690 (58HRC) z polerowaniem MIL-C-13924 i wyko\u0144czeniem stonewashed (wyko\u0144czenie DARK STONE). Rao II Expeditions posiada ergonomiczn\u0105 r\u0119koje\u015b\u0107 ze skal\u0105 z zaokr\u0105glonymi g\u00f3rnymi k\u0105tami i ostrzem typu drop point.<\/p>\n<p>Inspirowany jest modelem ostrza tanto RAO u\u017cywanym przez w\u0142oskiego 185\u00b0 Rgt. Uznanie i przej\u0119cie Obiettivi \u201eFOLGORE\u201d (185\u00b0 RAO). Nowy n\u00f3\u017c sk\u0142adany Expedition mo\u017ce by\u0107 z \u0142atwo\u015bci\u0105 u\u017cywany do ci\u0119\u017ckich prac, dzi\u0119ki niezwykle wytrzyma\u0142emu mechanizmowi blokuj\u0105cemu, kt\u00f3ry jest wspierany przez zabezpieczenie, co czyni go naprawd\u0119 solidnym ostrzem.<\/p>\n<p>Cz\u0119\u015b\u0107 ochronna r\u0119koje\u015bci z litego aluminium Anticorodal wyposa\u017cona jest w gwintowany stalowy trzpie\u0144, kt\u00f3ry mo\u017cna r\u0119cznie wkr\u0119ci\u0107 przez dwa otwory; zosta\u0142o to dodane, aby zagwarantowa\u0107 100% trwa\u0142o\u015b\u0107 mechanizmu blokuj\u0105cego ze wzgl\u0119du na intensywne u\u017cytkowanie i si\u0142\u0119 uderzenia spowodowan\u0105 ci\u0119\u017carem narz\u0119dzia. Maksymalne bezpiecze\u0144stwo u\u017cytkownika gwarantuje wkr\u0119cenie sworznia w siode\u0142ko.<\/p>\n<p>Wszystkie modele serii Expeditions wyposa\u017cone s\u0105 w skrzynie w kolorze pustynnym oraz, mi\u0119dzy innymi, w ognist\u0105 stal do rozpalania ognisk. RAO II Expeditions nie jest wyj\u0105tkiem i jest wyposa\u017cony w pustynn\u0105 torb\u0119 z Cordury, kt\u00f3ra jest istotn\u0105 cz\u0119\u015bci\u0105 systemu no\u015bnego.<\/p>\n<p>To szczeg\u00f3lne etui pozwala na noszenie no\u017ca z zamkni\u0119tym ostrzem poprzez umieszczenie go w specjalnej kieszeni przedniej lub z otwartym ostrzem poprzez umieszczenie go w dedykowanej komorze wyposa\u017conej w system bezpiecze\u0144stwa sk\u0142adaj\u0105cy si\u0119 z paska z podw\u00f3jnymi klipsami. Opr\u00f3cz stali ogniowej dost\u0119pna jest r\u00f3wnie\u017c ostrza\u0142ka diamentowa. System mocowania kabury MOLLE pozwala na noszenie jej na kamizelkach taktycznych i zwyk\u0142ych pasach.<\/p>\n<p>&nbsp;<\/p>\n<p>Waga g: 332<br \/>\nuncja masy: 11,4<br \/>\nD\u0142ugo\u015b\u0107 ostrza: 11,9 cm<br \/>\nD\u0142ugo\u015b\u0107 ca\u0142kowita: 26,3 cm<br \/>\nGrubo\u015b\u0107 ostrza: 0,6 cm<br \/>\nMateria\u0142 ostrza: STAL B\u00f6HLER N690 (58HRC)<br \/>\nObr\u00f3bka powierzchni ostrza: CIEMNY KAMIE\u0143<br \/>\nG\u0142\u00f3wny szlif: P\u0141ASKI<br \/>\nMateria\u0142 r\u0119koje\u015bci: ALUMINIUM ANTYKORODOWANE<\/p>\n<p><iframe title=\"RAO II Expeditions - The sound of the adventure.\" width=\"800\" height=\"450\" src=\"https:\/\/www.youtube.com\/embed\/-eqW9x0DcNs?feature=oembed\" frameborder=\"0\" allow=\"accelerometer; autoplay; clipboard-write; encrypted-media; gyroscope; picture-in-picture; web-share\" allowfullscreen><\/iframe><\/p>\n<p>&nbsp;<\/p>\n<p>&nbsp;<\/p>\n","protected":false},"excerpt":{"rendered":"<p><strong>No\u017ce z serii Expedition oferuj\u0105 t\u0119 sam\u0105 niezawodno\u015b\u0107 i wysok\u0105 jako\u015b\u0107, co ka\u017cde inne narz\u0119dzie taktyczne Extrema Ratio dostarczane wojskowym si\u0142om specjalnym i organom \u015bcigania.<\/strong><\/p>\n","protected":false},"featured_media":319556,"comment_status":"open","ping_status":"closed","template":"","meta":[],"pwb-brand":[3666],"product_brand":[],"product_cat":[3296,3307],"product_tag":[3671],"class_list":{"0":"post-319547","1":"product","2":"type-product","3":"status-publish","4":"has-post-thumbnail","6":"pwb-brand-stosunek-ekstremow","7":"product_cat-noze-pl","8":"product_cat-zamykanie-nozy","9":"product_tag-b2b-pl","11":"first","12":"outofstock","13":"taxable","14":"shipping-taxable","15":"purchasable","16":"product-type-simple"},"brands":[{"id":3666,"name":"Stosunek ekstrem\u00f3w","slug":"stosunek-ekstremow"}],"_links":{"self":[{"href":"https:\/\/www.moskito.cz\/pl\/wp-json\/wp\/v2\/product\/319547","targetHints":{"allow":["GET"]}}],"collection":[{"href":"https:\/\/www.moskito.cz\/pl\/wp-json\/wp\/v2\/product"}],"about":[{"href":"https:\/\/www.moskito.cz\/pl\/wp-json\/wp\/v2\/types\/product"}],"replies":[{"embeddable":true,"href":"https:\/\/www.moskito.cz\/pl\/wp-json\/wp\/v2\/comments?post=319547"}],"wp:featuredmedia":[{"embeddable":true,"href":"https:\/\/www.moskito.cz\/pl\/wp-json\/wp\/v2\/media\/319556"}],"wp:attachment":[{"href":"https:\/\/www.moskito.cz\/pl\/wp-json\/wp\/v2\/media?parent=319547"}],"wp:term":[{"taxonomy":"pwb-brand","embeddable":true,"href":"https:\/\/www.moskito.cz\/pl\/wp-json\/wp\/v2\/pwb-brand?post=319547"},{"taxonomy":"product_brand","embeddable":true,"href":"https:\/\/www.moskito.cz\/pl\/wp-json\/wp\/v2\/product_brand?post=319547"},{"taxonomy":"product_cat","embeddable":true,"href":"https:\/\/www.moskito.cz\/pl\/wp-json\/wp\/v2\/product_cat?post=319547"},{"taxonomy":"product_tag","embeddable":true,"href":"https:\/\/www.moskito.cz\/pl\/wp-json\/wp\/v2\/product_tag?post=319547"}],"curies":[{"name":"wp","href":"https:\/\/api.w.org\/{rel}","templated":true}]}}