{"id":319610,"date":"2022-09-22T22:06:21","date_gmt":"2024-03-18T14:32:28","guid":{"rendered":"https:\/\/www.moskito.cz\/produkt\/naprawiono-wspolczynnik-ekstrema-noza-wyprawy-selvans\/"},"modified":"2025-05-07T11:05:32","modified_gmt":"2025-05-07T10:05:32","slug":"naprawiono-wspolczynnik-ekstrema-noza-wyprawy-selvans","status":"publish","type":"product","link":"https:\/\/www.moskito.cz\/pl\/produkt\/naprawiono-wspolczynnik-ekstrema-noza-wyprawy-selvans\/","title":{"rendered":"Naprawiono wsp\u00f3\u0142czynnik ekstrema no\u017ca WYPRAWY SELVANS"},"content":{"rendered":"<p>Naprawiono wsp\u00f3\u0142czynnik <strong>ekstrema no\u017ca<\/strong> WYPRAWY SELVANS.<\/p>\n<p>Seria Expedition to nowa linia narz\u0119dzi przeznaczona dla profesjonalnych odkrywc\u00f3w.<\/p>\n<p>No\u017ce z serii Expedition oferuj\u0105 t\u0119 sam\u0105 niezawodno\u015b\u0107 i wysok\u0105 jako\u015b\u0107, co ka\u017cde inne narz\u0119dzie taktyczne Extrema Ratio dostarczane wojskowym si\u0142om specjalnym i organom \u015bcigania.<\/p>\n<p>Selvans Expeditions powsta\u0142o w wyniku wsp\u00f3\u0142pracy Extrema Ratio i g\u0142\u00f3wnego instruktora zaawansowanego Daniele Dal Canto. Jest efektem modyfikacji wojskowego no\u017ca survivalowego ONTOS, maj\u0105cej na celu zwi\u0119kszenie jego efektywno\u015bci jako narz\u0119dzia cywilnego.<\/p>\n<p>D\u0142u\u017csza r\u0105czka i ci\u0119\u017csze ostrze pozwalaj\u0105 na lepsze siekanie i krojenie. W zestawie pusty sztruksowa \u0142adownica z systemem MOLLE, bezpieczny pasek na rami\u0119, minikarabin zawieraj\u0105cy paracord z palnym w\u0142\u00f3knem do u\u017cycia w sytuacjach awaryjnych i\/lub w trudnych warunkach pogodowych oraz Firesteel do rozpalania ognia.<\/p>\n<p>Ulepszony zestaw przetrwania (nale\u017cy zakupi\u0107 osobno) zawiera: gwizdek, kieszonkow\u0105 pi\u0142\u0119 \u0142a\u0144cuchow\u0105, tabletki do czyszczenia wody, kompas, drut miedziany, krzesiwo i wybijak, latark\u0119 LED, paracord o d\u0142ugo\u015bci 2,5 m i temper\u00f3wk\u0119.<\/p>\n<p>WAGA G: 430<br \/>\nWAGA UNCJI: 15,2<br \/>\nD\u0141UGO\u015a\u0106 OSTRZA (MM): 160<br \/>\nD\u0141UGO\u015a\u0106 OSTRZA (CALE): 6,3<br \/>\nD\u0141UGO\u015a\u0106 CA\u0141KOWITA (MM): 312<br \/>\nD\u0141UGO\u015a\u0106 CA\u0141KOWITA (CALE): 12,3<br \/>\nGRUBO\u015a\u0106 OSTRZA (MM): 6,3<br \/>\nGRUBO\u015a\u0106 OSTRZY (CALE): 0,25<br \/>\nMATERIA\u0141 OSTRZA: STAL B\u00d6HLER N690 (58HRC)<br \/>\nOBR\u00d3BKA POWIERZCHNI OSTRZY: CIEMNY KAMIE\u0143<br \/>\nSIATKA G\u0141\u00d3WNA: P\u0141ASKA<br \/>\nMATERIA\u0141 UCHWYTU: FORPRENE<\/p>\n<p><iframe title=\"Extrema Ratio Expeditions Series\" width=\"800\" height=\"450\" src=\"https:\/\/www.youtube.com\/embed\/zzT5fOpMNQU?feature=oembed\" frameborder=\"0\" allow=\"accelerometer; autoplay; clipboard-write; encrypted-media; gyroscope; picture-in-picture; web-share\" allowfullscreen><\/iframe><\/p>\n<p>&nbsp;<\/p>\n<p>&nbsp;<\/p>\n","protected":false},"excerpt":{"rendered":"<p>Firma Extrema Ratio z siedzib\u0105 w Prato we W\u0142oszech projektuje i produkuje wysokiej jako\u015bci no\u017ce bojowe, wojskowe, kuchenne, my\u015bliwskie i taktyczne od 1997 roku i cieszy si\u0119 reputacj\u0105 dzi\u0119ki najwy\u017cszej jako\u015bci, kt\u00f3ra nie ma sobie r\u00f3wnych w bran\u017cy no\u017cy wojskowych i taktycznych. Bezp\u0142atny transport.<\/p>\n","protected":false},"featured_media":319613,"comment_status":"open","ping_status":"closed","template":"","meta":[],"pwb-brand":[3666],"product_brand":[],"product_cat":[3296,3297],"product_tag":[3671],"class_list":{"0":"post-319610","1":"product","2":"type-product","3":"status-publish","4":"has-post-thumbnail","6":"pwb-brand-stosunek-ekstremow","7":"product_cat-noze-pl","8":"product_cat-solidne-noze","9":"product_tag-b2b-pl","11":"first","12":"instock","13":"taxable","14":"shipping-taxable","15":"purchasable","16":"product-type-simple"},"brands":[{"id":3666,"name":"Stosunek ekstrem\u00f3w","slug":"stosunek-ekstremow"}],"_links":{"self":[{"href":"https:\/\/www.moskito.cz\/pl\/wp-json\/wp\/v2\/product\/319610","targetHints":{"allow":["GET"]}}],"collection":[{"href":"https:\/\/www.moskito.cz\/pl\/wp-json\/wp\/v2\/product"}],"about":[{"href":"https:\/\/www.moskito.cz\/pl\/wp-json\/wp\/v2\/types\/product"}],"replies":[{"embeddable":true,"href":"https:\/\/www.moskito.cz\/pl\/wp-json\/wp\/v2\/comments?post=319610"}],"wp:featuredmedia":[{"embeddable":true,"href":"https:\/\/www.moskito.cz\/pl\/wp-json\/wp\/v2\/media\/319613"}],"wp:attachment":[{"href":"https:\/\/www.moskito.cz\/pl\/wp-json\/wp\/v2\/media?parent=319610"}],"wp:term":[{"taxonomy":"pwb-brand","embeddable":true,"href":"https:\/\/www.moskito.cz\/pl\/wp-json\/wp\/v2\/pwb-brand?post=319610"},{"taxonomy":"product_brand","embeddable":true,"href":"https:\/\/www.moskito.cz\/pl\/wp-json\/wp\/v2\/product_brand?post=319610"},{"taxonomy":"product_cat","embeddable":true,"href":"https:\/\/www.moskito.cz\/pl\/wp-json\/wp\/v2\/product_cat?post=319610"},{"taxonomy":"product_tag","embeddable":true,"href":"https:\/\/www.moskito.cz\/pl\/wp-json\/wp\/v2\/product_tag?post=319610"}],"curies":[{"name":"wp","href":"https:\/\/api.w.org\/{rel}","templated":true}]}}