{"id":319802,"date":"2024-03-18T16:34:42","date_gmt":"2024-03-18T15:34:42","guid":{"rendered":"https:\/\/www.moskito.cz\/produkt\/noz-skladany-dachs-knives-charon-stonewash\/"},"modified":"2025-05-07T11:05:35","modified_gmt":"2025-05-07T10:05:35","slug":"noz-skladany-dachs-knives-charon-stonewash","status":"publish","type":"product","link":"https:\/\/www.moskito.cz\/pl\/produkt\/noz-skladany-dachs-knives-charon-stonewash\/","title":{"rendered":"N\u00f3\u017c sk\u0142adany Dachs Knives Charon Stonewash"},"content":{"rendered":"<p>N\u00f3\u017c sk\u0142adany <strong>Dachs Knives<\/strong> Charon Stonewash<\/p>\n<p>N\u00f3\u017c sk\u0142adany Charon to n\u00f3\u017c o wi\u0119kszych gabarytach, ale mimo to zmie\u015bci si\u0119 w kieszeni i stanie si\u0119 pomocnikiem na co dzie\u0144. Mo\u017cna go u\u017cywa\u0107 w codziennym u\u017cytkowaniu, poprzez w\u0119dkarstwo, polowanie, a nawet do zastosowa\u0144 taktycznych. N\u00f3\u017c posiada rowki na grzbiecie dla wygodniejszego podparcia kciuka, dzi\u0119ki czemu mo\u017cna zastosowa\u0107 lepsz\u0105 technik\u0119 ci\u0119cia.<br \/>\nN\u00f3\u017c zamykaj\u0105cy Charon &#8211; LinerLock mo\u017cna zam\u00f3wi\u0107 na zam\u00f3wienie w r\u00f3\u017cnych kolorach.<\/p>\n<p>D\u0142ugo\u015b\u0107 po roz\u0142o\u017ceniu &#8211; 22,7 cm<br \/>\nZamkni\u0119te &#8211; 12,8 cm.<br \/>\nWaga &#8211; 187g<br \/>\nOstrze &#8211; stal nierdzewna N690<br \/>\nR\u0119koje\u015b\u0107 &#8211; Fundermax<br \/>\nKlip \u2013 TAK<br \/>\nPowierzchnia &#8211; STONEWASH<br \/>\nBezpiecznik \u2013 Linerlock, w\u0119glikowy<br \/>\nSystem &#8211; \u0141o\u017cyska osiowe<\/p>\n","protected":false},"excerpt":{"rendered":"<p><strong>N\u00f3\u017c sk\u0142adany Charon to n\u00f3\u017c o wi\u0119kszych gabarytach, ale mimo to zmie\u015bci si\u0119 w kieszeni i stanie si\u0119 pomocnikiem na co dzie\u0144.<\/strong><\/p>\n<p><strong>Bezp\u0142atny transport.<\/strong><\/p>\n","protected":false},"featured_media":319786,"comment_status":"open","ping_status":"closed","template":"","meta":[],"pwb-brand":[3812],"product_brand":[],"product_cat":[3307,3296],"product_tag":[3671],"class_list":{"0":"post-319802","1":"product","2":"type-product","3":"status-publish","4":"has-post-thumbnail","6":"pwb-brand-noze-dachsh","7":"product_cat-zamykanie-nozy","8":"product_cat-noze-pl","9":"product_tag-b2b-pl","11":"first","12":"outofstock","13":"taxable","14":"shipping-taxable","15":"purchasable","16":"product-type-simple"},"brands":[{"id":3812,"name":"No\u017ce Dachsh","slug":"noze-dachsh"}],"_links":{"self":[{"href":"https:\/\/www.moskito.cz\/pl\/wp-json\/wp\/v2\/product\/319802","targetHints":{"allow":["GET"]}}],"collection":[{"href":"https:\/\/www.moskito.cz\/pl\/wp-json\/wp\/v2\/product"}],"about":[{"href":"https:\/\/www.moskito.cz\/pl\/wp-json\/wp\/v2\/types\/product"}],"replies":[{"embeddable":true,"href":"https:\/\/www.moskito.cz\/pl\/wp-json\/wp\/v2\/comments?post=319802"}],"wp:featuredmedia":[{"embeddable":true,"href":"https:\/\/www.moskito.cz\/pl\/wp-json\/wp\/v2\/media\/319786"}],"wp:attachment":[{"href":"https:\/\/www.moskito.cz\/pl\/wp-json\/wp\/v2\/media?parent=319802"}],"wp:term":[{"taxonomy":"pwb-brand","embeddable":true,"href":"https:\/\/www.moskito.cz\/pl\/wp-json\/wp\/v2\/pwb-brand?post=319802"},{"taxonomy":"product_brand","embeddable":true,"href":"https:\/\/www.moskito.cz\/pl\/wp-json\/wp\/v2\/product_brand?post=319802"},{"taxonomy":"product_cat","embeddable":true,"href":"https:\/\/www.moskito.cz\/pl\/wp-json\/wp\/v2\/product_cat?post=319802"},{"taxonomy":"product_tag","embeddable":true,"href":"https:\/\/www.moskito.cz\/pl\/wp-json\/wp\/v2\/product_tag?post=319802"}],"curies":[{"name":"wp","href":"https:\/\/api.w.org\/{rel}","templated":true}]}}