{"id":320108,"date":"2024-03-18T21:29:11","date_gmt":"2024-03-19T08:19:42","guid":{"rendered":"https:\/\/www.moskito.cz\/produkt\/noz-strzelecki-heretic-knives-cleric-ii-stonewashed-carbon-h019-2b-cf-blu\/"},"modified":"2025-05-07T11:05:42","modified_gmt":"2025-05-07T10:05:42","slug":"noz-strzelecki-heretic-knives-cleric-ii-stonewashed-carbon-h019-2b-cf-blu","status":"publish","type":"product","link":"https:\/\/www.moskito.cz\/pl\/produkt\/noz-strzelecki-heretic-knives-cleric-ii-stonewashed-carbon-h019-2b-cf-blu\/","title":{"rendered":"N\u00f3\u017c Strzelecki Heretic Knives Cleric II Stonewashed Carbon H019-2B-CF\/BLU"},"content":{"rendered":"<p>N\u00f3\u017c Strzelecki <strong>Heretic Knives<\/strong> Cleric II Stonewashed Carbon H019-2B-CF\/BLU<\/p>\n<p><strong>Cleric II<\/strong> Tanto OTF posiada obrabian\u0105 CNC r\u0119koje\u015b\u0107 z aluminium 6061 inkrustowan\u0105 w\u0142\u00f3knem w\u0119glowym, wierzch z w\u0142\u00f3kna w\u0119glowego i ostrze ze stali nierdzewnej CPM-MagnaCut z cz\u0119\u015bciowym z\u0105bkowaniem. Oferuje solidn\u0105 konstrukcj\u0119 o du\u017cym zasi\u0119gu i dzik\u0105, automatyczn\u0105 akcj\u0119 o podw\u00f3jnym dzia\u0142aniu. R\u0119koje\u015b\u0107 posiada umieszczony z przodu suwak na kciuk, u\u0142atwiaj\u0105cy obs\u0142ug\u0119 i mi\u0119kki kontur zapewniaj\u0105cy dobry chwyt. Ma maszynowo szlifowane ostrze Tanto i zawiera butelk\u0119 lubrykantu <strong>Heretic OTF<\/strong> .<br \/>\nDane techniczne<br \/>\nD\u0142ugo\u015b\u0107 ostrza: 4,25&#8243;<br \/>\nD\u0142ugo\u015b\u0107 ostrza: 10,62 cm<br \/>\nD\u0142ugo\u015b\u0107 ca\u0142kowita: 24,68 cm<br \/>\nMateria\u0142 ostrza: Stal nierdzewna CPM-MagnaCut<br \/>\nGrubo\u015b\u0107 ostrza: 0,125&#8243;<br \/>\nStyl ostrza: Cz\u0119\u015bciowo z\u0105bkowane Tanto<br \/>\nSzlif ostrza: p\u0142aski<br \/>\nObr\u00f3bka powierzchni ostrza: Stonewash<br \/>\nMateria\u0142 r\u0119koje\u015bci: czarne aluminium z wk\u0142adk\u0105 i g\u00f3rn\u0105 cz\u0119\u015bci\u0105 z w\u0142\u00f3kna w\u0119glowego<br \/>\nMechanizm blokuj\u0105cy: przesuwny<br \/>\nKlamra kieszeni: G\u0142\u0119boki tytan (skierowany w d\u00f3\u0142, prawy\/lewy)<br \/>\nWaga: 5,00 uncji<br \/>\nProjektant: Tony Marfione Jr.<br \/>\nAnodowane na niebiesko akcenty<br \/>\nWykonane w USA<\/p>\n","protected":false},"excerpt":{"rendered":"<p><strong>Wszystkie nasze no\u017ce s\u0105 produkowane w USA i tak pozostanie. Kupuj\u0105c jeden z naszych no\u017cy, mo\u017cesz mie\u0107 pewno\u015b\u0107, \u017ce Twoje narz\u0119dzie jest wspierane przez ameryka\u0144sk\u0105 firm\u0119. Nasze no\u017ce s\u0105 produkowane w ma\u0142ych partiach, aby mie\u0107 pewno\u015b\u0107, \u017ce otrzymasz n\u00f3\u017c wysokiej jako\u015bci, kt\u00f3ry przyci\u0105gnie uwag\u0119, kt\u00f3rej nie przyci\u0105gaj\u0105 inne no\u017ce produkowane masowo!<\/strong><\/p>\n<p><strong>Do\u017cywotnia gwarancja!<\/strong><\/p>\n<p><strong>Bezp\u0142atny transport.<\/strong><\/p>\n","protected":false},"featured_media":320065,"comment_status":"open","ping_status":"closed","template":"","meta":[],"pwb-brand":[3664],"product_brand":[],"product_cat":[3296,3344],"product_tag":[3671],"class_list":{"0":"post-320108","1":"product","2":"type-product","3":"status-publish","4":"has-post-thumbnail","6":"pwb-brand-heretyckie-noze","7":"product_cat-noze-pl","8":"product_cat-noze-strzeleckie","9":"product_tag-b2b-pl","11":"first","12":"instock","13":"taxable","14":"shipping-taxable","15":"purchasable","16":"product-type-simple"},"brands":[{"id":3664,"name":"Heretyckie no\u017ce","slug":"heretyckie-noze"}],"_links":{"self":[{"href":"https:\/\/www.moskito.cz\/pl\/wp-json\/wp\/v2\/product\/320108","targetHints":{"allow":["GET"]}}],"collection":[{"href":"https:\/\/www.moskito.cz\/pl\/wp-json\/wp\/v2\/product"}],"about":[{"href":"https:\/\/www.moskito.cz\/pl\/wp-json\/wp\/v2\/types\/product"}],"replies":[{"embeddable":true,"href":"https:\/\/www.moskito.cz\/pl\/wp-json\/wp\/v2\/comments?post=320108"}],"wp:featuredmedia":[{"embeddable":true,"href":"https:\/\/www.moskito.cz\/pl\/wp-json\/wp\/v2\/media\/320065"}],"wp:attachment":[{"href":"https:\/\/www.moskito.cz\/pl\/wp-json\/wp\/v2\/media?parent=320108"}],"wp:term":[{"taxonomy":"pwb-brand","embeddable":true,"href":"https:\/\/www.moskito.cz\/pl\/wp-json\/wp\/v2\/pwb-brand?post=320108"},{"taxonomy":"product_brand","embeddable":true,"href":"https:\/\/www.moskito.cz\/pl\/wp-json\/wp\/v2\/product_brand?post=320108"},{"taxonomy":"product_cat","embeddable":true,"href":"https:\/\/www.moskito.cz\/pl\/wp-json\/wp\/v2\/product_cat?post=320108"},{"taxonomy":"product_tag","embeddable":true,"href":"https:\/\/www.moskito.cz\/pl\/wp-json\/wp\/v2\/product_tag?post=320108"}],"curies":[{"name":"wp","href":"https:\/\/api.w.org\/{rel}","templated":true}]}}