{"id":320255,"date":"2020-10-09T09:30:52","date_gmt":"2024-03-19T13:40:38","guid":{"rendered":"https:\/\/www.moskito.cz\/produkt\/noz-strzelecki-microtech-combat-troodon-orange-142-1-or\/"},"modified":"2025-07-11T07:52:42","modified_gmt":"2025-07-11T06:52:42","slug":"noz-strzelecki-microtech-combat-troodon-orange-142-1-or","status":"publish","type":"product","link":"https:\/\/www.moskito.cz\/pl\/produkt\/noz-strzelecki-microtech-combat-troodon-orange-142-1-or\/","title":{"rendered":"N\u00f3\u017c strzelecki Microtech Combat Troodon Orange 142-1 OR"},"content":{"rendered":"<p>N\u00f3\u017c strzelecki <strong>Microtech<\/strong> Combat Troodon Orange 142-1 OR.<br \/>\nN\u00f3\u017c strzelecki od przodu.<\/p>\n<p>Przez lata <strong>firma Microtech\u00ae Knives<\/strong> wype\u0142nia\u0142a no\u017ce pasj\u0105 i umiej\u0119tno\u015bciami, aby tworzy\u0107 niemal dzie\u0142a sztuki,<br \/>\nkt\u00f3re s\u0105 szczytem funkcjonalno\u015bci. Kontynuuje przesuwanie granic i ulepszanie<br \/>\nto, co ju\u017c wie, \u017ce dzia\u0142a. W 2020 roku firma Microtech\u00ae Knives sta\u0142a si\u0119 wiod\u0105c\u0105 mark\u0105 no\u017cy<br \/>\nmarka, kt\u00f3ra stale si\u0119 rozwija i idzie do przodu dzi\u0119ki najnowocze\u015bniejszej technologii,<br \/>\nstaro\u017cytne zasady produkcji ostrzy i maksymalne testy w terenie, aby nie pogarsza\u0107 jako\u015bci.<\/p>\n<p>N\u00f3\u017c strzelecki <strong>Microtech<\/strong> Combat Troodon 142-1 OR ma ostrze ze stali nierdzewnej o g\u0142adkiej kraw\u0119dzi. Aluminiowa r\u0119koje\u015b\u0107 z ko\u0144c\u00f3wk\u0105 kulist\u0105 zbijaj\u0105c\u0105 szk\u0142o wykonana jest ze stali nierdzewnej.<br \/>\nNajwi\u0119kszy n\u00f3\u017c OTF firmy <strong>Microtech<\/strong> nosi nazw\u0119 dinozaura Troodon. Combat Troodon to naprawd\u0119 du\u017ca wersja popularnego Troodona. Pomimo swoich rozmiar\u00f3w r\u0119koje\u015b\u0107 jest smuk\u0142a i wygodna.<\/p>\n<p>D\u0142ugo\u015b\u0107 ca\u0142kowita: 23,75 cm<br \/>\nD\u0142ugo\u015b\u0107 ostrza: 9,5 cm<br \/>\nMateria\u0142 ostrza: 204P<br \/>\nStyl ostrza: sztylet<br \/>\nWstawki: p\u0142askie<br \/>\nTyp obramowania: Zwyk\u0142y<br \/>\nD\u0142ugo\u015b\u0107 r\u0105czki: 14,37 cm<br \/>\nGrubo\u015b\u0107 r\u0105czki: 1,37 cm<br \/>\nMateria\u0142 r\u0119koje\u015bci: aluminium<br \/>\nWaga: 5,35 uncji<br \/>\nU\u017cytkownik: Prawa r\u0119ka<br \/>\nKlips kieszonkowy: sk\u0142adany w d\u00f3\u0142<br \/>\nTyp no\u017ca: Automatyczny OTF Double Action<br \/>\nOtwieracz: kciuk<br \/>\nMarka: Microtech<br \/>\nModel: Troodon bojowy<br \/>\nNumer modelu: 142-1 OR<br \/>\nKraj pochodzenia: USA<br \/>\nNajlepsze zastosowanie: taktyczne<\/p>\n<p><iframe title=\"Microtech Combat Troodon Torture Test\" width=\"800\" height=\"450\" src=\"https:\/\/www.youtube.com\/embed\/xE9TeOFYEjg?feature=oembed\" frameborder=\"0\" allow=\"accelerometer; autoplay; clipboard-write; encrypted-media; gyroscope; picture-in-picture; web-share\" allowfullscreen><\/iframe><\/p>\n<p>&nbsp;<\/p>\n","protected":false},"excerpt":{"rendered":"<p>Przez lata <strong>firma Microtech\u00ae Knives<\/strong> wype\u0142nia\u0142a tworzenie no\u017cy pasj\u0105 i umiej\u0119tno\u015bciami,<br \/>\na\u017c stworzy\u0142 z nich niemal dzie\u0142a sztuki, b\u0119d\u0105ce szczytem funkcjonalno\u015bci.<br \/>\nWszystkie cz\u0119\u015bci wyprodukowano w USA.<br \/>\n<strong>Wszystkie no\u017ce Microtech obj\u0119te s\u0105 do\u017cywotni\u0105 gwarancj\u0105.<\/strong><\/p>\n","protected":false},"featured_media":177192,"comment_status":"open","ping_status":"closed","template":"","meta":[],"pwb-brand":[3279],"product_brand":[],"product_cat":[3296,3344],"product_tag":[3671],"class_list":{"0":"post-320255","1":"product","2":"type-product","3":"status-publish","4":"has-post-thumbnail","6":"pwb-brand-microtech-pl","7":"product_cat-noze-pl","8":"product_cat-noze-strzeleckie","9":"product_tag-b2b-pl","11":"first","12":"instock","13":"taxable","14":"shipping-taxable","15":"purchasable","16":"product-type-simple"},"brands":[{"id":3279,"name":"Microtech","slug":"microtech-pl"}],"_links":{"self":[{"href":"https:\/\/www.moskito.cz\/pl\/wp-json\/wp\/v2\/product\/320255","targetHints":{"allow":["GET"]}}],"collection":[{"href":"https:\/\/www.moskito.cz\/pl\/wp-json\/wp\/v2\/product"}],"about":[{"href":"https:\/\/www.moskito.cz\/pl\/wp-json\/wp\/v2\/types\/product"}],"replies":[{"embeddable":true,"href":"https:\/\/www.moskito.cz\/pl\/wp-json\/wp\/v2\/comments?post=320255"}],"wp:featuredmedia":[{"embeddable":true,"href":"https:\/\/www.moskito.cz\/pl\/wp-json\/wp\/v2\/media\/177192"}],"wp:attachment":[{"href":"https:\/\/www.moskito.cz\/pl\/wp-json\/wp\/v2\/media?parent=320255"}],"wp:term":[{"taxonomy":"pwb-brand","embeddable":true,"href":"https:\/\/www.moskito.cz\/pl\/wp-json\/wp\/v2\/pwb-brand?post=320255"},{"taxonomy":"product_brand","embeddable":true,"href":"https:\/\/www.moskito.cz\/pl\/wp-json\/wp\/v2\/product_brand?post=320255"},{"taxonomy":"product_cat","embeddable":true,"href":"https:\/\/www.moskito.cz\/pl\/wp-json\/wp\/v2\/product_cat?post=320255"},{"taxonomy":"product_tag","embeddable":true,"href":"https:\/\/www.moskito.cz\/pl\/wp-json\/wp\/v2\/product_tag?post=320255"}],"curies":[{"name":"wp","href":"https:\/\/api.w.org\/{rel}","templated":true}]}}