{"id":320461,"date":"2023-07-05T10:10:58","date_gmt":"2023-07-05T09:10:58","guid":{"rendered":"https:\/\/www.moskito.cz\/produkt\/lekki-noz-skladany-spyderco-manix-2-c101pcbl2\/"},"modified":"2024-03-19T15:19:27","modified_gmt":"2024-03-19T14:19:27","slug":"lekki-noz-skladany-spyderco-manix-2-c101pcbl2","status":"publish","type":"product","link":"https:\/\/www.moskito.cz\/pl\/produkt\/lekki-noz-skladany-spyderco-manix-2-c101pcbl2\/","title":{"rendered":"Lekki n\u00f3\u017c sk\u0142adany Spyderco Manix 2 C101PCBL2"},"content":{"rendered":"<p>Lekki n\u00f3\u017c sk\u0142adany <strong>Spyderco<\/strong> Manix 2 C101PCBL2<\/p>\n<p>To elitarne wyra\u017cenie Manix 2 Lightweight \u0142\u0105czy w sobie korzy\u015bci zwi\u0105zane z redukcj\u0105 masy, pe\u0142n\u0105 wydajno\u015bci\u0105 ci\u0119cia i wytrzyma\u0142o\u015bci\u0105 mechanizmu blokady \u0142o\u017cyska kulkowego z poprawionym zachowaniem kraw\u0119dzi i odporno\u015bci\u0105 na korozj\u0119 CPM-SPY27. Po latach korzystania z najlepszych materia\u0142\u00f3w, jakie mogli zapewni\u0107 wiod\u0105cy na \u015bwiecie producenci stali, Spyderco zdecydowa\u0142o, \u017ce nadszed\u0142 czas na stworzenie w\u0142asnych. \u015aci\u015ble wsp\u00f3\u0142pracuj\u0105c z Crucible Industries, opracowali CPM-SPY27 \u2013 stal nierdzewn\u0105 wytwarzan\u0105 metod\u0105 metalurgii cz\u0105stek, zawieraj\u0105c\u0105 zastrze\u017con\u0105 mieszank\u0119 stop\u00f3w, w tym wanadu, molibdenu, niobu, azotu i kobaltu. Wzbogacona wzmacniaj\u0105cym dzia\u0142aniem kobaltu i najnowocze\u015bniejszym procesem metalurgii cz\u0105stek tygla, ta niezwyk\u0142a kompozycja zosta\u0142a wyprodukowana wy\u0142\u0105cznie dla Spyderco i b\u0119dzie prezentowana w wybranych modelach wyprodukowanych w USA. Ka\u017cdy n\u00f3\u017c wykonany z tej stali b\u0119dzie mia\u0142 tak\u017ce charakterystyczny kobaltowy kolor r\u0119koje\u015bci, kt\u00f3ry podkre\u015bli jego elitarny rodow\u00f3d.<\/p>\n<p>Lekki chwyt Manix 2 jest formowany wtryskowo z kopolimeru wzmocnionego w\u0142\u00f3knem szklanym w kolorze b\u0142\u0119kitu kobaltowego (FRCP) i posiada charakterystyczny dla Spyderco dwukierunkowy wz\u00f3r teksturowania, aby zapewni\u0107 pewny chwyt w ka\u017cdych warunkach \u015brodowiskowych. Lekka r\u0119koje\u015b\u0107 FRCP zmniejszy\u0142a ca\u0142kowit\u0105 wag\u0119 no\u017ca do zaledwie 3 uncji \u2013 o 42 procent l\u017cejszego ni\u017c Manix 2 z r\u0119koje\u015bci\u0105 G10. Dwustronny druciany klips pozwala na wygodne noszenie przez lew\u0105 lub praw\u0105 r\u0119k\u0119, a du\u017cy otw\u00f3r na smycz pozwala na \u0142atwe mocowanie zawieszek i smyczy.<\/p>\n<p>Po\u0142\u0105czenie ostrza z r\u0119koje\u015bci\u0105 zapewnia opatentowany przez firm\u0119 Spyderco mechanizm Ball Bearing Lock. Ten zamek o du\u017cej wytrzyma\u0142o\u015bci sk\u0142ada si\u0119 z \u0142o\u017cyska kulkowego osadzonego w trwa\u0142ej polimerowej \u201eklatce\u201d. Kiedy ostrze jest otwarte, spr\u0119\u017cyna naciskowa przesuwa klatk\u0119 do przodu, aby zaklinowa\u0107 \u0142o\u017cysko kulkowe pomi\u0119dzy ramp\u0105 na ostrzu a stalow\u0105 ram\u0105 zakotwiczon\u0105 pomi\u0119dzy po\u0142\u00f3wkami r\u0119koje\u015bci. Odci\u0105gni\u0119cie \u0142o\u017cyska kulkowego w koszyku do ty\u0142u zwalnia blokad\u0119, a ostrze zamyka si\u0119 p\u0142ynnie, trzymaj\u0105c palce w bezpiecznej odleg\u0142o\u015bci od ostrej kraw\u0119dzi.<br \/>\nDane techniczne<\/p>\n<p>D\u0142ugo\u015b\u0107 ostrza: 8,6 cm<br \/>\nKraw\u0119d\u017a tn\u0105ca: 7,3 cm<br \/>\nD\u0142ugo\u015b\u0107 po zamkni\u0119ciu: 11,8 cm<br \/>\nD\u0142ugo\u015b\u0107 ca\u0142kowita: 20,4 cm<br \/>\nMateria\u0142 ostrza: CPM-SPY27 Stal nierdzewna<br \/>\nGrubo\u015b\u0107 ostrza: 0,32 cm<br \/>\nStyl ostrza: kszta\u0142t li\u015bcia<br \/>\nSzlif ostrza: Ca\u0142kowicie p\u0142aski<br \/>\nObr\u00f3bka powierzchni ostrza: satyna<br \/>\nMateria\u0142 r\u0119koje\u015bci: b\u0142\u0119kit kobaltowy FRCP (kopolimer wzmocniony w\u0142\u00f3knem szklanym)<br \/>\nGrubo\u015b\u0107 r\u0119koje\u015bci: 0,510 cala (13,0 mm)<br \/>\nMateria\u0142 wk\u0142adu: stal nierdzewna<br \/>\nMechanizm blokuj\u0105cy: Zamek z \u0142o\u017cyskiem kulkowym<br \/>\nZesp\u00f3\u0142 sworznia: podk\u0142adki<br \/>\nKieszonkowy klips: stal nierdzewna (sk\u0142adany, noszony w prawo\/lewo)<br \/>\nWaga: 3,0 uncji (85g)<br \/>\nWykonane w USA<\/p>\n<p>&nbsp;<\/p>\n<p>&nbsp;<\/p>\n","protected":false},"excerpt":{"rendered":"<p>To elitarne wyra\u017cenie Manix 2 Lightweight \u0142\u0105czy w sobie korzy\u015bci zwi\u0105zane z redukcj\u0105 masy, pe\u0142n\u0105 wydajno\u015bci\u0105 ci\u0119cia i wytrzyma\u0142o\u015bci\u0105 mechanizmu blokady \u0142o\u017cyska kulkowego z poprawionym zachowaniem kraw\u0119dzi i odporno\u015bci\u0105 na korozj\u0119 CPM-SPY27.<\/p>\n","protected":false},"featured_media":320462,"comment_status":"open","ping_status":"closed","template":"","meta":[],"pwb-brand":[3432],"product_brand":[],"product_cat":[3307,3296],"product_tag":[3671],"class_list":{"0":"post-320461","1":"product","2":"type-product","3":"status-publish","4":"has-post-thumbnail","6":"pwb-brand-spyderco-pl","7":"product_cat-zamykanie-nozy","8":"product_cat-noze-pl","9":"product_tag-b2b-pl","11":"first","12":"instock","13":"taxable","14":"shipping-taxable","15":"purchasable","16":"product-type-simple"},"brands":[{"id":3432,"name":"Spyderco","slug":"spyderco-pl"}],"_links":{"self":[{"href":"https:\/\/www.moskito.cz\/pl\/wp-json\/wp\/v2\/product\/320461","targetHints":{"allow":["GET"]}}],"collection":[{"href":"https:\/\/www.moskito.cz\/pl\/wp-json\/wp\/v2\/product"}],"about":[{"href":"https:\/\/www.moskito.cz\/pl\/wp-json\/wp\/v2\/types\/product"}],"replies":[{"embeddable":true,"href":"https:\/\/www.moskito.cz\/pl\/wp-json\/wp\/v2\/comments?post=320461"}],"wp:featuredmedia":[{"embeddable":true,"href":"https:\/\/www.moskito.cz\/pl\/wp-json\/wp\/v2\/media\/320462"}],"wp:attachment":[{"href":"https:\/\/www.moskito.cz\/pl\/wp-json\/wp\/v2\/media?parent=320461"}],"wp:term":[{"taxonomy":"pwb-brand","embeddable":true,"href":"https:\/\/www.moskito.cz\/pl\/wp-json\/wp\/v2\/pwb-brand?post=320461"},{"taxonomy":"product_brand","embeddable":true,"href":"https:\/\/www.moskito.cz\/pl\/wp-json\/wp\/v2\/product_brand?post=320461"},{"taxonomy":"product_cat","embeddable":true,"href":"https:\/\/www.moskito.cz\/pl\/wp-json\/wp\/v2\/product_cat?post=320461"},{"taxonomy":"product_tag","embeddable":true,"href":"https:\/\/www.moskito.cz\/pl\/wp-json\/wp\/v2\/product_tag?post=320461"}],"curies":[{"name":"wp","href":"https:\/\/api.w.org\/{rel}","templated":true}]}}