{"id":320580,"date":"2024-03-19T16:06:42","date_gmt":"2024-03-19T15:10:31","guid":{"rendered":"https:\/\/www.moskito.cz\/produkt\/noz-microtech-combat-troodon-signature-series-shadow-damascus-black-142-16dlctsh-strzelecki-noz-damascenski\/"},"modified":"2025-05-07T11:05:54","modified_gmt":"2025-05-07T10:05:54","slug":"noz-microtech-combat-troodon-signature-series-shadow-damascus-black-142-16dlctsh-strzelecki-noz-damascenski","status":"publish","type":"product","link":"https:\/\/www.moskito.cz\/pl\/produkt\/noz-microtech-combat-troodon-signature-series-shadow-damascus-black-142-16dlctsh-strzelecki-noz-damascenski\/","title":{"rendered":"N\u00f3\u017c Microtech Combat Troodon Signature Series Shadow Damascus Black 142-16DLCTSH Strzelecki n\u00f3\u017c damasce\u0144ski"},"content":{"rendered":"<p>N\u00f3\u017c strzelecki Damascus <strong>Microtech Combat Troodon<\/strong> Signature Series Shadow Damascus Black 142-16DLCTSH<\/p>\n<p>Combat Troodon to precyzyjnie wykonany taktyczny n\u00f3\u017c przedni. Jest o 25% wi\u0119kszy od flagowego Troodona. Zapewnia smuk\u0142y uchwyt, wyprofilowany kszta\u0142t, radykalne elementy konstrukcyjne i wyrafinowany mechanizm wewn\u0119trzny, kt\u00f3ry poprawia funkcjonalno\u015b\u0107 operacyjn\u0105 i niezawodno\u015b\u0107 na wi\u0119ksz\u0105 skal\u0119. Combat Troodon zosta\u0142 zaprojektowany do szerokiego zakresu zastosowa\u0144 u\u017cytkowych i walki w zwarciu. Aluminiowe uchwyty obejmuj\u0105 zbijak do szyb, kt\u00f3ry jest bardzo fajnym dodatkiem, oraz blat Ultem. N\u00f3\u017c wyr\u00f3\u017cnia si\u0119 niesamowitym osprz\u0119tem pier\u015bcieniowym i prze\u0142\u0105cznikiem steruj\u0105cym, zapewniaj\u0105cym bardzo g\u0142adki wygl\u0105d, a tak\u017ce oczywi\u015bcie laminowanym ostrzem damasce\u0144skim.<br \/>\nDane techniczne<\/p>\n<p>Akcja: Automatyczny ogie\u0144 i przyci\u0105ganie o podw\u00f3jnym dzia\u0142aniu<br \/>\nStal ostrza: Damaszek<br \/>\nStyl ostrza: sztylet o podw\u00f3jnym ostrzu<br \/>\nD\u0142ugo\u015b\u0107 ostrza: 9,37 cm<br \/>\nR\u0119koje\u015b\u0107: 6061-T6 Aluminium Mil Spec Hard Coat Elox<br \/>\nGrubo\u015b\u0107 r\u0119koje\u015bci: Uformowany sto\u017cek Min. 0,304&#8243; Maks. 435&#8243;<br \/>\nD\u0142ugo\u015b\u0107 po otwarciu: 23 cm<br \/>\nKlips kieszonkowy: 301, hartowany spr\u0119\u017cynowo, obur\u0119czny<br \/>\nWaga: 5,4 uncji<br \/>\nWykonane w USA<\/p>\n<p><iframe title=\"Microtech Combat Troodon Torture Test\" width=\"800\" height=\"450\" src=\"https:\/\/www.youtube.com\/embed\/xE9TeOFYEjg?feature=oembed\" frameborder=\"0\" allow=\"accelerometer; autoplay; clipboard-write; encrypted-media; gyroscope; picture-in-picture; web-share\" allowfullscreen><\/iframe><\/p>\n<p>&nbsp;<\/p>\n<p>&nbsp;<\/p>\n","protected":false},"excerpt":{"rendered":"<div class=\"elementor-element elementor-element-bbb542b elementor-widget elementor-widget-woocommerce-product-short-description\" data-id=\"bbb542b\" data-element_type=\"widget\" data-widget_type=\"woocommerce-product-short-description.default\">\n<div class=\"elementor-widget-container\">\n<div class=\"woocommerce-product-details__short-description\">\n<p><strong>Przez lata Microtech\u00ae Knives wype\u0142nia\u0142 no\u017ce pasj\u0105 i umiej\u0119tno\u015bciami, aby tworzy\u0107 niemal dzie\u0142a sztuki, kt\u00f3re s\u0105 szczytem funkcjonalno\u015bci.Wszystkie cz\u0119\u015bci s\u0105 produkowane w USA.<\/strong><br \/>\n<strong>Wszystkie no\u017ce Microtech obj\u0119te s\u0105 do\u017cywotni\u0105 gwarancj\u0105.<\/strong><\/p>\n<p><strong>Bezp\u0142atny transport.<\/strong><\/p>\n<\/div>\n<\/div>\n<\/div>\n","protected":false},"featured_media":320535,"comment_status":"open","ping_status":"closed","template":"","meta":[],"pwb-brand":[3279],"product_brand":[],"product_cat":[3296,3421],"product_tag":[3671],"class_list":{"0":"post-320580","1":"product","2":"type-product","3":"status-publish","4":"has-post-thumbnail","6":"pwb-brand-microtech-pl","7":"product_cat-noze-pl","8":"product_cat-noze-damascenskie","9":"product_tag-b2b-pl","11":"first","12":"instock","13":"taxable","14":"shipping-taxable","15":"purchasable","16":"product-type-simple"},"brands":[{"id":3279,"name":"Microtech","slug":"microtech-pl"}],"_links":{"self":[{"href":"https:\/\/www.moskito.cz\/pl\/wp-json\/wp\/v2\/product\/320580","targetHints":{"allow":["GET"]}}],"collection":[{"href":"https:\/\/www.moskito.cz\/pl\/wp-json\/wp\/v2\/product"}],"about":[{"href":"https:\/\/www.moskito.cz\/pl\/wp-json\/wp\/v2\/types\/product"}],"replies":[{"embeddable":true,"href":"https:\/\/www.moskito.cz\/pl\/wp-json\/wp\/v2\/comments?post=320580"}],"wp:featuredmedia":[{"embeddable":true,"href":"https:\/\/www.moskito.cz\/pl\/wp-json\/wp\/v2\/media\/320535"}],"wp:attachment":[{"href":"https:\/\/www.moskito.cz\/pl\/wp-json\/wp\/v2\/media?parent=320580"}],"wp:term":[{"taxonomy":"pwb-brand","embeddable":true,"href":"https:\/\/www.moskito.cz\/pl\/wp-json\/wp\/v2\/pwb-brand?post=320580"},{"taxonomy":"product_brand","embeddable":true,"href":"https:\/\/www.moskito.cz\/pl\/wp-json\/wp\/v2\/product_brand?post=320580"},{"taxonomy":"product_cat","embeddable":true,"href":"https:\/\/www.moskito.cz\/pl\/wp-json\/wp\/v2\/product_cat?post=320580"},{"taxonomy":"product_tag","embeddable":true,"href":"https:\/\/www.moskito.cz\/pl\/wp-json\/wp\/v2\/product_tag?post=320580"}],"curies":[{"name":"wp","href":"https:\/\/api.w.org\/{rel}","templated":true}]}}