{"id":321694,"date":"2024-03-19T20:21:31","date_gmt":"2024-03-19T19:26:19","guid":{"rendered":"https:\/\/www.moskito.cz\/produkt\/noz-skladany-pro-tech-mordax-blade-show-texas-nr-31-ze-100\/"},"modified":"2025-05-07T11:06:30","modified_gmt":"2025-05-07T10:06:30","slug":"noz-skladany-pro-tech-mordax-blade-show-texas-nr-31-ze-100","status":"publish","type":"product","link":"https:\/\/www.moskito.cz\/pl\/produkt\/noz-skladany-pro-tech-mordax-blade-show-texas-nr-31-ze-100\/","title":{"rendered":"N\u00f3\u017c sk\u0142adany Pro-Tech Mordax-Blade Show Texas nr 31 ze 100"},"content":{"rendered":"<p>N\u00f3\u017c sk\u0142adany <strong>Pro-Tech Mordax<\/strong> -Blade Show Texas nr 31 ze 100<\/p>\n<p><strong>N\u00f3\u017c ten zosta\u0142 wyprodukowany wy\u0142\u0105cznie na wystaw\u0119 w Teksasie z numerem seryjnym 31 ze 100.<\/strong><\/p>\n<p>Ten Mordax firmy Pro-Tech ma konstrukcj\u0119 Ferrum Forge i ma czarne ostrze typu drop point. R\u0119koje\u015b\u0107 posiada frezowan\u0105 czarn\u0105 aluminiow\u0105 ram\u0119 z czarn\u0105 ko\u0144c\u00f3wk\u0105 ze stali nierdzewnej. Przycisk mozaiki.<\/p>\n<p>No\u017ce ProTech<br \/>\nSztuka nowoczesnej doskona\u0142o\u015bci produkcyjnej spotyka si\u0119 ze starym rzemios\u0142em. Pro-Tech Knives, LLC to rodzinna firma produkuj\u0105ca no\u017ce, kt\u00f3ra od 1998 roku produkuje wysokiej jako\u015bci no\u017ce ameryka\u0144skiej produkcji. Ka\u017cdy n\u00f3\u017c Pro-Tech to po\u0142\u0105czenie najlepszych dost\u0119pnych materia\u0142\u00f3w i rzemios\u0142a. Nasze no\u017ce s\u0105 wytwarzane przy u\u017cyciu najnowocze\u015bniejszych proces\u00f3w produkcyjnych, kt\u00f3re obejmuj\u0105; Obr\u00f3bka CNC, elektroerozja drutowa, ci\u0119cie laserowe itp. Zaawansowane technologicznie komponenty s\u0105 sk\u0142adane i montowane r\u0119cznie przez oddanych i troskliwych rzemie\u015blnik\u00f3w i kobiety w naszej fabryce. Wyprodukowano w Ameryce! Pro-Tech produkuje jedne z najlepszych no\u017cy na \u015bwiecie w\u0142a\u015bnie tutaj, w starych, dobrych USA. Wi\u0119kszo\u015b\u0107 komponent\u00f3w ka\u017cdego no\u017ca jest produkowana wewn\u0119trznie w Pro-Tech. Zaczynamy od pr\u0119t\u00f3w aluminiowych, r\u0119cznie kutych k\u0119s\u00f3w damasce\u0144skich, blach stalowych i tytanowych. Te najwy\u017cszej jako\u015bci surowce s\u0105 starannie obrabiane, szlifowane, gratowane, wyka\u0144czane, montowane, szlifowane, sprawdzane i pakowane w\u0142a\u015bnie tutaj, pod jednym dachem. Produkujemy ma\u0142e partie naszych no\u017cy, dzi\u0119ki czemu mo\u017cemy po\u015bwi\u0119ci\u0107 czas na indywidualne, r\u0119czne dostosowanie i wyko\u0144czenie ka\u017cdego no\u017ca do poziomu rzadko spotykanego w no\u017cach fabrycznych. Nasze modele no\u017cy produkcyjnych oferuj\u0105 najlepsz\u0105 konstrukcj\u0119, funkcjonalno\u015b\u0107 i warto\u015b\u0107 ze wszystkich no\u017cy dost\u0119pnych obecnie na rynku. Nasze niestandardowe no\u017ce artystyczne s\u0105 wyj\u0105tkowymi dzie\u0142ami sztuki. Ka\u017cdy z naszych niestandardowych no\u017cy z limitowanej edycji jest przyk\u0142adem dziedzictwa jako\u015bci. Niezale\u017cnie od tego, kt\u00f3ry z naszych no\u017cy wybierzesz, jeste\u015bmy pewni, \u017ce b\u0119dziesz bardzo zadowolony z zakupu.<\/p>\n<p>Waga 3,60 uncji<br \/>\nD\u0142ugo\u015b\u0107 ca\u0142kowita: 21 cm<\/p>\n<p>D\u0142ugo\u015b\u0107 ostrza: 8,75 cm<\/p>\n<p>Wyko\u0144czenie powierzchni ostrza: pow\u0142oka DLC<\/p>\n<p>Materia\u0142 ostrza: Magnacut<\/p>\n<p>Materia\u0142 r\u0119koje\u015bci: aluminium 6061-T6<\/p>\n<p>Kolor uchwytu: czarny<\/p>\n<p>U\u017cytkownik: Prawa r\u0119ka<\/p>\n<p>Kieszonkowy klips: Tip-Up<\/p>\n<p>Typ no\u017ca: r\u0119czny<\/p>\n<p><iframe title=\"Meet Pro-Tech Knives\" width=\"800\" height=\"450\" src=\"https:\/\/www.youtube.com\/embed\/0TueVbHVDY4?feature=oembed\" frameborder=\"0\" allow=\"accelerometer; autoplay; clipboard-write; encrypted-media; gyroscope; picture-in-picture; web-share\" allowfullscreen><\/iframe><\/p>\n<p>&nbsp;<\/p>\n","protected":false},"excerpt":{"rendered":"<p><strong>Nasze modele no\u017cy produkcyjnych oferuj\u0105 najlepsz\u0105 konstrukcj\u0119, funkcjonalno\u015b\u0107 i warto\u015b\u0107 ze wszystkich no\u017cy dost\u0119pnych obecnie na rynku. Nasze niestandardowe no\u017ce artystyczne s\u0105 wyj\u0105tkowymi dzie\u0142ami sztuki. Ka\u017cdy z naszych niestandardowych no\u017cy z limitowanej edycji jest przyk\u0142adem dziedzictwa jako\u015bci. Niezale\u017cnie od tego, kt\u00f3ry z naszych no\u017cy wybierzesz, jeste\u015bmy pewni, \u017ce b\u0119dziesz bardzo zadowolony z zakupu.<\/strong><\/p>\n<p><strong>Dzi\u0119kujemy za zainteresowanie naszymi wysokiej jako\u015bci no\u017cami.<\/strong><\/p>\n<p>Bezp\u0142atny transport.<\/p>\n","protected":false},"featured_media":321654,"comment_status":"open","ping_status":"closed","template":"","meta":[],"pwb-brand":[3819],"product_brand":[],"product_cat":[3296,3307],"product_tag":[3671],"class_list":{"0":"post-321694","1":"product","2":"type-product","3":"status-publish","4":"has-post-thumbnail","6":"pwb-brand-dla-tech","7":"product_cat-noze-pl","8":"product_cat-zamykanie-nozy","9":"product_tag-b2b-pl","11":"first","12":"outofstock","13":"taxable","14":"shipping-taxable","15":"purchasable","16":"product-type-simple"},"brands":[{"id":3819,"name":"Dla Tech","slug":"dla-tech"}],"_links":{"self":[{"href":"https:\/\/www.moskito.cz\/pl\/wp-json\/wp\/v2\/product\/321694","targetHints":{"allow":["GET"]}}],"collection":[{"href":"https:\/\/www.moskito.cz\/pl\/wp-json\/wp\/v2\/product"}],"about":[{"href":"https:\/\/www.moskito.cz\/pl\/wp-json\/wp\/v2\/types\/product"}],"replies":[{"embeddable":true,"href":"https:\/\/www.moskito.cz\/pl\/wp-json\/wp\/v2\/comments?post=321694"}],"wp:featuredmedia":[{"embeddable":true,"href":"https:\/\/www.moskito.cz\/pl\/wp-json\/wp\/v2\/media\/321654"}],"wp:attachment":[{"href":"https:\/\/www.moskito.cz\/pl\/wp-json\/wp\/v2\/media?parent=321694"}],"wp:term":[{"taxonomy":"pwb-brand","embeddable":true,"href":"https:\/\/www.moskito.cz\/pl\/wp-json\/wp\/v2\/pwb-brand?post=321694"},{"taxonomy":"product_brand","embeddable":true,"href":"https:\/\/www.moskito.cz\/pl\/wp-json\/wp\/v2\/product_brand?post=321694"},{"taxonomy":"product_cat","embeddable":true,"href":"https:\/\/www.moskito.cz\/pl\/wp-json\/wp\/v2\/product_cat?post=321694"},{"taxonomy":"product_tag","embeddable":true,"href":"https:\/\/www.moskito.cz\/pl\/wp-json\/wp\/v2\/product_tag?post=321694"}],"curies":[{"name":"wp","href":"https:\/\/api.w.org\/{rel}","templated":true}]}}