{"id":321922,"date":"2024-03-19T22:35:56","date_gmt":"2024-03-19T21:38:35","guid":{"rendered":"https:\/\/www.moskito.cz\/produkt\/noz-strzelecki-pro-tech-les-george-rockeye-lg307-szary\/"},"modified":"2025-05-07T11:06:37","modified_gmt":"2025-05-07T10:06:37","slug":"noz-strzelecki-pro-tech-les-george-rockeye-lg307-szary","status":"publish","type":"product","link":"https:\/\/www.moskito.cz\/pl\/produkt\/noz-strzelecki-pro-tech-les-george-rockeye-lg307-szary\/","title":{"rendered":"N\u00f3\u017c strzelecki Pro-tech Les George Rockeye LG307-SZARY"},"content":{"rendered":"<p>N\u00f3\u017c strzelecki <strong>Pro-tech<\/strong> Les George Rockeye LG307-SZARY<\/p>\n<p>Ka\u017cdy n\u00f3\u017c <strong>Pro-Tech<\/strong> to po\u0142\u0105czenie najlepszych dost\u0119pnych materia\u0142\u00f3w i rzemios\u0142a. No\u017ce <strong>Pro-Tech<\/strong> powstaj\u0105 przy u\u017cyciu najnowocze\u015bniejszych proces\u00f3w produkcyjnych, kt\u00f3re obejmuj\u0105: Obr\u00f3bka CNC, elektroerozja drutowa, ci\u0119cie laserowe itp. Zaawansowane technologicznie komponenty s\u0105 montowane r\u0119cznie przez oddanych i skrupulatnych rzemie\u015blnik\u00f3w w ich zak\u0142adzie w Artesia w Kalifornii. Produkuj\u0105 ma\u0142e partie swoich no\u017cy, dzi\u0119ki czemu mog\u0105 po\u015bwi\u0119ci\u0107 czas na indywidualne dopasowanie i r\u0119czne wyko\u0144czenie ka\u017cdego no\u017ca do poziomu rzadko spotykanego w no\u017cach fabrycznych. Ich modele no\u017cy produkcyjnych oferuj\u0105 najlepszy design, funkcjonalno\u015b\u0107 i warto\u015b\u0107 spo\u015br\u00f3d wszystkich no\u017cy dost\u0119pnych obecnie na rynku. Ich niestandardowe no\u017ce automatyczne s\u0105 wyj\u0105tkowymi dzie\u0142ami sztuki. Ka\u017cdy z limitowanych edycji niestandardowych no\u017cy jest przyk\u0142adem dziedzictwa jako\u015bci. Bez wzgl\u0119du na to, kt\u00f3ry z no\u017cy wybierzesz, jeste\u015bmy pewni, \u017ce b\u0119dziesz bardzo zadowolony z zakupu.<\/p>\n<p><strong>Pro-Tech<\/strong> Knives jest dumny z tego, \u017ce jest pierwszym wyborem specjalist\u00f3w z zakresu egzekwowania prawa i wojska na ca\u0142ym \u015bwiecie. No\u017ce Pro-Tech s\u0105 zbudowane z my\u015bl\u0105 o trwa\u0142o\u015bci. Rockeye AUTO jest wynikiem wsp\u00f3\u0142pracy pomi\u0119dzy Les George i Pro-Tech i jak wszystkie ich no\u017ce ma tward\u0105 spr\u0119\u017cyn\u0119 \u015brubow\u0105. LG307-GREY posiada ostrze ze stali narz\u0119dziowej CPM-D2 z fa\u0142szywym g\u00f3rnym klinem, skosem kciukowym i wzmocnion\u0105 ko\u0144c\u00f3wk\u0105, co zapewnia maksymaln\u0105 skuteczno\u015b\u0107 penetracji bez utraty integralno\u015bci. Czarne wyko\u0144czenie DLC na ostrzu jest wyj\u0105tkowo trwa\u0142e, dzi\u0119ki czemu idealnie nadaje si\u0119 do ci\u0119\u017ckich zastosowa\u0144. R\u0119koje\u015b\u0107 wykonana jest z frezowanego aluminium lotniczego, co zapewnia wytrzyma\u0142o\u015b\u0107 i lekko\u015b\u0107. Jest ergonomiczne, b\u0142yskawiczne i po prostu niesamowite, wszechstronne ostrze.<\/p>\n<p>Dane techniczne:<br \/>\nD\u0142ugo\u015b\u0107 ostrza: 8,5 cm<br \/>\nD\u0142ugo\u015b\u0107 po zamkni\u0119ciu: 12,5 cm<br \/>\nD\u0142ugo\u015b\u0107 ca\u0142kowita: 21 cm<br \/>\nMateria\u0142 ostrza: stal narz\u0119dziowa CPM-D2<br \/>\nStyl ostrza: Drop Point<br \/>\nSzlif ostrza: p\u0142aski<br \/>\nWyko\u0144czenie ostrza: czarne DLC<br \/>\nMateria\u0142 r\u0119koje\u015bci: teksturowane aluminium T6-6061, szare<br \/>\nMechanizm blokuj\u0105cy: Przycisk<br \/>\nKlips kieszonkowy: czarna stal nierdzewna (sk\u0142adany, prawy noszony)<br \/>\nWaga: 4,5 uncji<br \/>\nProjektant: Les George<br \/>\nWykonane w USA<\/p>\n<p><iframe title=\"Meet Pro-Tech Knives\" width=\"800\" height=\"450\" src=\"https:\/\/www.youtube.com\/embed\/0TueVbHVDY4?feature=oembed\" frameborder=\"0\" allow=\"accelerometer; autoplay; clipboard-write; encrypted-media; gyroscope; picture-in-picture; web-share\" allowfullscreen><\/iframe><\/p>\n<p>&nbsp;<\/p>\n","protected":false},"excerpt":{"rendered":"<p><strong>Nasze modele no\u017cy produkcyjnych oferuj\u0105 najlepsz\u0105 konstrukcj\u0119, funkcjonalno\u015b\u0107 i warto\u015b\u0107 ze wszystkich no\u017cy dost\u0119pnych obecnie na rynku. Nasze niestandardowe no\u017ce artystyczne s\u0105 wyj\u0105tkowymi dzie\u0142ami sztuki. Ka\u017cdy z naszych niestandardowych no\u017cy z limitowanej edycji jest przyk\u0142adem dziedzictwa jako\u015bci. Niezale\u017cnie od tego, kt\u00f3ry z naszych no\u017cy wybierzesz, jeste\u015bmy pewni, \u017ce b\u0119dziesz bardzo zadowolony z zakupu.<\/strong><\/p>\n<p><strong>Dzi\u0119kujemy za zainteresowanie naszymi wysokiej jako\u015bci no\u017cami.<\/strong><\/p>\n<p>Bezp\u0142atny transport.<\/p>\n","protected":false},"featured_media":321876,"comment_status":"open","ping_status":"closed","template":"","meta":[],"pwb-brand":[3819],"product_brand":[],"product_cat":[3296,3344],"product_tag":[3671],"class_list":{"0":"post-321922","1":"product","2":"type-product","3":"status-publish","4":"has-post-thumbnail","6":"pwb-brand-dla-tech","7":"product_cat-noze-pl","8":"product_cat-noze-strzeleckie","9":"product_tag-b2b-pl","11":"first","12":"outofstock","13":"taxable","14":"shipping-taxable","15":"purchasable","16":"product-type-simple"},"brands":[{"id":3819,"name":"Dla Tech","slug":"dla-tech"}],"_links":{"self":[{"href":"https:\/\/www.moskito.cz\/pl\/wp-json\/wp\/v2\/product\/321922","targetHints":{"allow":["GET"]}}],"collection":[{"href":"https:\/\/www.moskito.cz\/pl\/wp-json\/wp\/v2\/product"}],"about":[{"href":"https:\/\/www.moskito.cz\/pl\/wp-json\/wp\/v2\/types\/product"}],"replies":[{"embeddable":true,"href":"https:\/\/www.moskito.cz\/pl\/wp-json\/wp\/v2\/comments?post=321922"}],"wp:featuredmedia":[{"embeddable":true,"href":"https:\/\/www.moskito.cz\/pl\/wp-json\/wp\/v2\/media\/321876"}],"wp:attachment":[{"href":"https:\/\/www.moskito.cz\/pl\/wp-json\/wp\/v2\/media?parent=321922"}],"wp:term":[{"taxonomy":"pwb-brand","embeddable":true,"href":"https:\/\/www.moskito.cz\/pl\/wp-json\/wp\/v2\/pwb-brand?post=321922"},{"taxonomy":"product_brand","embeddable":true,"href":"https:\/\/www.moskito.cz\/pl\/wp-json\/wp\/v2\/product_brand?post=321922"},{"taxonomy":"product_cat","embeddable":true,"href":"https:\/\/www.moskito.cz\/pl\/wp-json\/wp\/v2\/product_cat?post=321922"},{"taxonomy":"product_tag","embeddable":true,"href":"https:\/\/www.moskito.cz\/pl\/wp-json\/wp\/v2\/product_tag?post=321922"}],"curies":[{"name":"wp","href":"https:\/\/api.w.org\/{rel}","templated":true}]}}