{"id":322069,"date":"2022-04-26T14:54:00","date_gmt":"2024-03-20T10:20:44","guid":{"rendered":"https:\/\/www.moskito.cz\/produkt\/noz-strzelecki-beltrame-imit-bagnet-z-rogu-bawolego\/"},"modified":"2025-05-07T11:06:45","modified_gmt":"2025-05-07T10:06:45","slug":"noz-strzelecki-beltrame-imit-bagnet-z-rogu-bawolego","status":"publish","type":"product","link":"https:\/\/www.moskito.cz\/pl\/produkt\/noz-strzelecki-beltrame-imit-bagnet-z-rogu-bawolego\/","title":{"rendered":"N\u00f3\u017c strzelecki Beltrame Imit Bagnet z rogu bawolego"},"content":{"rendered":"<p>N\u00f3\u017c strzelecki <strong>Beltrame<\/strong> Imit Bagnet z rogu bawolego.<\/p>\n<p>Klasyczna w\u0142oska szpilka Imit. Bagnet 28 cm, tradycyjny w\u0142oski n\u00f3\u017c spr\u0119\u017cynowy. R\u0119cznie robione no\u017ce Frank Beltrame Stiletto wed\u0142ug zasad w\u0142oskiego rzemios\u0142a zas\u0142yn\u0119\u0142y na ca\u0142ym \u015bwiecie ze swojej wyj\u0105tkowej lekko\u015bci i trwa\u0142o\u015bci. Ze wzgl\u0119du na swoje w\u0142a\u015bciwo\u015bci w\u0142oski sztylet nadaje si\u0119 do u\u017cycia w ka\u017cdym \u015brodowisku, od polowania po biwakowanie. Solidna, trwa\u0142a konstrukcja, mocna spr\u0119\u017cyna otwieraj\u0105ca ostrze to znak rozpoznawczy klasycznych w\u0142oskich pas\u00f3w spr\u0119\u017cynowych Frank Beltrame.<\/p>\n<p>R\u0119koje\u015b\u0107 &#8211; pokryta ok\u0142adzin\u0105 imituj\u0105c\u0105 r\u00f3g bawolego (imitacja rogu) nadaje ekskluzywny wygl\u0105d. Dzi\u0119ki wyko\u0144czeniu z polerowanego niklu zapewnia wygodny i pewny chwyt. Bezpiecze\u0144stwo u\u017cytkowania zwi\u0119ksza ergonomiczny kszta\u0142t r\u0119koje\u015bci, kt\u00f3ry zapobiega \u015blizganiu si\u0119 d\u0142oni podczas pracy. Nity mosi\u0119\u017cne.<\/p>\n<p>G\u0142ownia &#8211; niezwykle ostra o profilu Spear Point, grubo\u015bci 3.5 mm z kr\u00f3tkim fa\u0142szywym ostrzem dla zwi\u0119kszenia w\u0142a\u015bciwo\u015bci penetracyjnych. Wykonane z \u0142atwo szlifowanej stali nierdzewnej AISI 420 MA5M, charakteryzuj\u0105cej si\u0119 du\u017c\u0105 odporno\u015bci\u0105 na korozj\u0119. Stal hartowana 56 HRC. Popularny typ ostrza uzyskany ze szlifu p\u0142askiego zapewnia dobre w\u0142a\u015bciwo\u015bci tn\u0105ce i penetruj\u0105ce. Stalowa os\u0142ona chroni d\u0142o\u0144 przed niepo\u017c\u0105danym po\u015blizgiem i umo\u017cliwia z\u0142o\u017cenie ostrza po naci\u015bni\u0119ciu.<\/p>\n<p>Blokada &#8211; zapobiega przypadkowemu z\u0142o\u017ceniu lub otwarciu ostrza. N\u00f3\u017c automatyczny otwiera si\u0119 za pomoc\u0105 sta\u0142ego przycisku umieszczonego na r\u0119koje\u015bci.<\/p>\n<p>Spr\u0119\u017cyna &#8211; szczeg\u00f3ln\u0105 uwag\u0119 zwr\u00f3cono na konstrukcj\u0119 spr\u0119\u017cyny (stal nierdzewna): ostrze musi otworzy\u0107 si\u0119 w ci\u0105gu kilku setnych sekundy (cecha no\u017cy Stiletto). Komponent Beltrame wydaje charakterystyczny d\u017awi\u0119k (klikni\u0119cie) przy otwieraniu ostrza, co odr\u00f3\u017cnia go od innych no\u017cy spr\u0119\u017cynowych.<\/p>\n<p>Dane techniczne:<br \/>\nNumer produktu: FB 28 \/ 81B<br \/>\nNazwa: Klasyczny w\u0142oski sztylet ig\u0142owy imitacja bagnetu z rogu bawolego 28<br \/>\nRodzaj stali: AISI 420 MA5M<br \/>\nTwardo\u015b\u0107 ostrza Rockwella: 56 HRC<br \/>\nD\u0142ugo\u015b\u0107 ostrza: 12 cm \/ 4,72 cala<br \/>\nGrubo\u015b\u0107 ostrza: 0,35 cm \/ 1,13&#8243;<br \/>\nD\u0142ugo\u015b\u0107 ca\u0142kowita: 28 cm \/ 11,02 cala<br \/>\nWaga: 134 g \/ 4,73 uncji<br \/>\nOstrze: G\u0142adkie<br \/>\nTyp ostrza: Szpic w\u0142\u00f3czni<br \/>\nBlokada no\u017ca: Tak<br \/>\nTyp r\u0119koje\u015bci: Imitacja rogu byka<br \/>\nProducent: F.LLI Beltrame, W\u0142ochy<\/p>\n<p>No\u017ce Beltrame produkowane s\u0105 we W\u0142oszech od 1953 roku. Firma zosta\u0142a za\u0142o\u017cona przez Franka Beltrama. Sekret wytwarzania tych no\u017cy Stiletto jest cz\u0119\u015bci\u0105 historii Maniago, kt\u00f3ra by\u0142a przekazywana z ojca na syna. Jako ma\u0142y ch\u0142opiec Frank pomaga\u0142 w fabryce swojego ojca, gdzie p\u00f3\u017aniej rozpocz\u0105\u0142 prac\u0119 jako ucze\u0144 ojca. Ponadto ucz\u0119szcza\u0142 do szko\u0142y tradycyjnych sztu\u0107c\u00f3w, gdzie pozna\u0142 r\u00f3\u017cne materia\u0142y, najnowsze technologie przetwarzania i r\u00f3\u017cne style projektowania. W 1958 roku Frank i jego rodzina zacz\u0119li produkowa\u0107 no\u017ce automatyczne. Rok po tym, jak ojciec Franka zmar\u0142 na zawa\u0142 serca podczas pracy w fabryce, Frank za\u0142o\u017cy\u0142 firm\u0119 Beltrame. W kolejnych latach kontynuowa\u0142 nauk\u0119 i badania no\u017cy, odpowiednich materia\u0142\u00f3w i konstrukcji. Po kr\u00f3tkim czasie na rynku pojawi\u0142y si\u0119 tanie imitacje z Tajwanu, tradycyjne w\u0142oskie no\u017ce Stiletto. Frank musia\u0142 zatem stawi\u0107 czo\u0142a nowemu problemowi. Na szcz\u0119\u015bcie jako\u015b\u0107 tych tanich no\u017cy m\u00f3wi sama za siebie, ka\u017cdy kolekcjoner wie, \u017ce nie da si\u0119 ich por\u00f3wna\u0107 do prawdziwego sztyletu Beltrame. No\u017ce Beltrame zdoby\u0142y uznanie najbardziej wymagaj\u0105cych klient\u00f3w na \u015bwiecie dzi\u0119ki pasji Franka do tych no\u017cy. Wykonuj\u0105c no\u017ce wykorzystuje swoje wieloletnie do\u015bwiadczenie, kt\u00f3re naby\u0142 ju\u017c w m\u0142odym wieku. W 2005 roku no\u017ce Beltrame otrzyma\u0142y certyfikat jako\u015bci Maniago, kt\u00f3rym przekroczy\u0142y europejskie standardy jako\u015bci. Oznacza to, \u017ce te no\u017ce s\u0105 co roku testowane pod k\u0105tem jako\u015bci materia\u0142u.<\/p>\n","protected":false},"excerpt":{"rendered":"<p>No\u017ce <strong>Beltrame<\/strong> produkowane s\u0105 we W\u0142oszech od 1953 roku. Firma zosta\u0142a za\u0142o\u017cona przez Franka Beltrama. Sekret wytwarzania tych no\u017cy Stiletto jest cz\u0119\u015bci\u0105 historii Maniago, kt\u00f3ra by\u0142a przekazywana z ojca na syna.<br \/>\n<strong>Wyprodukowane we W\u0142oszech.<\/strong><\/p>\n","protected":false},"featured_media":322070,"comment_status":"open","ping_status":"closed","template":"","meta":[],"pwb-brand":[3538],"product_brand":[],"product_cat":[3296,3344],"product_tag":[3671],"class_list":{"0":"post-322069","1":"product","2":"type-product","3":"status-publish","4":"has-post-thumbnail","6":"pwb-brand-beltrame-pl","7":"product_cat-noze-pl","8":"product_cat-noze-strzeleckie","9":"product_tag-b2b-pl","11":"first","12":"outofstock","13":"taxable","14":"shipping-taxable","15":"purchasable","16":"product-type-simple"},"brands":[{"id":3538,"name":"Beltrame","slug":"beltrame-pl"}],"_links":{"self":[{"href":"https:\/\/www.moskito.cz\/pl\/wp-json\/wp\/v2\/product\/322069","targetHints":{"allow":["GET"]}}],"collection":[{"href":"https:\/\/www.moskito.cz\/pl\/wp-json\/wp\/v2\/product"}],"about":[{"href":"https:\/\/www.moskito.cz\/pl\/wp-json\/wp\/v2\/types\/product"}],"replies":[{"embeddable":true,"href":"https:\/\/www.moskito.cz\/pl\/wp-json\/wp\/v2\/comments?post=322069"}],"wp:featuredmedia":[{"embeddable":true,"href":"https:\/\/www.moskito.cz\/pl\/wp-json\/wp\/v2\/media\/322070"}],"wp:attachment":[{"href":"https:\/\/www.moskito.cz\/pl\/wp-json\/wp\/v2\/media?parent=322069"}],"wp:term":[{"taxonomy":"pwb-brand","embeddable":true,"href":"https:\/\/www.moskito.cz\/pl\/wp-json\/wp\/v2\/pwb-brand?post=322069"},{"taxonomy":"product_brand","embeddable":true,"href":"https:\/\/www.moskito.cz\/pl\/wp-json\/wp\/v2\/product_brand?post=322069"},{"taxonomy":"product_cat","embeddable":true,"href":"https:\/\/www.moskito.cz\/pl\/wp-json\/wp\/v2\/product_cat?post=322069"},{"taxonomy":"product_tag","embeddable":true,"href":"https:\/\/www.moskito.cz\/pl\/wp-json\/wp\/v2\/product_tag?post=322069"}],"curies":[{"name":"wp","href":"https:\/\/api.w.org\/{rel}","templated":true}]}}