{"id":322121,"date":"2023-09-27T20:58:58","date_gmt":"2024-03-20T10:27:51","guid":{"rendered":"https:\/\/www.moskito.cz\/produkt\/plastikowy-noz-mysliwski-beltrame-stiletto-kris\/"},"modified":"2025-06-25T16:02:48","modified_gmt":"2025-06-25T15:02:48","slug":"plastikowy-noz-mysliwski-beltrame-stiletto-kris","status":"publish","type":"product","link":"https:\/\/www.moskito.cz\/pl\/produkt\/plastikowy-noz-mysliwski-beltrame-stiletto-kris\/","title":{"rendered":"Plastikowy n\u00f3\u017c my\u015bliwski Beltrame Stiletto Kris"},"content":{"rendered":"<p>Plastikowy n\u00f3\u017c my\u015bliwski <strong>Beltrame<\/strong> Stiletto Kris<\/p>\n<p>Frank Beltrame Kris Black 28cm, tradycyjny w\u0142oski n\u00f3\u017c wiosenny. No\u017ce Frank Beltrame Stiletto, wykonane r\u0119cznie zgodnie z zasadami w\u0142oskiego rzemios\u0142a, zas\u0142yn\u0119\u0142y na ca\u0142ym \u015bwiecie ze swojej wyj\u0105tkowej lekko\u015bci i trwa\u0142o\u015bci. Ze wzgl\u0119du na swoje w\u0142a\u015bciwo\u015bci w\u0142oski sztylet nadaje si\u0119 do u\u017cycia w ka\u017cdym \u015brodowisku, od polowania po biwakowanie. Solidna, trwa\u0142a konstrukcja, mocna spr\u0119\u017cyna otwieraj\u0105ca ostrze, to cecha charakterystyczna klasycznych w\u0142oskich no\u017cy spr\u0119\u017cynowych Frank Beltrame.<\/p>\n<p>R\u0119koje\u015b\u0107 &#8211; pokryta twardymi polimerowymi uchwytami w kolorze czarnym. Dzi\u0119ki wyko\u0144czeniu z polerowanego niklu zapewnia wygodny i pewny chwyt. Bezpiecze\u0144stwo u\u017cytkowania zwi\u0119ksza ergonomiczny kszta\u0142t r\u0119koje\u015bci, kt\u00f3ry zapobiega \u015blizganiu si\u0119 d\u0142oni podczas pracy. Nity mosi\u0119\u017cne.<\/p>\n<p>Kris, czyli keris, to indonezyjski asymetryczny sztylet, b\u0119d\u0105cy zar\u00f3wno broni\u0105, jak i przedmiotem duchowym, z charakterystycznym wzorem ostrza uzyskanym przez naprzemienne laminowanie \u017celaza i niklowanego \u017celaza. Pochodz\u0105cy z Jawy kris znany jest ze swojego charakterystycznego falistego ostrza, chocia\u017c wiele z nich ma r\u00f3wnie\u017c proste ostrza i jest jedn\u0105 z broni powszechnie u\u017cywanych w indonezyjskiej sztuce walki pencak silat.<\/p>\n<p>G\u0142ownia &#8211; niezwykle ostra o profilu Kris o grubo\u015bci 3,5 mm z fa\u0142szywym ostrzem o zwi\u0119kszonych w\u0142a\u015bciwo\u015bciach penetracyjnych. Wykonane z \u0142atwej w szlifowaniu stali nierdzewnej AISI 420 MA5M, charakteryzuj\u0105cej si\u0119 du\u017c\u0105 odporno\u015bci\u0105 na korozj\u0119. Stal hartowana 56 HRC. Popularny typ ostrza uzyskany ze szlifu p\u0142askiego, zapewniaj\u0105cy dobre w\u0142a\u015bciwo\u015bci tn\u0105ce i penetruj\u0105ce. Stela zabezpiecza d\u0142o\u0144 przed przypadkowym ze\u015blizgni\u0119ciem si\u0119 i posiada mo\u017cliwo\u015b\u0107 doci\u015bni\u0119cia w celu z\u0142o\u017cenia ostrza.<\/p>\n<p>Blokada &#8211; zabezpiecza przed przypadkowym z\u0142o\u017ceniem lub otwarciem g\u0142owni. Otwieranie no\u017ca automatycznego odbywa si\u0119 za pomoc\u0105 sta\u0142ego przycisku umieszczonego na r\u0119koje\u015bci.<\/p>\n<p>Spr\u0119\u017cyna \u2013 szczeg\u00f3ln\u0105 uwag\u0119 zwr\u00f3cono na konstrukcj\u0119 spr\u0119\u017cyn (stal nierdzewna): otwarcie ostrza musi nast\u0105pi\u0107 w ci\u0105gu kilku setnych sekundy (cecha no\u017cy Stiletto). Folder Beltrame wydaje charakterystyczny d\u017awi\u0119k (klikni\u0119cie) podczas otwierania ostrza, co odr\u00f3\u017cnia go od innych no\u017cy spr\u0119\u017cynowych.<\/p>\n<p>Dane techniczne:<br \/>\nNumer produktu: FB 23\/37K<br \/>\nNazwa produktu: Frank Beltrame Kris Black 23cm.<\/p>\n<p>D\u0142ugo\u015b\u0107 ca\u0142kowita: 28 mm \/ 9,06 cala<br \/>\nD\u0142ugo\u015b\u0107 ostrza: 12 cm \/ 3,86 cala<br \/>\nGrubo\u015b\u0107 ostrza: 0,35 cm \/ 0,14&#8243;<br \/>\nWaga: 108,0 g \/ 3,81 uncji<\/p>\n<p>Materia\u0142 ostrza: AISI 420 MA5M<br \/>\nTwardo\u015b\u0107 ostrza: 56 HRC<br \/>\nSzlif ostrza: p\u0142aski<\/p>\n<p>Materia\u0142 r\u0119koje\u015bci: Czarny polimer<br \/>\nKolor wyko\u0144czenia uchwytu: czarny<br \/>\nMateria\u0142 podk\u0142adki dystansowej: stal nierdzewna<\/p>\n","protected":false},"excerpt":{"rendered":"<p><strong>No\u017ce Beltrame produkowane s\u0105 we W\u0142oszech od 1953 roku. Firma zosta\u0142a za\u0142o\u017cona przez Franka Beltrama. Sekret wytwarzania tych no\u017cy Stiletto jest cz\u0119\u015bci\u0105 historii Maniago, kt\u00f3ra by\u0142a przekazywana z ojca na syna.<\/strong><br \/>\n<strong>Wyprodukowane we W\u0142oszech.<\/strong><\/p>\n","protected":false},"featured_media":322125,"comment_status":"open","ping_status":"closed","template":"","meta":[],"pwb-brand":[3538],"product_brand":[],"product_cat":[3344,3296],"product_tag":[3671],"class_list":{"0":"post-322121","1":"product","2":"type-product","3":"status-publish","4":"has-post-thumbnail","6":"pwb-brand-beltrame-pl","7":"product_cat-noze-strzeleckie","8":"product_cat-noze-pl","9":"product_tag-b2b-pl","11":"first","12":"outofstock","13":"taxable","14":"shipping-taxable","15":"purchasable","16":"product-type-simple"},"brands":[{"id":3538,"name":"Beltrame","slug":"beltrame-pl"}],"_links":{"self":[{"href":"https:\/\/www.moskito.cz\/pl\/wp-json\/wp\/v2\/product\/322121","targetHints":{"allow":["GET"]}}],"collection":[{"href":"https:\/\/www.moskito.cz\/pl\/wp-json\/wp\/v2\/product"}],"about":[{"href":"https:\/\/www.moskito.cz\/pl\/wp-json\/wp\/v2\/types\/product"}],"replies":[{"embeddable":true,"href":"https:\/\/www.moskito.cz\/pl\/wp-json\/wp\/v2\/comments?post=322121"}],"wp:featuredmedia":[{"embeddable":true,"href":"https:\/\/www.moskito.cz\/pl\/wp-json\/wp\/v2\/media\/322125"}],"wp:attachment":[{"href":"https:\/\/www.moskito.cz\/pl\/wp-json\/wp\/v2\/media?parent=322121"}],"wp:term":[{"taxonomy":"pwb-brand","embeddable":true,"href":"https:\/\/www.moskito.cz\/pl\/wp-json\/wp\/v2\/pwb-brand?post=322121"},{"taxonomy":"product_brand","embeddable":true,"href":"https:\/\/www.moskito.cz\/pl\/wp-json\/wp\/v2\/product_brand?post=322121"},{"taxonomy":"product_cat","embeddable":true,"href":"https:\/\/www.moskito.cz\/pl\/wp-json\/wp\/v2\/product_cat?post=322121"},{"taxonomy":"product_tag","embeddable":true,"href":"https:\/\/www.moskito.cz\/pl\/wp-json\/wp\/v2\/product_tag?post=322121"}],"curies":[{"name":"wp","href":"https:\/\/api.w.org\/{rel}","templated":true}]}}