{"id":322163,"date":"2020-12-08T21:17:07","date_gmt":"2024-03-20T10:31:06","guid":{"rendered":"https:\/\/www.moskito.cz\/produkt\/plastikowy-noz-strzelecki-beltrame-stiletto-2\/"},"modified":"2025-10-25T05:20:21","modified_gmt":"2025-10-25T04:20:21","slug":"plastikowy-noz-strzelecki-beltrame-stiletto-2","status":"publish","type":"product","link":"https:\/\/www.moskito.cz\/pl\/produkt\/plastikowy-noz-strzelecki-beltrame-stiletto-2\/","title":{"rendered":"Plastikowy n\u00f3\u017c strzelecki Beltrame Stiletto"},"content":{"rendered":"<p>Plastikowy n\u00f3\u017c strzelecki <strong>Beltrame<\/strong> Stiletto.<\/p>\n<p>Klasyczny w\u0142oski n\u00f3\u017c Stiletto Black Dagger Tradycyjny w\u0142oski n\u00f3\u017c 28 cm. No\u017ce Frank Beltrame Stiletto, w ca\u0142o\u015bci wykonane r\u0119cznie zgodnie z zasadami w\u0142oskiego rzemios\u0142a, s\u0142yn\u0105 na ca\u0142ym \u015bwiecie ze swojej wyj\u0105tkowej lekko\u015bci i trwa\u0142o\u015bci. Ze wzgl\u0119du na swoje w\u0142a\u015bciwo\u015bci w\u0142oski sztylet nadaje si\u0119 do u\u017cycia w ka\u017cdym \u015brodowisku, od polowania po biwakowanie. Solidna, trwa\u0142a konstrukcja, mocna spr\u0119\u017cyna otwieraj\u0105ca ostrze to znak rozpoznawczy klasycznych w\u0142oskich pas\u00f3w spr\u0119\u017cynowych Frank Beltrame.<\/p>\n<p>Spr\u0119\u017cyna &#8211; producent zwraca szczeg\u00f3ln\u0105 uwag\u0119 na konstrukcj\u0119 spr\u0119\u017cyny (stal nierdzewna): otwarcie ostrza musi nast\u0105pi\u0107 w ci\u0105gu kilku setnych sekundy (cecha no\u017cy Stiletto). Komponent Beltrame wydaje charakterystyczny d\u017awi\u0119k (klikni\u0119cie) przy otwieraniu ostrza, co odr\u00f3\u017cnia go od innych no\u017cy spr\u0119\u017cynowych. W tym egzemplarzu moment mocy przyjemnie ci\u0105gnie r\u0119k\u0105 przy otwieraniu ukazuj\u0105c moc drzemi\u0105c\u0105 w spr\u0119\u017cynach Beltrame.<\/p>\n<p>Blokada &#8211; zapobiega przypadkowemu z\u0142o\u017ceniu lub otwarciu ostrza. N\u00f3\u017c automatyczny otwiera si\u0119 za pomoc\u0105 sta\u0142ego przycisku umieszczonego na r\u0119koje\u015bci.<\/p>\n<p>G\u0142ownia &#8211; niezwykle ostre, precyzyjne ostrze o profilu Dagger o grubo\u015bci 3,5 mm, wykonane ze stali nierdzewnej AISI 420 MA5M, \u0142atwej w ostrzeniu, charakteryzuj\u0105cej si\u0119 du\u017c\u0105 odporno\u015bci\u0105 na korozj\u0119. Stal hartowana 56 HRC. Popularny typ ostrza uzyskany ze szlifu p\u0142askiego zapewnia dobre w\u0142a\u015bciwo\u015bci tn\u0105ce i penetruj\u0105ce.<\/p>\n<p>R\u0119koje\u015b\u0107 &#8211; pokryta czarnymi ok\u0142adzinami z twardego polimeru, wyko\u0144czona polerowanym niklem, zapewnia wygodny i pewny chwyt. Wewn\u0119trzna cz\u0119\u015b\u0107 r\u0119koje\u015bci wyko\u0144czona jest mosi\u0119\u017cnymi wstawkami, kt\u00f3re podnosz\u0105 walory estetyczne. Bezpiecze\u0144stwo u\u017cytkowania zwi\u0119ksza ergonomiczny kszta\u0142t r\u0119koje\u015bci, kt\u00f3ry zapobiega \u015blizganiu si\u0119 d\u0142oni podczas pracy. Nity mosi\u0119\u017cne.<\/p>\n<p>Dane techniczne:<br \/>\nNumer produktu: FB 28\/37<br \/>\nNazwa: Klasyczny w\u0142oski sztylet czarny sztylet 28<br \/>\nRodzaj stali: AISI 420 MA5M<br \/>\nTwardo\u015b\u0107 ostrza Rockwella: 56 HRC<br \/>\nD\u0142ugo\u015b\u0107 ostrza: 12 cm \/ 4,72 cala<br \/>\nGrubo\u015b\u0107 ostrza: 0,35 cm \/ 1,13&#8243;<br \/>\nD\u0142ugo\u015b\u0107 ca\u0142kowita: 28 cm \/ 11,02 cala<br \/>\nWaga: 125 g \/ 4,19 uncji<br \/>\nOstrze: G\u0142adkie<br \/>\nTyp ostrza: Sztylet (sztylet)<br \/>\nBlokada no\u017ca: Tak<br \/>\nTyp uchwytu: Plastikowy<br \/>\nProducent: F.LLI Beltrame, W\u0142ochy<\/p>\n<p>No\u017ce <strong>Beltrame<\/strong> produkowane s\u0105 we W\u0142oszech od 1953 roku. Firma zosta\u0142a za\u0142o\u017cona przez Franka Beltrama. Sekret wytwarzania tych no\u017cy Stiletto jest cz\u0119\u015bci\u0105 historii Maniago, kt\u00f3ra by\u0142a przekazywana z ojca na syna. Jako ma\u0142y ch\u0142opiec Frank pomaga\u0142 w fabryce swojego ojca, gdzie p\u00f3\u017aniej rozpocz\u0105\u0142 prac\u0119 jako ucze\u0144 ojca. Ponadto ucz\u0119szcza\u0142 do szko\u0142y tradycyjnych sztu\u0107c\u00f3w, gdzie pozna\u0142 r\u00f3\u017cne materia\u0142y, najnowsze technologie przetwarzania i r\u00f3\u017cne style projektowania. W 1958 roku Frank i jego rodzina zacz\u0119li produkowa\u0107 no\u017ce automatyczne. Rok po tym, jak ojciec Franka zmar\u0142 na zawa\u0142 serca podczas pracy w fabryce, Frank za\u0142o\u017cy\u0142 firm\u0119 Beltrame. W kolejnych latach kontynuowa\u0142 nauk\u0119 i badania no\u017cy, odpowiednich materia\u0142\u00f3w i konstrukcji. Po kr\u00f3tkim czasie na rynku pojawi\u0142y si\u0119 tanie imitacje z Tajwanu, tradycyjne w\u0142oskie no\u017ce Stiletto. Frank musia\u0142 zatem stawi\u0107 czo\u0142a nowemu problemowi. Na szcz\u0119\u015bcie jako\u015b\u0107 tych tanich no\u017cy m\u00f3wi sama za siebie, ka\u017cdy kolekcjoner wie, \u017ce nie da si\u0119 ich por\u00f3wna\u0107 do prawdziwego sztyletu Beltrame. No\u017ce Beltrame zdoby\u0142y uznanie najbardziej wymagaj\u0105cych klient\u00f3w na \u015bwiecie dzi\u0119ki pasji Franka do tych no\u017cy. Wykonuj\u0105c no\u017ce wykorzystuje swoje wieloletnie do\u015bwiadczenie, kt\u00f3re naby\u0142 ju\u017c w m\u0142odym wieku. W 2005 roku no\u017ce Beltrame otrzyma\u0142y certyfikat jako\u015bci Maniago, kt\u00f3rym przekroczy\u0142y europejskie standardy jako\u015bci. Oznacza to, \u017ce te no\u017ce s\u0105 co roku testowane pod k\u0105tem jako\u015bci materia\u0142u.<\/p>\n<p>Do odblokowania ostrza s\u0142u\u017cy obrotowy wspornik wykonany ze stali nierdzewnej lub niklowanego srebra, wykonany r\u00f3wnie\u017c ze stali nierdzewnej AISI 420 nierdzewnej MA5M HRC 56. Otwarcie odbywa si\u0119 za pomoc\u0105 przycisku umieszczonego na \u015brodku klamki.<\/p>\n<p>Opis<br \/>\nDo odblokowania ostrza s\u0142u\u017cy obrotowy wspornik wykonany ze stali nierdzewnej lub niklowanego srebra, wykonany r\u00f3wnie\u017c ze stali nierdzewnej AISI 420 nierdzewnej MA5M HRC 56. Otwarcie odbywa si\u0119 za pomoc\u0105 przycisku umieszczonego na \u015brodku klamki.<br \/>\nR\u0119koje\u015bci mog\u0105 by\u0107 wykonane z kolorowego plastiku: bia\u0142ego, czarno-czerwonego, niebiesko-zielonego, ciemnego rogu, jasnego rogu i brazylijskiego rogu, palisandru, cocobolo, drewna oliwnego, w\u0119\u017ca, jelenia, ko\u015bci, uchowca i masy per\u0142owej.<br \/>\nWk\u0142adki wykonane s\u0105 z mosi\u0105dzu, a spr\u0119\u017cyna ze stali nierdzewnej montowana i sk\u0142adana r\u0119cznie przez <strong>Franka Beltrame<\/strong> , nigdy maszynowo.<br \/>\nNity na uchwytach wykonane s\u0105 z mosi\u0105dzu<br \/>\nModel Classic jest w ca\u0142o\u015bci montowany r\u0119cznie z precyzj\u0105 i dok\u0142adno\u015bci\u0105 oraz ma r\u0119cznie wykonane wyko\u0144czenie.<\/p>\n","protected":false},"excerpt":{"rendered":"<p>No\u017ce <strong>Beltrame<\/strong> produkowane s\u0105 we W\u0142oszech od 1953 roku. Firma zosta\u0142a za\u0142o\u017cona przez Franka Beltrama. Sekret wytwarzania tych no\u017cy Stiletto jest cz\u0119\u015bci\u0105 historii Maniago, kt\u00f3ra by\u0142a przekazywana z ojca na syna.<br \/>\n<strong>Wyprodukowane we W\u0142oszech.<\/strong><\/p>\n","protected":false},"featured_media":256958,"comment_status":"open","ping_status":"closed","template":"","meta":[],"pwb-brand":[3538],"product_brand":[],"product_cat":[3296,3344],"product_tag":[3671],"class_list":{"0":"post-322163","1":"product","2":"type-product","3":"status-publish","4":"has-post-thumbnail","6":"pwb-brand-beltrame-pl","7":"product_cat-noze-pl","8":"product_cat-noze-strzeleckie","9":"product_tag-b2b-pl","11":"first","12":"outofstock","13":"taxable","14":"shipping-taxable","15":"purchasable","16":"product-type-simple"},"brands":[{"id":3538,"name":"Beltrame","slug":"beltrame-pl"}],"_links":{"self":[{"href":"https:\/\/www.moskito.cz\/pl\/wp-json\/wp\/v2\/product\/322163","targetHints":{"allow":["GET"]}}],"collection":[{"href":"https:\/\/www.moskito.cz\/pl\/wp-json\/wp\/v2\/product"}],"about":[{"href":"https:\/\/www.moskito.cz\/pl\/wp-json\/wp\/v2\/types\/product"}],"replies":[{"embeddable":true,"href":"https:\/\/www.moskito.cz\/pl\/wp-json\/wp\/v2\/comments?post=322163"}],"wp:featuredmedia":[{"embeddable":true,"href":"https:\/\/www.moskito.cz\/pl\/wp-json\/wp\/v2\/media\/256958"}],"wp:attachment":[{"href":"https:\/\/www.moskito.cz\/pl\/wp-json\/wp\/v2\/media?parent=322163"}],"wp:term":[{"taxonomy":"pwb-brand","embeddable":true,"href":"https:\/\/www.moskito.cz\/pl\/wp-json\/wp\/v2\/pwb-brand?post=322163"},{"taxonomy":"product_brand","embeddable":true,"href":"https:\/\/www.moskito.cz\/pl\/wp-json\/wp\/v2\/product_brand?post=322163"},{"taxonomy":"product_cat","embeddable":true,"href":"https:\/\/www.moskito.cz\/pl\/wp-json\/wp\/v2\/product_cat?post=322163"},{"taxonomy":"product_tag","embeddable":true,"href":"https:\/\/www.moskito.cz\/pl\/wp-json\/wp\/v2\/product_tag?post=322163"}],"curies":[{"name":"wp","href":"https:\/\/api.w.org\/{rel}","templated":true}]}}