{"id":322189,"date":"2023-04-05T20:47:56","date_gmt":"2024-03-20T10:33:36","guid":{"rendered":"https:\/\/www.moskito.cz\/produkt\/noz-skladany-andre-de-villiers-scavenger-z-tytanowa-raczka\/"},"modified":"2025-05-07T11:06:55","modified_gmt":"2025-05-07T10:06:55","slug":"noz-skladany-andre-de-villiers-scavenger-z-tytanowa-raczka","status":"publish","type":"product","link":"https:\/\/www.moskito.cz\/pl\/produkt\/noz-skladany-andre-de-villiers-scavenger-z-tytanowa-raczka\/","title":{"rendered":"N\u00f3\u017c sk\u0142adany Andre De Villiers Scavenger z tytanow\u0105 r\u0105czk\u0105"},"content":{"rendered":"<p>N\u00f3\u017c sk\u0142adany <strong>Andre De Villiers Scavenger<\/strong> z tytanow\u0105 r\u0105czk\u0105<\/p>\n<p>Je\u015bli chodzi o no\u017ce sk\u0142adane, nie ma wiele do por\u00f3wnania z integraln\u0105 p\u0142etw\u0105 Scavenger Andre De Villiersa i Rike&#8217;a Knivesa. Naprawd\u0119 r\u00f3\u017cni si\u0119 od wszystkiego, co nosili\u015bmy, z kilku powod\u00f3w, z kt\u00f3rych ka\u017cdy ma zwi\u0105zek z jego onie\u015bmielaj\u0105cym wygl\u0105dem. Nigdy nie widzieli\u015bmy tak misternie opracowanego projektu z tak perfekcyjnie wykonanym unikalnym motywem. Grzbiet no\u017ca zosta\u0142 zaprojektowany tak, aby na\u015bladowa\u0107 struktur\u0119 szkieletow\u0105 u\u0142o\u017conych w stos kr\u0119g\u00f3w, co przek\u0142ada si\u0119 nawet na unikalny kostny klips do kieszeni. N\u00f3\u017c ten niesamowicie le\u017cy w d\u0142oni, ma wyj\u0105tkowo solidn\u0105 jako\u015b\u0107 wykonania i otwiera si\u0119 pewnie; Scavenger przyby\u0142, aby z\u0142o\u017cy\u0107 o\u015bwiadczenie!<\/p>\n<p>Generalnie, gdy widzisz takie no\u017ce, po\u015bwi\u0119caj\u0105 one jako\u015b\u0107 na rzecz estetyki, ale w przypadku Scavengera nie jest to w 100% prawd\u0105. Ten n\u00f3\u017c to prawdziwy n\u00f3\u017c ADV, kt\u00f3ry zosta\u0142 zbudowany tak, aby wytrzyma\u0107 uderzenia i dobrze przy tym wygl\u0105da\u0107. Kiedy Andre szuka\u0142 producenta tego projektu, mia\u0142 kilka r\u00f3\u017cnych opcji i zdecydowa\u0142 si\u0119 na Rike Knives, poniewa\u017c byli w stanie zapewni\u0107 dok\u0142adnie tak\u0105 jako\u015b\u0107, jakiej szuka\u0142. Andre nie chcia\u0142 tutaj standardowego komponentu produkcyjnego, chcia\u0142 no\u017ca, kt\u00f3ry pod wzgl\u0119dem jako\u015bci dor\u00f3wnywa\u0142by jego zaawansowanej technologii i musia\u0142 by\u0107 integralny. Nad tym projektem pracowali\u015bmy bardzo, bardzo d\u0142ugo i uwa\u017camy, \u017ce Rike tym razem go wywali\u0142 z parkietu. Jest to unikalny projekt, doskonale zaprojektowany jako wszechstronny n\u00f3\u017c EDC lub n\u00f3\u017c taktyczny, na kt\u00f3rym mo\u017cesz w 100% polega\u0107.<\/p>\n<p>Dane techniczne:<br \/>\nMateria\u0142 ostrza: M390<\/p>\n<p>Obr\u00f3bka powierzchni ostrza: Satyna<\/p>\n<p>Mechanizm blokuj\u0105cy: Blokada ramy<\/p>\n<p>Mechanizm otwierania: Fin<\/p>\n<p>Projektant: Andr\u00e9 de Villiers<\/p>\n<p>Waga:: 178 g<\/p>\n<p>D\u0142ugo\u015b\u0107 ca\u0142kowita:: 25 cm<\/p>\n<p>D\u0142ugo\u015b\u0107 ostrza:: 11 cm<\/p>\n<p>D\u0142ugo\u015b\u0107 po z\u0142o\u017ceniu:: 14 cm<\/p>\n<p>Grubo\u015b\u0107 ostrza:: 0,45 cm<\/p>\n<p>Kraj pochodzenia:: Republika Po\u0142udniowej Afryki<\/p>\n<p>&nbsp;<\/p>\n","protected":false},"excerpt":{"rendered":"<p><strong>N\u00f3\u017c AdV Savage posiada p\u0142ynne otwarcie z tytanow\u0105 blokad\u0105 ramki.<\/strong><\/p>\n","protected":false},"featured_media":322205,"comment_status":"open","ping_status":"closed","template":"","meta":[],"pwb-brand":[3824],"product_brand":[],"product_cat":[3296,3307],"product_tag":[3671],"class_list":{"0":"post-322189","1":"product","2":"type-product","3":"status-publish","4":"has-post-thumbnail","6":"pwb-brand-andre-de-villiersa","7":"product_cat-noze-pl","8":"product_cat-zamykanie-nozy","9":"product_tag-b2b-pl","11":"first","12":"instock","13":"taxable","14":"shipping-taxable","15":"purchasable","16":"product-type-simple"},"brands":[{"id":3824,"name":"Andre De Villiersa","slug":"andre-de-villiersa"}],"_links":{"self":[{"href":"https:\/\/www.moskito.cz\/pl\/wp-json\/wp\/v2\/product\/322189","targetHints":{"allow":["GET"]}}],"collection":[{"href":"https:\/\/www.moskito.cz\/pl\/wp-json\/wp\/v2\/product"}],"about":[{"href":"https:\/\/www.moskito.cz\/pl\/wp-json\/wp\/v2\/types\/product"}],"replies":[{"embeddable":true,"href":"https:\/\/www.moskito.cz\/pl\/wp-json\/wp\/v2\/comments?post=322189"}],"wp:featuredmedia":[{"embeddable":true,"href":"https:\/\/www.moskito.cz\/pl\/wp-json\/wp\/v2\/media\/322205"}],"wp:attachment":[{"href":"https:\/\/www.moskito.cz\/pl\/wp-json\/wp\/v2\/media?parent=322189"}],"wp:term":[{"taxonomy":"pwb-brand","embeddable":true,"href":"https:\/\/www.moskito.cz\/pl\/wp-json\/wp\/v2\/pwb-brand?post=322189"},{"taxonomy":"product_brand","embeddable":true,"href":"https:\/\/www.moskito.cz\/pl\/wp-json\/wp\/v2\/product_brand?post=322189"},{"taxonomy":"product_cat","embeddable":true,"href":"https:\/\/www.moskito.cz\/pl\/wp-json\/wp\/v2\/product_cat?post=322189"},{"taxonomy":"product_tag","embeddable":true,"href":"https:\/\/www.moskito.cz\/pl\/wp-json\/wp\/v2\/product_tag?post=322189"}],"curies":[{"name":"wp","href":"https:\/\/api.w.org\/{rel}","templated":true}]}}