{"id":322345,"date":"2023-01-07T21:51:59","date_gmt":"2024-03-20T10:33:58","guid":{"rendered":"https:\/\/www.moskito.cz\/produkt\/noz-skladany-andre-de-villiers-harpoon-f17-camo-frag\/"},"modified":"2025-05-07T11:07:03","modified_gmt":"2025-05-07T10:07:03","slug":"noz-skladany-andre-de-villiers-harpoon-f17-camo-frag","status":"publish","type":"product","link":"https:\/\/www.moskito.cz\/pl\/produkt\/noz-skladany-andre-de-villiers-harpoon-f17-camo-frag\/","title":{"rendered":"N\u00f3\u017c sk\u0142adany Andre De Villiers HARPOON F17 CAMO FRAG"},"content":{"rendered":"<p>N\u00f3\u017c sk\u0142adany <strong>Andre De Villiers<\/strong> HARPOON F17 CAMO FRAG<\/p>\n<p>Harpoon F17 to n\u00f3\u017c taktyczny Andre De Villiersa, kt\u00f3ry mo\u017ce by\u0107 jego najbardziej wyrafinowanym projektem w dotychczasowej historii. Posiada elementy wcze\u015bniejszej konstrukcji Butchera, ale dodanie rowka na drugi palec i rampy pod kciuk w ostrzu zapewnia doskona\u0142\u0105 ergonomi\u0119, podobnie jak jego odpowiednik w Hummerze. Jest p\u0142ynna, szybka, ostra i mocna &#8211; naprawd\u0119 wszystko, czego mo\u017cna chcie\u0107 od ostrza taktycznego i z \u0142atwo\u015bci\u0105 radzi sobie z zadaniami EDC, my\u015bliwskimi lub survivalowymi. Harpun F17 ma ostrze w\u0142\u00f3czni harpunowej wykonane ze stali nierdzewnej N690 z czarnym wyko\u0144czeniem typu stonewashed. R\u0119koje\u015b\u0107 wykonana jest z tytanu typu stone-washed z doskonale wykonanym naci\u0105giem na rampie pod kciuk i backspacerze.<\/p>\n<p>Tytanowy zamek ma zintegrowany mechanizm wk\u0142adki\/blokady, kt\u00f3ry zapewnia mocne zamkni\u0119cie, a jednocze\u015bnie jest bardzo \u0142atwy do roz\u0142\u0105czenia. Akcja, oparta na \u0142o\u017cysku kulkowym, jest co najmniej bardzo p\u0142ynna. Zmiany przeprojektowanych p\u0142etw i rampy pod kciuk s\u0105 ostre i funkcjonalne, w tym niesamowitym projekcie nic nie zosta\u0142o przeoczone. Prawdziwy dwustronny, frezowany tytanowy klips kieszeniowy Harpoon zosta\u0142 przeprojektowany, aby umo\u017cliwi\u0107 lepsze trzymanie w grubych kieszeniach spodni i ma konstrukcj\u0119 z tocz\u0105c\u0105 si\u0119 kulk\u0105. Mo\u017ce nie jest to typowo wygl\u0105daj\u0105cy n\u00f3\u017c, ale we\u017a go do r\u0119ki, a na pewno przypadnie Ci do gustu jego projekt ze wszystkimi wspania\u0142ymi funkcjami, jakie posiada oraz fakt, \u017ce akcja dor\u00f3wnuje najlepszym flipperom w bran\u017cy.<\/p>\n<p>Dane techniczne<br \/>\nD\u0142ugo\u015b\u0107 ostrza: 10 cm<br \/>\nD\u0142ugo\u015b\u0107 ca\u0142kowita: 22 cm<br \/>\nMateria\u0142 ostrza: stal nierdzewna N690<br \/>\nStyl ostrza: harpun<br \/>\nSzlif ostrza: p\u0142aski<br \/>\nWyko\u0144czenie ostrza: Black Stonewash<br \/>\nMateria\u0142 r\u0119koje\u015bci: Camo, frezowany tytan<br \/>\nMechanizm blokuj\u0105cy: Rama<br \/>\nZesp\u00f3\u0142 sworznia: \u0142o\u017cyska<br \/>\nKieszonkowy klips: tytanowy (sk\u0142adany\/opuszczany, prawy)<br \/>\nWaga: 7,4 uncji<br \/>\nProjektant: Andre De Villiers<br \/>\nTytanowa podk\u0142adka dystansowa<br \/>\nWyprodukowano w Republice Po\u0142udniowej Afryki<\/p>\n","protected":false},"excerpt":{"rendered":"<p><strong>Andre de Villiers<\/strong> , za\u0142o\u017cyciel ADV Taktyczny z Republiki Po\u0142udniowej Afryki, jest pe\u0142noetatowym producentem no\u017cy od 1990 roku.<\/p>\n<p><strong>Ten n\u00f3\u017c to harpun, zdob\u0105d\u017a go!<\/strong><\/p>\n","protected":false},"featured_media":322360,"comment_status":"open","ping_status":"closed","template":"","meta":[],"pwb-brand":[3824],"product_brand":[],"product_cat":[3296,3307],"product_tag":[3671],"class_list":{"0":"post-322345","1":"product","2":"type-product","3":"status-publish","4":"has-post-thumbnail","6":"pwb-brand-andre-de-villiersa","7":"product_cat-noze-pl","8":"product_cat-zamykanie-nozy","9":"product_tag-b2b-pl","11":"first","12":"instock","13":"taxable","14":"shipping-taxable","15":"purchasable","16":"product-type-simple"},"brands":[{"id":3824,"name":"Andre De Villiersa","slug":"andre-de-villiersa"}],"_links":{"self":[{"href":"https:\/\/www.moskito.cz\/pl\/wp-json\/wp\/v2\/product\/322345","targetHints":{"allow":["GET"]}}],"collection":[{"href":"https:\/\/www.moskito.cz\/pl\/wp-json\/wp\/v2\/product"}],"about":[{"href":"https:\/\/www.moskito.cz\/pl\/wp-json\/wp\/v2\/types\/product"}],"replies":[{"embeddable":true,"href":"https:\/\/www.moskito.cz\/pl\/wp-json\/wp\/v2\/comments?post=322345"}],"wp:featuredmedia":[{"embeddable":true,"href":"https:\/\/www.moskito.cz\/pl\/wp-json\/wp\/v2\/media\/322360"}],"wp:attachment":[{"href":"https:\/\/www.moskito.cz\/pl\/wp-json\/wp\/v2\/media?parent=322345"}],"wp:term":[{"taxonomy":"pwb-brand","embeddable":true,"href":"https:\/\/www.moskito.cz\/pl\/wp-json\/wp\/v2\/pwb-brand?post=322345"},{"taxonomy":"product_brand","embeddable":true,"href":"https:\/\/www.moskito.cz\/pl\/wp-json\/wp\/v2\/product_brand?post=322345"},{"taxonomy":"product_cat","embeddable":true,"href":"https:\/\/www.moskito.cz\/pl\/wp-json\/wp\/v2\/product_cat?post=322345"},{"taxonomy":"product_tag","embeddable":true,"href":"https:\/\/www.moskito.cz\/pl\/wp-json\/wp\/v2\/product_tag?post=322345"}],"curies":[{"name":"wp","href":"https:\/\/api.w.org\/{rel}","templated":true}]}}