{"id":322384,"date":"2023-07-15T10:14:11","date_gmt":"2024-03-20T10:34:00","guid":{"rendered":"https:\/\/www.moskito.cz\/produkt\/noz-strzelecki-andre-de-villiers-otf-2\/"},"modified":"2025-05-07T11:07:05","modified_gmt":"2025-05-07T10:07:05","slug":"noz-strzelecki-andre-de-villiers-otf-2","status":"publish","type":"product","link":"https:\/\/www.moskito.cz\/pl\/produkt\/noz-strzelecki-andre-de-villiers-otf-2\/","title":{"rendered":"N\u00f3\u017c strzelecki Andre De Villiers OTF"},"content":{"rendered":"<p>N\u00f3\u017c strzelecki Andre De Villiers OTF<\/p>\n<p>Andre\/ADV Taktyczne produkuje najlepsze niestandardowe no\u017ce na \u015bwiecie. Jego no\u017ce s\u0105 twarde jak gwo\u017adzie i ca\u0142kowicie wykonane na zam\u00f3wienie, r\u0119cznie.<\/p>\n<p>Pi\u0119kny, r\u0119cznie wykonany przedni automat o podw\u00f3jnym dzia\u0142aniu, dostosowany do codziennego noszenia.<\/p>\n<p>N\u00f3\u017c posiada ulepszon\u0105 formowan\u0105 r\u0119koje\u015b\u0107 z teksturowanym suwakiem zapewniaj\u0105cym bardziej pozytywny strza\u0142. Spr\u0119\u017cyna no\u017ca pozostaje ca\u0142y czas w pozycji \u201espoczynkowej\u201d, z wyj\u0105tkiem strzelania. Dzi\u0119ki temu \u015bci\u015bni\u0119ta spr\u0119\u017cyna nie ulega zm\u0119czeniu, co daje pewno\u015b\u0107 u\u017cytkownikom, \u017ce n\u00f3\u017c po oddaniu strza\u0142u b\u0119dzie dzia\u0142a\u0142 skutecznie. Kolor r\u0119koje\u015bci jest z\u0142oty.<\/p>\n<p>Ostrze wykonane ze stali D2, styl sztyletu w kolorze czarnym.<\/p>\n<p>N\u00f3\u017c posiada stalowy klips u\u0142atwiaj\u0105cy przenoszenie, zako\u0144czony rolk\u0105, dzi\u0119ki czemu klips nie rozdziera kieszeni.<\/p>\n<p>Naprawd\u0119 niesamowity kunszt, wysokiej jako\u015bci n\u00f3\u017c o doskona\u0142ej konstrukcji i precyzji wykonania. Bardzo dobry n\u00f3\u017c OTF w przyst\u0119pnej cenie.<\/p>\n<p>Dane techniczne:<\/p>\n<p>D\u0142ugo\u015b\u0107 ostrza: 9 cm<br \/>\nD\u0142ugo\u015b\u0107 r\u0105czki: 12,5 cm<br \/>\nD\u0142ugo\u015b\u0107 ca\u0142kowita: 21,5 cm<br \/>\nMateria\u0142 ostrza: Stal narz\u0119dziowa D2<br \/>\nSzlif ostrza: p\u0142aski<br \/>\nWyko\u0144czenie ostrza: czarne<br \/>\nMateria\u0142 r\u0119koje\u015bci: aluminium anodyzowane 6061-T6<\/p>\n<p>Projektant: Andre De Villiers<\/p>\n<p>&nbsp;<\/p>\n","protected":false},"excerpt":{"rendered":"<p><strong>Andre\/ADV Taktyczne produkuje najlepsze niestandardowe no\u017ce na \u015bwiecie. Jego no\u017ce s\u0105 twarde jak gwo\u017adzie i ca\u0142kowicie wykonane na zam\u00f3wienie, r\u0119cznie. <\/strong><\/p>\n","protected":false},"featured_media":322395,"comment_status":"open","ping_status":"closed","template":"","meta":[],"pwb-brand":[3824],"product_brand":[],"product_cat":[3296,3344],"product_tag":[3671],"class_list":{"0":"post-322384","1":"product","2":"type-product","3":"status-publish","4":"has-post-thumbnail","6":"pwb-brand-andre-de-villiersa","7":"product_cat-noze-pl","8":"product_cat-noze-strzeleckie","9":"product_tag-b2b-pl","11":"first","12":"outofstock","13":"taxable","14":"shipping-taxable","15":"purchasable","16":"product-type-simple"},"brands":[{"id":3824,"name":"Andre De Villiersa","slug":"andre-de-villiersa"}],"_links":{"self":[{"href":"https:\/\/www.moskito.cz\/pl\/wp-json\/wp\/v2\/product\/322384","targetHints":{"allow":["GET"]}}],"collection":[{"href":"https:\/\/www.moskito.cz\/pl\/wp-json\/wp\/v2\/product"}],"about":[{"href":"https:\/\/www.moskito.cz\/pl\/wp-json\/wp\/v2\/types\/product"}],"replies":[{"embeddable":true,"href":"https:\/\/www.moskito.cz\/pl\/wp-json\/wp\/v2\/comments?post=322384"}],"wp:featuredmedia":[{"embeddable":true,"href":"https:\/\/www.moskito.cz\/pl\/wp-json\/wp\/v2\/media\/322395"}],"wp:attachment":[{"href":"https:\/\/www.moskito.cz\/pl\/wp-json\/wp\/v2\/media?parent=322384"}],"wp:term":[{"taxonomy":"pwb-brand","embeddable":true,"href":"https:\/\/www.moskito.cz\/pl\/wp-json\/wp\/v2\/pwb-brand?post=322384"},{"taxonomy":"product_brand","embeddable":true,"href":"https:\/\/www.moskito.cz\/pl\/wp-json\/wp\/v2\/product_brand?post=322384"},{"taxonomy":"product_cat","embeddable":true,"href":"https:\/\/www.moskito.cz\/pl\/wp-json\/wp\/v2\/product_cat?post=322384"},{"taxonomy":"product_tag","embeddable":true,"href":"https:\/\/www.moskito.cz\/pl\/wp-json\/wp\/v2\/product_tag?post=322384"}],"curies":[{"name":"wp","href":"https:\/\/api.w.org\/{rel}","templated":true}]}}