{"id":322390,"date":"2023-06-11T21:12:01","date_gmt":"2024-03-20T10:34:01","guid":{"rendered":"https:\/\/www.moskito.cz\/produkt\/noz-skladany-spyderco-assist-rescue-orange-c79psor\/"},"modified":"2024-03-20T11:34:01","modified_gmt":"2024-03-20T10:34:01","slug":"noz-skladany-spyderco-assist-rescue-orange-c79psor","status":"publish","type":"product","link":"https:\/\/www.moskito.cz\/pl\/produkt\/noz-skladany-spyderco-assist-rescue-orange-c79psor\/","title":{"rendered":"N\u00f3\u017c sk\u0142adany Spyderco Assist Rescue Orange C79PSOR"},"content":{"rendered":"<p>N\u00f3\u017c sk\u0142adany <strong>Spyderco<\/strong> Assist Rescue Orange C79PSOR<\/p>\n<p><strong>Spyderco<\/strong> nazwa\u0142o ten n\u00f3\u017c na cze\u015b\u0107 jego g\u0142\u00f3wnej funkcji roboczej, Assist. Assist zosta\u0142 zaprojektowany dla profesjonalist\u00f3w z bran\u017cy ratowniczej\/po\u017carowej\/ratowniczej (oraz dobrze wyposa\u017conych cywil\u00f3w), kt\u00f3rzy polegaj\u0105 na tym, \u017ce ich no\u017ce radz\u0105 sobie bezb\u0142\u0119dnie pod presj\u0105. Pomimo dwudziestopi\u0119cioletniego do\u015bwiadczenia w produkcji no\u017cy ratowniczych, Spyderco w dalszym ci\u0105gu oferuje nowe, zaawansowane technologicznie funkcje, a model Assist reprezentuje najnowsze i najlepsze w tym gatunku no\u017cy.<\/p>\n<p>Opatentowane, t\u0119pe ostrze VG-10 jest w 80% z\u0105bkowane SpyderEdged, co umo\u017cliwia agresywne ci\u0119cie pas\u00f3w bezpiecze\u0144stwa i materia\u0142\u00f3w w\u0142\u00f3knistych. Ostatni cal ko\u0144c\u00f3wki pozostawili\u015bmy w PlainEdge do wycinania szczeg\u00f3\u0142\u00f3w (pomy\u015bl o temperowaniu o\u0142\u00f3wkiem). Umieszczony nad okr\u0105g\u0142ym otworem kaptur Cobra umieszcza kciuk bezpo\u015brednio nad otworem, co umo\u017cliwia szybkie wysuni\u0119cie ostrza, a nast\u0119pnie s\u0142u\u017cy jako platforma d\u017awigniowa dla kciuka. Falisty wz\u00f3r wyci\u0119ty od g\u00f3ry ostrza (stworzony przez stra\u017caka ze Szwecji) i wzd\u0142u\u017c wewn\u0119trznej strony r\u0119koje\u015bci pozwala na umieszczenie kawa\u0142ka liny (mi\u0119dzy cz\u0119\u015bciowo otwartym ostrzem a r\u0119koje\u015bci\u0105) i zamkni\u0119cie no\u017cyczek &#8211; szczeg\u00f3lnie wygodne do ci\u0119cia liny wok\u00f3\u0142 mi\u0119sa i wok\u00f3\u0142 niego bez konieczno\u015bci ca\u0142kowitego otwierania\/ods\u0142aniania no\u017cy z ostrzami. FRN Safety Orange Grip to wyrze\u017abiony cud dwukierunkowych teksturowanych kontur\u00f3w i wybrzusze\u0144, kt\u00f3re ergonomicznie owijaj\u0105 si\u0119 wok\u00f3\u0142 d\u0142oni. W pozycji zamkni\u0119tej nale\u017cy wsun\u0105\u0107 ostrze g\u0142\u0119biej w r\u0119koje\u015b\u0107, a z podstawy wystaje wysuwany grot z w\u0119glika rozbijaj\u0105cego szk\u0142o. W kontrastowej czerni, z ty\u0142u r\u0119koje\u015bci znajduje si\u0119 przenikliwy i przyci\u0105gaj\u0105cy uwag\u0119 gwizdek survivalowy. Przenoszenie w lewo\/prawo, sk\u0142adanie klamry z drutem napinaj\u0105cym.<\/p>\n<p>Dane techniczne<br \/>\nD\u0142ugo\u015b\u0107 ostrza: 9,4 cm<br \/>\nKraw\u0119d\u017a tn\u0105ca: 8,1 cm<br \/>\nGrubo\u015b\u0107 ostrza: 0,3 cm<br \/>\nD\u0142ugo\u015b\u0107 ca\u0142kowita: 21,3 cm<br \/>\nD\u0142ugo\u015b\u0107 po zamkni\u0119ciu: 12,4 cm<br \/>\nStal ostrza: VG-10<br \/>\nWaga: 4 uncje (115g)<br \/>\nMateria\u0142 r\u0119koje\u015bci: pomara\u0144czowy FRN<br \/>\nWyprodukowano w Seki-City w Japonii<\/p>\n","protected":false},"excerpt":{"rendered":"<p><strong>Spyderco nazwa\u0142 ten n\u00f3\u017c na cze\u015b\u0107 jego g\u0142\u00f3wnej funkcji roboczej, Assist.<\/strong><\/p>\n","protected":false},"featured_media":322398,"comment_status":"open","ping_status":"closed","template":"","meta":[],"pwb-brand":[3432],"product_brand":[],"product_cat":[3307,3296],"product_tag":[3671],"class_list":{"0":"post-322390","1":"product","2":"type-product","3":"status-publish","4":"has-post-thumbnail","6":"pwb-brand-spyderco-pl","7":"product_cat-zamykanie-nozy","8":"product_cat-noze-pl","9":"product_tag-b2b-pl","11":"first","12":"outofstock","13":"taxable","14":"shipping-taxable","15":"purchasable","16":"product-type-simple"},"brands":[{"id":3432,"name":"Spyderco","slug":"spyderco-pl"}],"_links":{"self":[{"href":"https:\/\/www.moskito.cz\/pl\/wp-json\/wp\/v2\/product\/322390","targetHints":{"allow":["GET"]}}],"collection":[{"href":"https:\/\/www.moskito.cz\/pl\/wp-json\/wp\/v2\/product"}],"about":[{"href":"https:\/\/www.moskito.cz\/pl\/wp-json\/wp\/v2\/types\/product"}],"replies":[{"embeddable":true,"href":"https:\/\/www.moskito.cz\/pl\/wp-json\/wp\/v2\/comments?post=322390"}],"wp:featuredmedia":[{"embeddable":true,"href":"https:\/\/www.moskito.cz\/pl\/wp-json\/wp\/v2\/media\/322398"}],"wp:attachment":[{"href":"https:\/\/www.moskito.cz\/pl\/wp-json\/wp\/v2\/media?parent=322390"}],"wp:term":[{"taxonomy":"pwb-brand","embeddable":true,"href":"https:\/\/www.moskito.cz\/pl\/wp-json\/wp\/v2\/pwb-brand?post=322390"},{"taxonomy":"product_brand","embeddable":true,"href":"https:\/\/www.moskito.cz\/pl\/wp-json\/wp\/v2\/product_brand?post=322390"},{"taxonomy":"product_cat","embeddable":true,"href":"https:\/\/www.moskito.cz\/pl\/wp-json\/wp\/v2\/product_cat?post=322390"},{"taxonomy":"product_tag","embeddable":true,"href":"https:\/\/www.moskito.cz\/pl\/wp-json\/wp\/v2\/product_tag?post=322390"}],"curies":[{"name":"wp","href":"https:\/\/api.w.org\/{rel}","templated":true}]}}