{"id":322407,"date":"2023-01-09T22:00:05","date_gmt":"2024-03-20T10:34:02","guid":{"rendered":"https:\/\/www.moskito.cz\/produkt\/naprawiono-noz-andre-de-villiers-knives-kudu-hunter-aus-10-kydex\/"},"modified":"2025-05-07T11:07:06","modified_gmt":"2025-05-07T10:07:06","slug":"naprawiono-noz-andre-de-villiers-knives-kudu-hunter-aus-10-kydex","status":"publish","type":"product","link":"https:\/\/www.moskito.cz\/pl\/produkt\/naprawiono-noz-andre-de-villiers-knives-kudu-hunter-aus-10-kydex\/","title":{"rendered":"Naprawiono n\u00f3\u017c Andre De Villiers Knives Kudu Hunter AUS-10 Kydex"},"content":{"rendered":"<p>Naprawiono n\u00f3\u017c <strong>Andre De Villiers<\/strong> Knives Kudu Hunter AUS-10 Kydex.<\/p>\n<p>Ostrze sta\u0142e Kudu Hunter to jedna z najnowszych propozycji Andre, charakteryzuj\u0105ca si\u0119 doskona\u0142\u0105 r\u00f3wnowag\u0105 pomi\u0119dzy form\u0105 i funkcj\u0105 w tym wielofunkcyjnym projekcie. Szerokie ostrze typu drop point przypomina sta\u0142e ostrze Harpoon, ale bez dedykowanej rampy calowej. Ma mn\u00f3stwo brzucha do krojenia i \u0142adny, ostry czubek do przek\u0142uwania, z charakterystycznym krwawym rowkiem ADV. R\u0119koje\u015b\u0107 jest niezwykle wygodna w wielokrotnym chwycie i wyprofilowana tak, aby nie powodowa\u0107 zm\u0119czenia podczas d\u0142ugotrwa\u0142ego u\u017cytkowania. Kabura Kydex posiada szlufk\u0119 na pasek Kydex, kt\u00f3ra umo\u017cliwia \u0142atwe przej\u015bcie pomi\u0119dzy zwyk\u0142ym noszeniem na pasku a noszeniem typu Scout, zar\u00f3wno dla os\u00f3b lewor\u0119cznych, jak i prawor\u0119cznych. To naprawd\u0119 doskona\u0142y projekt do wszystkiego od Andre i jeden z naszych ulubionych.<\/p>\n<p>Dane techniczne<br \/>\nD\u0142ugo\u015b\u0107 ostrza: 11,25<br \/>\nD\u0142ugo\u015b\u0107 ca\u0142kowita: 22,5 cm<br \/>\nMateria\u0142 ostrza: stal nierdzewna AUS-10<br \/>\nGrubo\u015b\u0107 ostrza: 0,475 cm<br \/>\nStyl ostrza: Drop Point<br \/>\nSzlif ostrza: p\u0142aski<br \/>\nObr\u00f3bka powierzchni ostrza: satyna<br \/>\nMateria\u0142 r\u0119koje\u015bci: czarny G10<br \/>\nGrubo\u015b\u0107 r\u0105czki: 1,675 cm<br \/>\nMateria\u0142 os\u0142ony: Kydex<br \/>\nWaga: 7,2 uncji<br \/>\nWaga z etui: 9,5 uncji.<br \/>\nProjektant: Andre De Villiers<br \/>\nWyprodukowano w Republice Po\u0142udniowej Afryki<\/p>\n","protected":false},"excerpt":{"rendered":"<p>Dodaj ten niesamowity n\u00f3\u017c do swojej kolekcji.<\/p>\n","protected":false},"featured_media":322413,"comment_status":"open","ping_status":"closed","template":"","meta":[],"pwb-brand":[3824],"product_brand":[],"product_cat":[3296,3297],"product_tag":[3671],"class_list":{"0":"post-322407","1":"product","2":"type-product","3":"status-publish","4":"has-post-thumbnail","6":"pwb-brand-andre-de-villiersa","7":"product_cat-noze-pl","8":"product_cat-solidne-noze","9":"product_tag-b2b-pl","11":"first","12":"instock","13":"taxable","14":"shipping-taxable","15":"purchasable","16":"product-type-simple"},"brands":[{"id":3824,"name":"Andre De Villiersa","slug":"andre-de-villiersa"}],"_links":{"self":[{"href":"https:\/\/www.moskito.cz\/pl\/wp-json\/wp\/v2\/product\/322407","targetHints":{"allow":["GET"]}}],"collection":[{"href":"https:\/\/www.moskito.cz\/pl\/wp-json\/wp\/v2\/product"}],"about":[{"href":"https:\/\/www.moskito.cz\/pl\/wp-json\/wp\/v2\/types\/product"}],"replies":[{"embeddable":true,"href":"https:\/\/www.moskito.cz\/pl\/wp-json\/wp\/v2\/comments?post=322407"}],"wp:featuredmedia":[{"embeddable":true,"href":"https:\/\/www.moskito.cz\/pl\/wp-json\/wp\/v2\/media\/322413"}],"wp:attachment":[{"href":"https:\/\/www.moskito.cz\/pl\/wp-json\/wp\/v2\/media?parent=322407"}],"wp:term":[{"taxonomy":"pwb-brand","embeddable":true,"href":"https:\/\/www.moskito.cz\/pl\/wp-json\/wp\/v2\/pwb-brand?post=322407"},{"taxonomy":"product_brand","embeddable":true,"href":"https:\/\/www.moskito.cz\/pl\/wp-json\/wp\/v2\/product_brand?post=322407"},{"taxonomy":"product_cat","embeddable":true,"href":"https:\/\/www.moskito.cz\/pl\/wp-json\/wp\/v2\/product_cat?post=322407"},{"taxonomy":"product_tag","embeddable":true,"href":"https:\/\/www.moskito.cz\/pl\/wp-json\/wp\/v2\/product_tag?post=322407"}],"curies":[{"name":"wp","href":"https:\/\/api.w.org\/{rel}","templated":true}]}}