{"id":322450,"date":"2022-12-08T21:21:24","date_gmt":"2024-03-20T10:44:29","guid":{"rendered":"https:\/\/www.moskito.cz\/produkt\/noz-andre-de-villiers-savage-czesciowo-acid-rain\/"},"modified":"2025-05-07T11:07:08","modified_gmt":"2025-05-07T10:07:08","slug":"noz-andre-de-villiers-savage-czesciowo-acid-rain","status":"publish","type":"product","link":"https:\/\/www.moskito.cz\/pl\/produkt\/noz-andre-de-villiers-savage-czesciowo-acid-rain\/","title":{"rendered":"N\u00f3\u017c Andre De Villiers Savage, cz\u0119\u015bciowo Acid Rain"},"content":{"rendered":"<p>N\u00f3\u017c <strong>Andre De Villiers<\/strong> Savage, cz\u0119\u015bciowo Acid Rain.<\/p>\n<p>N\u00f3\u017c AdV Savage posiada p\u0142ynne otwarcie z tytanow\u0105 blokad\u0105 ramki. Posiada lam\u00f3wk\u0119 z ty\u0142u, gdzie spoczywa kciuk, co zapewnia wi\u0119ksz\u0105 kontrol\u0119 podczas u\u017cytkowania. Solidna r\u0119koje\u015b\u0107 tego no\u017ca ma atrakcyjne, g\u0142adkie, srebrne wyko\u0144czenie. Idealnie nadaje si\u0119 do u\u017cytku na \u015bwie\u017cym powietrzu, na przyk\u0142ad podczas pieszych w\u0119dr\u00f3wek, biwakowania i w\u0119dkowania, ale jest tak\u017ce doskona\u0142ym narz\u0119dziem do przechowywania w schowku, stoliku nocnym, skrzynce narz\u0119dziowej lub szufladzie na \u015bmieci kuchenne, dzi\u0119ki czemu jest zawsze pod r\u0119k\u0105 podczas codziennego ci\u0119cia.<\/p>\n<p>Dane techniczne<br \/>\nD\u0142ugo\u015b\u0107 ca\u0142kowita: 23 cm<br \/>\nD\u0142ugo\u015b\u0107 ostrza: 10 cm<br \/>\nGrubo\u015b\u0107 ostrza: 0,5 cm<br \/>\nMateria\u0142 ostrza:: CPM S35VN<br \/>\nMateria\u0142 r\u0119koje\u015bci:: Tytan<br \/>\nWaga: 8,62 uncji<br \/>\nU\u017cytkownik: Prawa r\u0119ka, lewa r\u0119ka<br \/>\nKieszonkowy klips: odwracalny w 3 kierunkach<br \/>\nTyp no\u017ca: r\u0119czny<br \/>\nOtwieracz: Flipper, Nail Nick<br \/>\nTyp blokady: Blokada ramy<br \/>\nMarka: Andr\u00e9 de Villiers<br \/>\nNajlepsze zastosowania: do noszenia na co dzie\u0144, taktyczne<\/p>\n","protected":false},"excerpt":{"rendered":"<p>N\u00f3\u017c AdV Savage posiada p\u0142ynne otwarcie z tytanow\u0105 blokad\u0105 ramki.<\/p>\n","protected":false},"featured_media":322451,"comment_status":"open","ping_status":"closed","template":"","meta":[],"pwb-brand":[3824],"product_brand":[],"product_cat":[3296,3307],"product_tag":[3671],"class_list":{"0":"post-322450","1":"product","2":"type-product","3":"status-publish","4":"has-post-thumbnail","6":"pwb-brand-andre-de-villiersa","7":"product_cat-noze-pl","8":"product_cat-zamykanie-nozy","9":"product_tag-b2b-pl","11":"first","12":"instock","13":"taxable","14":"shipping-taxable","15":"purchasable","16":"product-type-simple"},"brands":[{"id":3824,"name":"Andre De Villiersa","slug":"andre-de-villiersa"}],"_links":{"self":[{"href":"https:\/\/www.moskito.cz\/pl\/wp-json\/wp\/v2\/product\/322450","targetHints":{"allow":["GET"]}}],"collection":[{"href":"https:\/\/www.moskito.cz\/pl\/wp-json\/wp\/v2\/product"}],"about":[{"href":"https:\/\/www.moskito.cz\/pl\/wp-json\/wp\/v2\/types\/product"}],"replies":[{"embeddable":true,"href":"https:\/\/www.moskito.cz\/pl\/wp-json\/wp\/v2\/comments?post=322450"}],"wp:featuredmedia":[{"embeddable":true,"href":"https:\/\/www.moskito.cz\/pl\/wp-json\/wp\/v2\/media\/322451"}],"wp:attachment":[{"href":"https:\/\/www.moskito.cz\/pl\/wp-json\/wp\/v2\/media?parent=322450"}],"wp:term":[{"taxonomy":"pwb-brand","embeddable":true,"href":"https:\/\/www.moskito.cz\/pl\/wp-json\/wp\/v2\/pwb-brand?post=322450"},{"taxonomy":"product_brand","embeddable":true,"href":"https:\/\/www.moskito.cz\/pl\/wp-json\/wp\/v2\/product_brand?post=322450"},{"taxonomy":"product_cat","embeddable":true,"href":"https:\/\/www.moskito.cz\/pl\/wp-json\/wp\/v2\/product_cat?post=322450"},{"taxonomy":"product_tag","embeddable":true,"href":"https:\/\/www.moskito.cz\/pl\/wp-json\/wp\/v2\/product_tag?post=322450"}],"curies":[{"name":"wp","href":"https:\/\/api.w.org\/{rel}","templated":true}]}}