{"id":322463,"date":"2022-12-08T22:22:39","date_gmt":"2024-03-20T10:49:05","guid":{"rendered":"https:\/\/www.moskito.cz\/produkt\/noze-andre-de-villiers-battle-cleaver-flame-anno-tytanowe-rekojesci\/"},"modified":"2025-05-07T11:07:09","modified_gmt":"2025-05-07T10:07:09","slug":"noze-andre-de-villiers-battle-cleaver-flame-anno-tytanowe-rekojesci","status":"publish","type":"product","link":"https:\/\/www.moskito.cz\/pl\/produkt\/noze-andre-de-villiers-battle-cleaver-flame-anno-tytanowe-rekojesci\/","title":{"rendered":"No\u017ce Andre De Villiers BATTLE CLEAVER-FLAME ANNO Tytanowe r\u0119koje\u015bci"},"content":{"rendered":"<p>No\u017ce <strong>Andre De Villiers<\/strong> BATTLE CLEAVER-FLAME ANNO Tytanowe r\u0119koje\u015bci.<\/p>\n<p>Battle Cleaver to kolejna ewolucja zaawansowanego technologicznie projektu Butchera Andre De Villiersa, kt\u00f3ry przeszed\u0142 wiele zmian w trakcie swojego istnienia. Na pocz\u0105tku by\u0142 to po prostu egzemplarz niestandardowy, potem sta\u0142 si\u0119 modelem \u015bredniej technologii, potem Tac, potem modelem klasycznym i tak dalej. Ten Battle Cleaver jest bardzo podobny do Tac Butcher pod wzgl\u0119dem rozmiaru, dotyku i wagi\u2026 tj. wszystko opr\u00f3cz kszta\u0142tu ostrza. Ten wyposa\u017cony jest w czterocalowe zakrzywione d\u0142uto Bohler M390 z krwawym rowkiem, szlifem typu duplex i dwukolorowym wyko\u0144czeniem. R\u0119koje\u015b\u0107 wykonana jest z ch\u0142odnego dwukolorowego tytanu kwasowego z miedzianymi wstawkami po obu stronach i miedzianymi obrotowymi ko\u0142nierzami.<\/p>\n<p>Punkt obrotu jest tym, co odr\u00f3\u017cnia ten n\u00f3\u017c od wszystkich ostrzy ADV. Posiada wpuszczon\u0105 \u015brub\u0119 Torx, kt\u00f3ra pasuje do pinu, co pozwala na dokr\u0119cenie pinu podczas regulacji centrowania lub og\u00f3lnej p\u0142ynno\u015bci dzia\u0142ania. Akcja ta jest co najmniej bardzo p\u0142ynna. Zacisk na zak\u0142adce p\u0142etwy jest wyra\u017any i funkcjonalny; w tym niesamowitym projekcie nic nie zosta\u0142o pomini\u0119te. Andre wykona\u0142 du\u017ce wyci\u0119cie, aby u\u0142atwi\u0107 zamykanie no\u017ca i zastosowa\u0142 wymienn\u0105 wk\u0142adk\u0119 blokuj\u0105c\u0105, kt\u00f3ra s\u0142u\u017cy r\u00f3wnie\u017c jako zabezpieczenie przed najazdem. Frezowany tytanowy klips kieszeniowy Battle Cleaver zapewnia doskona\u0142y chwyt w grubych kieszeniach spodni i ma kulist\u0105 konstrukcj\u0119 u\u0142atwiaj\u0105c\u0105 wyci\u0105ganie. Mo\u017ce nie jest to typowy n\u00f3\u017c, ale podnie\u015b go, a zobaczysz.<\/p>\n<p>D\u0142ugo\u015b\u0107 ostrza: 10 cm<br \/>\nD\u0142ugo\u015b\u0107 ca\u0142kowita: 23 cm<br \/>\nMateria\u0142 ostrza: stal nierdzewna Bohler M390<br \/>\nGrubo\u015b\u0107 ostrza: 0,44 cm<br \/>\nStyl ostrza: tasak refleksyjny<br \/>\nSzlifowanie ostrza: Duplex<br \/>\nObr\u00f3bka powierzchni ostrza: dwukolorowa<br \/>\nMateria\u0142 r\u0119koje\u015bci: FLAME ANNO z miedzianymi wstawkami<br \/>\nGrubo\u015b\u0107 r\u0105czki: 1,35 cm<br \/>\nMechanizm blokuj\u0105cy: Blokada ramy<br \/>\nZesp\u00f3\u0142 sworznia: \u0142o\u017cyska<br \/>\nKieszonkowy klips: Tytan (sk\u0142adany, prawy noszony)<br \/>\nWaga: 9,2 uncji<br \/>\nProjektant: Andre De Villiers<br \/>\nTytanowy backspacer z miedzian\u0105 wk\u0142adk\u0105<br \/>\nWyprodukowano w Republice Po\u0142udniowej Afryki<\/p>\n","protected":false},"excerpt":{"rendered":"<p><strong>BATTLE CLEAVER-FLAME ANNO<\/strong> to kolejna ewolucja nowoczesnego projektu Andre De Villiersa Butcher.<\/p>\n","protected":false},"featured_media":322464,"comment_status":"open","ping_status":"closed","template":"","meta":[],"pwb-brand":[3824],"product_brand":[],"product_cat":[3296,3307],"product_tag":[3671],"class_list":{"0":"post-322463","1":"product","2":"type-product","3":"status-publish","4":"has-post-thumbnail","6":"pwb-brand-andre-de-villiersa","7":"product_cat-noze-pl","8":"product_cat-zamykanie-nozy","9":"product_tag-b2b-pl","11":"first","12":"instock","13":"taxable","14":"shipping-taxable","15":"purchasable","16":"product-type-simple"},"brands":[{"id":3824,"name":"Andre De Villiersa","slug":"andre-de-villiersa"}],"_links":{"self":[{"href":"https:\/\/www.moskito.cz\/pl\/wp-json\/wp\/v2\/product\/322463","targetHints":{"allow":["GET"]}}],"collection":[{"href":"https:\/\/www.moskito.cz\/pl\/wp-json\/wp\/v2\/product"}],"about":[{"href":"https:\/\/www.moskito.cz\/pl\/wp-json\/wp\/v2\/types\/product"}],"replies":[{"embeddable":true,"href":"https:\/\/www.moskito.cz\/pl\/wp-json\/wp\/v2\/comments?post=322463"}],"wp:featuredmedia":[{"embeddable":true,"href":"https:\/\/www.moskito.cz\/pl\/wp-json\/wp\/v2\/media\/322464"}],"wp:attachment":[{"href":"https:\/\/www.moskito.cz\/pl\/wp-json\/wp\/v2\/media?parent=322463"}],"wp:term":[{"taxonomy":"pwb-brand","embeddable":true,"href":"https:\/\/www.moskito.cz\/pl\/wp-json\/wp\/v2\/pwb-brand?post=322463"},{"taxonomy":"product_brand","embeddable":true,"href":"https:\/\/www.moskito.cz\/pl\/wp-json\/wp\/v2\/product_brand?post=322463"},{"taxonomy":"product_cat","embeddable":true,"href":"https:\/\/www.moskito.cz\/pl\/wp-json\/wp\/v2\/product_cat?post=322463"},{"taxonomy":"product_tag","embeddable":true,"href":"https:\/\/www.moskito.cz\/pl\/wp-json\/wp\/v2\/product_tag?post=322463"}],"curies":[{"name":"wp","href":"https:\/\/api.w.org\/{rel}","templated":true}]}}