{"id":322485,"date":"2023-01-04T21:01:16","date_gmt":"2024-03-20T10:56:58","guid":{"rendered":"https:\/\/www.moskito.cz\/produkt\/noz-skladany-andre-de-villiers-tanto-s35vn-satin-tanto-acid-rain-frag-frezowany-tytanowy-noz-skladany\/"},"modified":"2025-05-07T11:07:10","modified_gmt":"2025-05-07T10:07:10","slug":"noz-skladany-andre-de-villiers-tanto-s35vn-satin-tanto-acid-rain-frag-frezowany-tytanowy-noz-skladany","status":"publish","type":"product","link":"https:\/\/www.moskito.cz\/pl\/produkt\/noz-skladany-andre-de-villiers-tanto-s35vn-satin-tanto-acid-rain-frag-frezowany-tytanowy-noz-skladany\/","title":{"rendered":"N\u00f3\u017c sk\u0142adany Andre De Villiers Tanto S35VN Satin Tanto Acid Rain Frag Frezowany tytanowy n\u00f3\u017c sk\u0142adany"},"content":{"rendered":"<p>N\u00f3\u017c sk\u0142adany <strong>Andre De Villiers<\/strong> Tanto S35VN Satin Tanto Blade Acid Rain Frag Frezowany tytanowy n\u00f3\u017c sk\u0142adany.<\/p>\n<p>Tanto to nie tylko zmiana kszta\u0142tu ostrza w stosunku do Butchera, ale tak\u017ce inna konstrukcja r\u0119koje\u015bci z wyci\u0119ciem na drugi palec. Ten dodatek i lekkie zakrzywienie og\u00f3lnego kszta\u0142tu (oba elementy nie spotykane w oryginalnym Butcherze) sprawiaj\u0105, \u017ce n\u00f3\u017c ten jest niezwykle wygodny w trzymaniu i u\u017cytkowaniu. Ma nie tylko zastraszaj\u0105cy wygl\u0105d, ale tak\u017ce zestaw funkcji, kt\u00f3re pozwalaj\u0105 mu zab\u0142ysn\u0105\u0107 jako narz\u0119dzie taktyczne i\/lub survivalowe. Japo\u0144ski kszta\u0142t Tanto zapewnia odrobin\u0119 brzucha w pobli\u017cu ko\u0144c\u00f3wki, co u\u0142atwia krojenie, a p\u0142aska g\u0142\u00f3wna kraw\u0119d\u017a doskonale sprawdza si\u0119 podczas siekania i pa\u0142kowania. Posiada sworze\u0144 z \u0142o\u017cyskiem kulkowym, tytanowy klips kieszeniowy na prawej kulce rolkowej, wymienn\u0105 wk\u0142adk\u0119 zamka\/t\u0142umik ruchu oraz wstawiony sworze\u0144 \u015brubowy Torx, co jest charakterystyczn\u0105 cech\u0105 pracy Andre. Uwielbiamy t\u0119 ewolucj\u0119 projektu Butchera.<\/p>\n<p>Dane techniczne<br \/>\nD\u0142ugo\u015b\u0107 ostrza: 10 cm<br \/>\nD\u0142ugo\u015b\u0107 ca\u0142kowita: 22 cm<br \/>\nMateria\u0142 ostrza: CPM-S35VN Stal nierdzewna<br \/>\nGrubo\u015b\u0107 ostrza: 0,47<br \/>\nStyl ostrza: Tanto<br \/>\nSzlif ostrza: p\u0142aski<br \/>\nObr\u00f3bka powierzchni ostrza: satyna<br \/>\nMateria\u0142 r\u0119koje\u015bci: tytan frezowany kwasem deszczowym<br \/>\nGrubo\u015b\u0107 r\u0105czki: 1,275 cm<br \/>\nMechanizm blokuj\u0105cy: Blokada ramy<br \/>\nZesp\u00f3\u0142 sworznia: \u0142o\u017cyska<br \/>\nKieszonkowy klips: Tytan (sk\u0142adany, noszony w prawo\/lewo)<br \/>\nWaga: 7,4 uncji<br \/>\nProjektant: Andre De Villiers<br \/>\nTytanowa podk\u0142adka dystansowa<br \/>\nWyprodukowano w Republice Po\u0142udniowej Afryki<\/p>\n","protected":false},"excerpt":{"rendered":"<p>Jestem <strong>Andre de Villiers<\/strong> , ADV Taktyczny. Pe\u0142noetatowy producent no\u017cy od 1990 roku. Wszystkie no\u017ce s\u0105 wykonane r\u0119cznie przez firm\u0119 SOB Mid-tech. Moje projekty s\u0105 moje w\u0142asne, stworzone do pracy, super trwa\u0142e, z wyj\u0105tkow\u0105 funkcjonalno\u015bci\u0105 i przeznaczeniem. U\u017cywam najlepszych materia\u0142\u00f3w, jakie mog\u0119 uzyska\u0107, tytanu, D2, S35vn, N690 i innych.<\/p>\n","protected":false},"featured_media":322486,"comment_status":"open","ping_status":"closed","template":"","meta":[],"pwb-brand":[3824],"product_brand":[],"product_cat":[3296,3307],"product_tag":[3671],"class_list":{"0":"post-322485","1":"product","2":"type-product","3":"status-publish","4":"has-post-thumbnail","6":"pwb-brand-andre-de-villiersa","7":"product_cat-noze-pl","8":"product_cat-zamykanie-nozy","9":"product_tag-b2b-pl","11":"first","12":"instock","13":"taxable","14":"shipping-taxable","15":"purchasable","16":"product-type-simple"},"brands":[{"id":3824,"name":"Andre De Villiersa","slug":"andre-de-villiersa"}],"_links":{"self":[{"href":"https:\/\/www.moskito.cz\/pl\/wp-json\/wp\/v2\/product\/322485","targetHints":{"allow":["GET"]}}],"collection":[{"href":"https:\/\/www.moskito.cz\/pl\/wp-json\/wp\/v2\/product"}],"about":[{"href":"https:\/\/www.moskito.cz\/pl\/wp-json\/wp\/v2\/types\/product"}],"replies":[{"embeddable":true,"href":"https:\/\/www.moskito.cz\/pl\/wp-json\/wp\/v2\/comments?post=322485"}],"wp:featuredmedia":[{"embeddable":true,"href":"https:\/\/www.moskito.cz\/pl\/wp-json\/wp\/v2\/media\/322486"}],"wp:attachment":[{"href":"https:\/\/www.moskito.cz\/pl\/wp-json\/wp\/v2\/media?parent=322485"}],"wp:term":[{"taxonomy":"pwb-brand","embeddable":true,"href":"https:\/\/www.moskito.cz\/pl\/wp-json\/wp\/v2\/pwb-brand?post=322485"},{"taxonomy":"product_brand","embeddable":true,"href":"https:\/\/www.moskito.cz\/pl\/wp-json\/wp\/v2\/product_brand?post=322485"},{"taxonomy":"product_cat","embeddable":true,"href":"https:\/\/www.moskito.cz\/pl\/wp-json\/wp\/v2\/product_cat?post=322485"},{"taxonomy":"product_tag","embeddable":true,"href":"https:\/\/www.moskito.cz\/pl\/wp-json\/wp\/v2\/product_tag?post=322485"}],"curies":[{"name":"wp","href":"https:\/\/api.w.org\/{rel}","templated":true}]}}