{"id":322512,"date":"2023-01-05T22:31:16","date_gmt":"2024-03-20T11:00:42","guid":{"rendered":"https:\/\/www.moskito.cz\/produkt\/noz-zamykajacy-andre-de-villiers-bowie-copper-acid-rain-frag\/"},"modified":"2025-05-07T11:07:12","modified_gmt":"2025-05-07T10:07:12","slug":"noz-zamykajacy-andre-de-villiers-bowie-copper-acid-rain-frag","status":"publish","type":"product","link":"https:\/\/www.moskito.cz\/pl\/produkt\/noz-zamykajacy-andre-de-villiers-bowie-copper-acid-rain-frag\/","title":{"rendered":"N\u00f3\u017c zamykaj\u0105cy Andre De Villiers BOWIE COPPER ACID RAIN FRAG"},"content":{"rendered":"<p>N\u00f3\u017c zamykaj\u0105cy <strong>Andre De Villiers<\/strong> BOWIE COPPER ACID RAIN FRAG.<\/p>\n<p>Bowie jest tak gro\u017any, jak tylko mo\u017ce by\u0107 sk\u0142adany n\u00f3\u017c. Ma nie tylko zastraszaj\u0105cy wygl\u0105d, ale tak\u017ce zestaw funkcji, kt\u00f3re pozwalaj\u0105 mu zab\u0142ysn\u0105\u0107 jako narz\u0119dzie taktyczne i\/lub survivalowe. Gdy miniesz ostrze Bowiego, od kt\u00f3rego wzi\u0119\u0142a si\u0119 nazwa Badlands, otrzymasz zestaw podw\u00f3jnych statecznik\u00f3w, podobnie jak DF Pathfinder, co czyni go prawdziwym no\u017cem bojowym. Podobnie jak w przypadku Emersona Wave, p\u0142etwa znajduj\u0105ca si\u0119 na grzbiecie ostrza automatycznie otwiera n\u00f3\u017c po wyci\u0105gni\u0119ciu go z kieszeni, jednak nie zosta\u0142a do tego zaprojektowana. Fala by\u0142a pierwotnie przeznaczona do prawdziwej walki no\u017cem, chroni\u0105c grzbiet d\u0142oni, je\u015bli ostrze przeciwnika pod\u0105\u017ca za twoim kr\u0119gos\u0142upem.<\/p>\n<p>Kolejn\u0105 rzecz\u0105, kt\u00f3ra wyr\u00f3\u017cnia ten n\u00f3\u017c na tle innych konstrukcji taktycznych, jest ergonomia. To prawda, \u017ce \u200b\u200bwiele chwyt\u00f3w ADV jest podobnych, ale ten jest zdecydowanie najwygodniejszy, jaki kiedykolwiek czuli\u015bmy. Dodanie szczeliny na drugi palec i lekkiego zakrzywienia og\u00f3lnego kszta\u0142tu (oba elementy nie spotykane w oryginalnym Butcherze) sprawiaj\u0105, \u017ce n\u00f3\u017c ten jest niezwykle wygodny w trzymaniu i u\u017cytkowaniu. Posiada sworze\u0144 z \u0142o\u017cyskiem kulkowym, klips do kieszeni z kulk\u0105 rolkow\u0105, wymienn\u0105 wk\u0142adk\u0119 zamka\/amortyzator ruchu i wstawiony sworze\u0144 \u015brubowy Torx, co jest charakterystyczn\u0105 cech\u0105 pracy Andre. Paul Hogan zgodzi\u0142by si\u0119; \u201eTo jest n\u00f3\u017c!\u201d<\/p>\n<p>Dane techniczne<br \/>\nD\u0142ugo\u015b\u0107 ca\u0142kowita: 23 cm<br \/>\nD\u0142ugo\u015b\u0107 ostrza: 10 cm<br \/>\nGrubo\u015b\u0107 ostrza: 0,5 cm<br \/>\nMateria\u0142 ostrza:: CPM S35VN<br \/>\nMateria\u0142 r\u0119koje\u015bci:: Tytan<br \/>\nWaga: 8,62 uncji<br \/>\nU\u017cytkownik: Prawa r\u0119ka, lewa r\u0119ka<br \/>\nKieszonkowy klips: odwracalny w 3 kierunkach<br \/>\nTyp no\u017ca: r\u0119czny<br \/>\nOtwieracz: Flipper, Nail Nick<br \/>\nTyp blokady: Blokada ramy<br \/>\nMarka: Andr\u00e9 de Villiers<br \/>\nNajlepsze zastosowania: do noszenia na co dzie\u0144, taktyczne<\/p>\n<p>&nbsp;<\/p>\n","protected":false},"excerpt":{"rendered":"<p>N\u00f3\u017c <strong>AdV<\/strong> posiada p\u0142ynne otwarcie z tytanow\u0105 blokad\u0105 ramki.<\/p>\n","protected":false},"featured_media":322515,"comment_status":"open","ping_status":"closed","template":"","meta":[],"pwb-brand":[3824],"product_brand":[],"product_cat":[3296,3307],"product_tag":[3671],"class_list":{"0":"post-322512","1":"product","2":"type-product","3":"status-publish","4":"has-post-thumbnail","6":"pwb-brand-andre-de-villiersa","7":"product_cat-noze-pl","8":"product_cat-zamykanie-nozy","9":"product_tag-b2b-pl","11":"first","12":"instock","13":"taxable","14":"shipping-taxable","15":"purchasable","16":"product-type-simple"},"brands":[{"id":3824,"name":"Andre De Villiersa","slug":"andre-de-villiersa"}],"_links":{"self":[{"href":"https:\/\/www.moskito.cz\/pl\/wp-json\/wp\/v2\/product\/322512","targetHints":{"allow":["GET"]}}],"collection":[{"href":"https:\/\/www.moskito.cz\/pl\/wp-json\/wp\/v2\/product"}],"about":[{"href":"https:\/\/www.moskito.cz\/pl\/wp-json\/wp\/v2\/types\/product"}],"replies":[{"embeddable":true,"href":"https:\/\/www.moskito.cz\/pl\/wp-json\/wp\/v2\/comments?post=322512"}],"wp:featuredmedia":[{"embeddable":true,"href":"https:\/\/www.moskito.cz\/pl\/wp-json\/wp\/v2\/media\/322515"}],"wp:attachment":[{"href":"https:\/\/www.moskito.cz\/pl\/wp-json\/wp\/v2\/media?parent=322512"}],"wp:term":[{"taxonomy":"pwb-brand","embeddable":true,"href":"https:\/\/www.moskito.cz\/pl\/wp-json\/wp\/v2\/pwb-brand?post=322512"},{"taxonomy":"product_brand","embeddable":true,"href":"https:\/\/www.moskito.cz\/pl\/wp-json\/wp\/v2\/product_brand?post=322512"},{"taxonomy":"product_cat","embeddable":true,"href":"https:\/\/www.moskito.cz\/pl\/wp-json\/wp\/v2\/product_cat?post=322512"},{"taxonomy":"product_tag","embeddable":true,"href":"https:\/\/www.moskito.cz\/pl\/wp-json\/wp\/v2\/product_tag?post=322512"}],"curies":[{"name":"wp","href":"https:\/\/api.w.org\/{rel}","templated":true}]}}