{"id":322534,"date":"2023-01-05T21:30:15","date_gmt":"2024-03-20T11:00:49","guid":{"rendered":"https:\/\/www.moskito.cz\/produkt\/noze-andre-de-villiers-battle-cleaver-czerwone-czarne\/"},"modified":"2025-05-07T11:07:13","modified_gmt":"2025-05-07T10:07:13","slug":"noze-andre-de-villiers-battle-cleaver-czerwone-czarne","status":"publish","type":"product","link":"https:\/\/www.moskito.cz\/pl\/produkt\/noze-andre-de-villiers-battle-cleaver-czerwone-czarne\/","title":{"rendered":"No\u017ce Andre De Villiers BATTLE CLEAVER CZERWONE\/CZARNE"},"content":{"rendered":"<p><strong>No\u017ce Andre De Villiers<\/strong> BATTLE CLEAVER CZERWONE\/CZARNE.<\/p>\n<p>Battle Cleaver to kolejna ewolucja zaawansowanego technologicznie projektu Butchera Andre De Villiersa, kt\u00f3ry przeszed\u0142 wiele zmian w trakcie swojego istnienia. Najpierw by\u0142 to po prostu egzemplarz niestandardowy, potem sta\u0142 si\u0119 \u015brednio zaawansowanym technologicznie, potem by\u0142 to model Tac, zanim sta\u0142 si\u0119 tym, czym jest teraz\u2026 Classic Butcher. Ten bojowy tasak jest bardzo podobny do klasycznego rze\u017anika pod wzgl\u0119dem rozmiaru, dotyku, wagi\u2026 tj. wszystko opr\u00f3cz kszta\u0142tu ostrza. Ten wyposa\u017cony jest w tasak taktyczny CPM-S35VN o d\u0142ugo\u015bci 10 cm z rowkiem krwi, otworem do zawieszania zwykle spotykanym w tasakach i czarnym dwukolorowym wyko\u0144czeniem Cerakoted. R\u0119koje\u015b\u0107 wykonana jest z czarnego tytanu Cerakotowanego z du\u017cym kwadratowym wzorem wyfrezowanym po obu stronach, zapewniaj\u0105cym dodatkow\u0105 przyczepno\u015b\u0107 palc\u00f3w.<\/p>\n<p>Punkt obrotu jest tym, co odr\u00f3\u017cnia ten n\u00f3\u017c od wszystkich ostrzy ADV. Posiada wpuszczon\u0105 \u015brub\u0119 Torx, kt\u00f3ra pasuje do pinu, co pozwala na dokr\u0119cenie pinu podczas regulacji centrowania lub og\u00f3lnej p\u0142ynno\u015bci dzia\u0142ania. Akcja ta jest co najmniej bardzo p\u0142ynna. Zacisk na zak\u0142adce p\u0142etwy jest wyra\u017any i funkcjonalny; w tym niesamowitym projekcie nic nie zosta\u0142o pomini\u0119te. Andre wykona\u0142 du\u017ce wyci\u0119cie, aby u\u0142atwi\u0107 zamykanie no\u017ca i zastosowa\u0142 wymienn\u0105 wk\u0142adk\u0119 blokuj\u0105c\u0105, kt\u00f3ra s\u0142u\u017cy r\u00f3wnie\u017c jako zabezpieczenie przed najazdem. Frezowany tytanowy klips kieszeniowy Battle Cleaver zapewnia doskona\u0142y chwyt w grubych kieszeniach spodni i ma kulist\u0105 konstrukcj\u0119 u\u0142atwiaj\u0105c\u0105 wyci\u0105ganie. Mo\u017ce nie jest to typowy n\u00f3\u017c, ale podnie\u015b go, a b\u0119dziesz<\/p>\n<p>Dane techniczne<br \/>\nD\u0142ugo\u015b\u0107 ostrza: 10 cm<br \/>\nD\u0142ugo\u015b\u0107 ca\u0142kowita: 23 cm<br \/>\nMateria\u0142 ostrza: stal nierdzewna S35VN<br \/>\nGrubo\u015b\u0107 ostrza: 0,44 cm<br \/>\nStyl ostrza: tasak<br \/>\nSzlif ostrza: p\u0142aski<br \/>\nWyko\u0144czenie ostrza: dwukolorowy czarny Cerakote<br \/>\nMateria\u0142 r\u0119koje\u015bci: frezowany tytan<br \/>\nGrubo\u015b\u0107 r\u0105czki: 1,35 cm<br \/>\nMechanizm blokuj\u0105cy: Rama<br \/>\nZesp\u00f3\u0142 sworznia: \u0142o\u017cyska<br \/>\nKieszonkowy klips: Tytan (sk\u0142adany, prawy noszony)<br \/>\nWaga: 9,1 uncji<br \/>\nProjektant: Andre De Villiers<br \/>\nWyprodukowano w Republice Po\u0142udniowej Afryki<\/p>\n","protected":false},"excerpt":{"rendered":"<p><strong>Battle Cleaver<\/strong> to kolejna ewolucja zaawansowanego technologicznie projektu Butcher autorstwa Andre De Villiersa.<\/p>\n","protected":false},"featured_media":322538,"comment_status":"open","ping_status":"closed","template":"","meta":[],"pwb-brand":[3824],"product_brand":[],"product_cat":[3296,3307],"product_tag":[3671],"class_list":{"0":"post-322534","1":"product","2":"type-product","3":"status-publish","4":"has-post-thumbnail","6":"pwb-brand-andre-de-villiersa","7":"product_cat-noze-pl","8":"product_cat-zamykanie-nozy","9":"product_tag-b2b-pl","11":"first","12":"instock","13":"taxable","14":"shipping-taxable","15":"purchasable","16":"product-type-simple"},"brands":[{"id":3824,"name":"Andre De Villiersa","slug":"andre-de-villiersa"}],"_links":{"self":[{"href":"https:\/\/www.moskito.cz\/pl\/wp-json\/wp\/v2\/product\/322534","targetHints":{"allow":["GET"]}}],"collection":[{"href":"https:\/\/www.moskito.cz\/pl\/wp-json\/wp\/v2\/product"}],"about":[{"href":"https:\/\/www.moskito.cz\/pl\/wp-json\/wp\/v2\/types\/product"}],"replies":[{"embeddable":true,"href":"https:\/\/www.moskito.cz\/pl\/wp-json\/wp\/v2\/comments?post=322534"}],"wp:featuredmedia":[{"embeddable":true,"href":"https:\/\/www.moskito.cz\/pl\/wp-json\/wp\/v2\/media\/322538"}],"wp:attachment":[{"href":"https:\/\/www.moskito.cz\/pl\/wp-json\/wp\/v2\/media?parent=322534"}],"wp:term":[{"taxonomy":"pwb-brand","embeddable":true,"href":"https:\/\/www.moskito.cz\/pl\/wp-json\/wp\/v2\/pwb-brand?post=322534"},{"taxonomy":"product_brand","embeddable":true,"href":"https:\/\/www.moskito.cz\/pl\/wp-json\/wp\/v2\/product_brand?post=322534"},{"taxonomy":"product_cat","embeddable":true,"href":"https:\/\/www.moskito.cz\/pl\/wp-json\/wp\/v2\/product_cat?post=322534"},{"taxonomy":"product_tag","embeddable":true,"href":"https:\/\/www.moskito.cz\/pl\/wp-json\/wp\/v2\/product_tag?post=322534"}],"curies":[{"name":"wp","href":"https:\/\/api.w.org\/{rel}","templated":true}]}}