{"id":322584,"date":"2022-12-07T21:32:55","date_gmt":"2024-03-20T11:27:46","guid":{"rendered":"https:\/\/www.moskito.cz\/produkt\/noz-skladany-andre-de-villiers-trailboss-2-s35vn-satin-titanium-handles\/"},"modified":"2025-05-07T11:07:16","modified_gmt":"2025-05-07T10:07:16","slug":"noz-skladany-andre-de-villiers-trailboss-2-s35vn-satin-titanium-handles","status":"publish","type":"product","link":"https:\/\/www.moskito.cz\/pl\/produkt\/noz-skladany-andre-de-villiers-trailboss-2-s35vn-satin-titanium-handles\/","title":{"rendered":"N\u00f3\u017c sk\u0142adany Andre De Villiers Trailboss 2 S35VN Satin Titanium Handles"},"content":{"rendered":"<p>N\u00f3\u017c sk\u0142adany <strong>Andre De Villiers<\/strong> Trailboss 2 S35VN z satynow\u0105 tytanow\u0105 r\u0105czk\u0105.<\/p>\n<p>Trailboss by\u0142 pierwszym no\u017cem sk\u0142adanym Andre De Villiersa, w kt\u00f3rym w 2016 roku zastosowano wewn\u0119trzny ogranicznik krzy\u017cuj\u0105cy si\u0119 z pr\u0119tem blokuj\u0105cym wbudowany w wymienn\u0105 stalow\u0105 wk\u0142adk\u0119. Zosta\u0142 zbudowany na bazie modelu Butchera, z t\u0105 g\u0142\u00f3wn\u0105 r\u00f3\u017cnic\u0105, \u017ce posiada w pe\u0142ni p\u0142askie ostrze, kt\u00f3re zapewnia lepsze krojenie, sk\u00f3rowanie i wszechstronne w\u0142a\u015bciwo\u015bci u\u017cytkowe. Teraz pojawi\u0142 si\u0119 Trailboss 2 z niewielkim przeprojektowaniem r\u0119koje\u015bci, bardziej wydatnym ostrzem na ko\u0144cu w\u0142\u00f3czni i sposobem na otwarcie otworu na kciuk opr\u00f3cz wyst\u0119pu w p\u0142etwie. Czuje si\u0119 lepiej, wygl\u0105da lepiej i naprawd\u0119 jest jednym z najlepszych no\u017cy, jakie kiedykolwiek dostarczy\u0142 ADV. Od buszu po pole bitwy, a nawet na pla\u017c\u0119, je\u015bli jeste\u015b Andre, ten n\u00f3\u017c jest tak skonstruowany, aby poradzi\u0107 sobie i doskonale radzi\u0107 sobie w niemal wszystkim.<\/p>\n<p>Dane techniczne<br \/>\nD\u0142ugo\u015b\u0107 ostrza: 10 cm<br \/>\nD\u0142ugo\u015b\u0107 ca\u0142kowita: 23 cm<br \/>\nMateria\u0142 ostrza: CPM-S35VN Stal nierdzewna<br \/>\nGrubo\u015b\u0107 ostrza: 0,51 cm<br \/>\nStyl ostrza: Szpic w\u0142\u00f3czni<br \/>\nSzlif ostrza: Ca\u0142kowicie p\u0142aski<br \/>\nObr\u00f3bka powierzchni ostrza: satyna<br \/>\nMateria\u0142 r\u0119koje\u015bci: tytan Acid Rain<br \/>\nGrubo\u015b\u0107 r\u0105czki: 1,4 cm<br \/>\nMechanizm blokuj\u0105cy: Blokada ramy<br \/>\nZesp\u00f3\u0142 sworznia: \u0142o\u017cyska<br \/>\nKieszonkowy klips: tytan (podnoszenie, noszenie w prawo\/lewo i opuszczanie, noszenie po prawej stronie)<br \/>\nWaga: 7,70 uncji<br \/>\nProjektant: Andre De Villiers<br \/>\nTytanowa podk\u0142adka dystansowa<br \/>\nWyprodukowano w Republice Po\u0142udniowej Afryki<\/p>\n","protected":false},"excerpt":{"rendered":"<p><strong>Trailboss<\/strong> by\u0142 pierwszym sk\u0142adanym no\u017cem Andre De Villiersa.<\/p>\n","protected":false},"featured_media":322585,"comment_status":"open","ping_status":"closed","template":"","meta":[],"pwb-brand":[3824],"product_brand":[],"product_cat":[3296,3307],"product_tag":[3671],"class_list":{"0":"post-322584","1":"product","2":"type-product","3":"status-publish","4":"has-post-thumbnail","6":"pwb-brand-andre-de-villiersa","7":"product_cat-noze-pl","8":"product_cat-zamykanie-nozy","9":"product_tag-b2b-pl","11":"first","12":"outofstock","13":"taxable","14":"shipping-taxable","15":"purchasable","16":"product-type-simple"},"brands":[{"id":3824,"name":"Andre De Villiersa","slug":"andre-de-villiersa"}],"_links":{"self":[{"href":"https:\/\/www.moskito.cz\/pl\/wp-json\/wp\/v2\/product\/322584","targetHints":{"allow":["GET"]}}],"collection":[{"href":"https:\/\/www.moskito.cz\/pl\/wp-json\/wp\/v2\/product"}],"about":[{"href":"https:\/\/www.moskito.cz\/pl\/wp-json\/wp\/v2\/types\/product"}],"replies":[{"embeddable":true,"href":"https:\/\/www.moskito.cz\/pl\/wp-json\/wp\/v2\/comments?post=322584"}],"wp:featuredmedia":[{"embeddable":true,"href":"https:\/\/www.moskito.cz\/pl\/wp-json\/wp\/v2\/media\/322585"}],"wp:attachment":[{"href":"https:\/\/www.moskito.cz\/pl\/wp-json\/wp\/v2\/media?parent=322584"}],"wp:term":[{"taxonomy":"pwb-brand","embeddable":true,"href":"https:\/\/www.moskito.cz\/pl\/wp-json\/wp\/v2\/pwb-brand?post=322584"},{"taxonomy":"product_brand","embeddable":true,"href":"https:\/\/www.moskito.cz\/pl\/wp-json\/wp\/v2\/product_brand?post=322584"},{"taxonomy":"product_cat","embeddable":true,"href":"https:\/\/www.moskito.cz\/pl\/wp-json\/wp\/v2\/product_cat?post=322584"},{"taxonomy":"product_tag","embeddable":true,"href":"https:\/\/www.moskito.cz\/pl\/wp-json\/wp\/v2\/product_tag?post=322584"}],"curies":[{"name":"wp","href":"https:\/\/api.w.org\/{rel}","templated":true}]}}