{"id":322742,"date":"2023-04-17T19:39:33","date_gmt":"2024-03-20T12:24:38","guid":{"rendered":"https:\/\/www.moskito.cz\/produkt\/noz-zamykajacy-chaves-knives-ultramar-sangre-229-sw-bg10-bf\/"},"modified":"2025-05-07T11:07:20","modified_gmt":"2025-05-07T10:07:20","slug":"noz-zamykajacy-chaves-knives-ultramar-sangre-229-sw-bg10-bf","status":"publish","type":"product","link":"https:\/\/www.moskito.cz\/pl\/produkt\/noz-zamykajacy-chaves-knives-ultramar-sangre-229-sw-bg10-bf\/","title":{"rendered":"N\u00f3\u017c zamykaj\u0105cy Chaves Knives Ultramar Sangre 229\/SW\/BG10\/BF"},"content":{"rendered":"<p>N\u00f3\u017c zamykaj\u0105cy <strong>Chaves Knives<\/strong> Ultramar Sangre 229\/SW\/BG10\/BF<\/p>\n<p>No\u017ce <strong>Chaves Ultramar<\/strong> firmy Ramon Chavez s\u0105 produkowane przez firm\u0119 Reate Knives, kt\u00f3rej celem jest udost\u0119pnienie ich niesamowitych no\u017cy szerszemu gronu odbiorc\u00f3w. Istnieje wiele r\u00f3\u017cnych modeli, w tym produkcyjna wersja Street jego s\u0142ynnego no\u017ca Redencion, kt\u00f3ry jest ikon\u0105 w \u015bwiecie no\u017cy. Ka\u017cdy z nich ma charakterystyczny tytanowy klips kieszeniowy z czaszk\u0105, wymienn\u0105 wk\u0142adk\u0119 zamka i satynowe ostrze Bohler M390 na pasku. S\u0105 idealne do noszenia na co dzie\u0144, a Reate doskonale odtworzy\u0142 niesamowit\u0105 akcj\u0119 Ramona, dzi\u0119ki czemu kr\u0119c\u0105 si\u0119 jak prawdziwe!<\/p>\n<p>Sangre 229 to zupe\u0142nie inne zwierz\u0119 ni\u017c Ramon Chavez, kt\u00f3rego funkcjonalno\u015b\u0107 jest na pierwszym planie. Je\u015bli szukasz czego\u015b od Ramona, ale nie jego Redenciona lub podobnego brata Liberation, Sangre jest modelem dla ciebie. \u0141\u0105czy w sobie ostrze Wharncliffe ze smuk\u0142\u0105, \u015bci\u0119t\u0105 tytanow\u0105 r\u0119koje\u015bci\u0105 przypominaj\u0105c\u0105 s\u0142ynny projekt Ramona 228. Jest niezwykle wygodny, nawet ze swoimi pude\u0142kowatymi kraw\u0119dziami, a ten solidny teczka zapewnia wyj\u0105tkowo pewny chwyt. Zamek ramy wyposa\u017cony jest w wymienn\u0105 wk\u0142adk\u0119 zamka\/t\u0142umik override, a n\u00f3\u017c uzupe\u0142nia cz\u0119\u015bciowy tytanowy backspacer. Je\u015bli Ramon Chavez by\u0142 na Twojej li\u015bcie \u017cycze\u0144 od jakiego\u015b czasu, ale nadal znajduje si\u0119 poza Twoim przedzia\u0142em cenowym, sprawd\u017a Chaves Ultramar. Za te pieni\u0105dze nie ma lepszego no\u017ca produkcyjnego \u015bredniej klasy, jaki mo\u017cemy wymy\u015bli\u0107.<\/p>\n<p>Dane techniczne<br \/>\nD\u0142ugo\u015b\u0107 ostrza: 9,37 cm<br \/>\nKraw\u0119d\u017a tn\u0105ca: 8,43 cm<br \/>\nD\u0142ugo\u015b\u0107 po zamkni\u0119ciu: 11,25 cm<br \/>\nD\u0142ugo\u015b\u0107 ca\u0142kowita: 20,62 cm<br \/>\nMateria\u0142 ostrza: stal nierdzewna Bohler M390<br \/>\nGrubo\u015b\u0107 ostrza: 0,39 cm<br \/>\nStyl ostrza: Wharncliffe<br \/>\nSzlif ostrza: p\u0142aski<br \/>\nWyko\u0144czenie ostrza: Pas Satin<br \/>\nMateria\u0142 r\u0119koje\u015bci: czarny G10 i tytan Stonewashed<br \/>\nGrubo\u015b\u0107 r\u0105czki: 1,35 cm<br \/>\nMechanizm blokuj\u0105cy: Blokada ramy<br \/>\nZesp\u00f3\u0142 sworznia: \u0142o\u017cyska<br \/>\nKieszonkowy klips: Tytan (sk\u0142adany, prawy noszony)<br \/>\nWaga: 4,80 uncji<br \/>\nProjektant: Ramon Chavez<br \/>\nTytanowa podk\u0142adka dystansowa<\/p>\n","protected":false},"excerpt":{"rendered":"<p><strong>No\u017ce Chaves s\u0105 przeznaczone do intensywnego u\u017cytkowania i wykonane z najlepszych materia\u0142\u00f3w zapewniaj\u0105cych trwa\u0142o\u015b\u0107 i zachowanie kraw\u0119dzi. Wi\u0119cej ni\u017c tylko funkcjonalny n\u00f3\u017c, powa\u017cne narz\u0119dzie tn\u0105ce, kt\u00f3re przetrwa ca\u0142e \u017cycie.<\/strong><\/p>\n<p><strong>Ramona i Lorrie Chavez\u00f3w.<\/strong><\/p>\n","protected":false},"featured_media":322754,"comment_status":"open","ping_status":"closed","template":"","meta":[],"pwb-brand":[3831],"product_brand":[],"product_cat":[3296,3307],"product_tag":[3671],"class_list":{"0":"post-322742","1":"product","2":"type-product","3":"status-publish","4":"has-post-thumbnail","6":"pwb-brand-noze-chavesa","7":"product_cat-noze-pl","8":"product_cat-zamykanie-nozy","9":"product_tag-b2b-pl","11":"first","12":"instock","13":"taxable","14":"shipping-taxable","15":"purchasable","16":"product-type-simple"},"brands":[{"id":3831,"name":"No\u017ce Chavesa","slug":"noze-chavesa"}],"_links":{"self":[{"href":"https:\/\/www.moskito.cz\/pl\/wp-json\/wp\/v2\/product\/322742","targetHints":{"allow":["GET"]}}],"collection":[{"href":"https:\/\/www.moskito.cz\/pl\/wp-json\/wp\/v2\/product"}],"about":[{"href":"https:\/\/www.moskito.cz\/pl\/wp-json\/wp\/v2\/types\/product"}],"replies":[{"embeddable":true,"href":"https:\/\/www.moskito.cz\/pl\/wp-json\/wp\/v2\/comments?post=322742"}],"wp:featuredmedia":[{"embeddable":true,"href":"https:\/\/www.moskito.cz\/pl\/wp-json\/wp\/v2\/media\/322754"}],"wp:attachment":[{"href":"https:\/\/www.moskito.cz\/pl\/wp-json\/wp\/v2\/media?parent=322742"}],"wp:term":[{"taxonomy":"pwb-brand","embeddable":true,"href":"https:\/\/www.moskito.cz\/pl\/wp-json\/wp\/v2\/pwb-brand?post=322742"},{"taxonomy":"product_brand","embeddable":true,"href":"https:\/\/www.moskito.cz\/pl\/wp-json\/wp\/v2\/product_brand?post=322742"},{"taxonomy":"product_cat","embeddable":true,"href":"https:\/\/www.moskito.cz\/pl\/wp-json\/wp\/v2\/product_cat?post=322742"},{"taxonomy":"product_tag","embeddable":true,"href":"https:\/\/www.moskito.cz\/pl\/wp-json\/wp\/v2\/product_tag?post=322742"}],"curies":[{"name":"wp","href":"https:\/\/api.w.org\/{rel}","templated":true}]}}