{"id":322852,"date":"2023-04-17T22:18:07","date_gmt":"2024-03-20T12:25:33","guid":{"rendered":"https:\/\/www.moskito.cz\/produkt\/noz-zamykajacy-chaves-knives-tak-flipper-ultramar-satin-tak-rdp-bg10-bf\/"},"modified":"2025-05-07T11:07:22","modified_gmt":"2025-05-07T10:07:22","slug":"noz-zamykajacy-chaves-knives-tak-flipper-ultramar-satin-tak-rdp-bg10-bf","status":"publish","type":"product","link":"https:\/\/www.moskito.cz\/pl\/produkt\/noz-zamykajacy-chaves-knives-tak-flipper-ultramar-satin-tak-rdp-bg10-bf\/","title":{"rendered":"N\u00f3\u017c zamykaj\u0105cy Chaves Knives TAK Flipper Ultramar Satin TAK\/RDP\/BG10\/BF"},"content":{"rendered":"<p>N\u00f3\u017c zamykaj\u0105cy <strong>Chaves Knives<\/strong> TAK Flipper Ultramar Satin TAK\/RDP\/BG10\/BF<\/p>\n<p>No\u017ce <strong>Chaves Ultramar<\/strong> firmy Ramon Chavez s\u0105 produkowane przez firm\u0119 Reate Knives, kt\u00f3rej celem jest udost\u0119pnienie ich niesamowitych no\u017cy szerszemu gronu odbiorc\u00f3w. Ka\u017cdy projekt ma charakterystyczny tytanowy klips do kieszeni w kszta\u0142cie czaszki i solidn\u0105 konstrukcj\u0119. S\u0105 idealne do noszenia na co dzie\u0144, a Reate doskonale odtworzy\u0142 niesamowit\u0105 akcj\u0119 Ramona, dzi\u0119ki czemu kr\u0119c\u0105 si\u0119 jak prawdziwe!<\/p>\n<p>Ten n\u00f3\u017c TAK Tiny Ass jest jeszcze mniejsz\u0105 wersj\u0105 Redencion Street i mo\u017ce by\u0107 po prostu idealnym kompaktowym no\u017cem EDC. \u015awietnie nadaje si\u0119 do szybkiego ci\u0119cia dzi\u0119ki b\u0142yskawicznej akcji i wygodnemu uchwytowi trzema palcami. Kwadratowy kszta\u0142t naprawd\u0119 si\u0119 tutaj przydaje i zapewnia mocniejszy chwyt tego ma\u0142ego faceta. Byli\u015bmy pod wielkim wra\u017ceniem tego projektu Ramona. Wydaje si\u0119, \u017ce mo\u017ce by\u0107 za ma\u0142y, ale naprawd\u0119 dzia\u0142a, gdy naciskasz. Nie potrzebujesz nic wi\u0119cej do codziennego noszenia, a je\u015bli szukasz no\u017ca z klipsem na banknoty, mo\u017ce to by\u0107 najlepszy n\u00f3\u017c, jaki mamy w ofercie. To niesamowite.<\/p>\n<p>Dane techniczne<br \/>\nD\u0142ugo\u015b\u0107 ostrza: 6,87 cm<br \/>\nKraw\u0119d\u017a tn\u0105ca: 6,5 cm<br \/>\nD\u0142ugo\u015b\u0107 po zamkni\u0119ciu: 8,7 cm<br \/>\nD\u0142ugo\u015b\u0107 ca\u0142kowita: 15,57 cm<br \/>\nMateria\u0142 ostrza: stal nierdzewna Bohler M390<br \/>\nGrubo\u015b\u0107 ostrza: 0,37 cm<br \/>\nStyl ostrza: Drop Point<br \/>\nSzlifowanie ostrzy: Mieszanka<br \/>\nWyko\u0144czenie ostrza: Pas Satin<br \/>\nMateria\u0142 r\u0119koje\u015bci: czarny G10<br \/>\nGrubo\u015b\u0107 r\u0105czki: 1,27 cm<br \/>\nMateria\u0142 wk\u0142adki: Tytan<br \/>\nMechanizm blokuj\u0105cy: Liner Lock<br \/>\nZesp\u00f3\u0142 sworznia: \u0142o\u017cyska<br \/>\nKieszonkowy klips: Tytan (sk\u0142adany, noszony w prawo\/lewo)<br \/>\nWaga: 2,96 uncji<br \/>\nProjektant: Ramon Chavez<\/p>\n","protected":false},"excerpt":{"rendered":"<p><strong>No\u017ce Chaves s\u0105 przeznaczone do intensywnego u\u017cytkowania i wykonane z najlepszych materia\u0142\u00f3w zapewniaj\u0105cych trwa\u0142o\u015b\u0107 i zachowanie kraw\u0119dzi. Wi\u0119cej ni\u017c tylko funkcjonalny n\u00f3\u017c, powa\u017cne narz\u0119dzie tn\u0105ce, kt\u00f3re przetrwa ca\u0142e \u017cycie.<\/strong><\/p>\n<p><strong>Ramona i Lorrie Chavez\u00f3w.<\/strong><\/p>\n","protected":false},"featured_media":322865,"comment_status":"open","ping_status":"closed","template":"","meta":[],"pwb-brand":[3831],"product_brand":[],"product_cat":[3296,3307],"product_tag":[3671],"class_list":{"0":"post-322852","1":"product","2":"type-product","3":"status-publish","4":"has-post-thumbnail","6":"pwb-brand-noze-chavesa","7":"product_cat-noze-pl","8":"product_cat-zamykanie-nozy","9":"product_tag-b2b-pl","11":"first","12":"instock","13":"taxable","14":"shipping-taxable","15":"purchasable","16":"product-type-simple"},"brands":[{"id":3831,"name":"No\u017ce Chavesa","slug":"noze-chavesa"}],"_links":{"self":[{"href":"https:\/\/www.moskito.cz\/pl\/wp-json\/wp\/v2\/product\/322852","targetHints":{"allow":["GET"]}}],"collection":[{"href":"https:\/\/www.moskito.cz\/pl\/wp-json\/wp\/v2\/product"}],"about":[{"href":"https:\/\/www.moskito.cz\/pl\/wp-json\/wp\/v2\/types\/product"}],"replies":[{"embeddable":true,"href":"https:\/\/www.moskito.cz\/pl\/wp-json\/wp\/v2\/comments?post=322852"}],"wp:featuredmedia":[{"embeddable":true,"href":"https:\/\/www.moskito.cz\/pl\/wp-json\/wp\/v2\/media\/322865"}],"wp:attachment":[{"href":"https:\/\/www.moskito.cz\/pl\/wp-json\/wp\/v2\/media?parent=322852"}],"wp:term":[{"taxonomy":"pwb-brand","embeddable":true,"href":"https:\/\/www.moskito.cz\/pl\/wp-json\/wp\/v2\/pwb-brand?post=322852"},{"taxonomy":"product_brand","embeddable":true,"href":"https:\/\/www.moskito.cz\/pl\/wp-json\/wp\/v2\/product_brand?post=322852"},{"taxonomy":"product_cat","embeddable":true,"href":"https:\/\/www.moskito.cz\/pl\/wp-json\/wp\/v2\/product_cat?post=322852"},{"taxonomy":"product_tag","embeddable":true,"href":"https:\/\/www.moskito.cz\/pl\/wp-json\/wp\/v2\/product_tag?post=322852"}],"curies":[{"name":"wp","href":"https:\/\/api.w.org\/{rel}","templated":true}]}}