{"id":322933,"date":"2023-04-18T20:54:11","date_gmt":"2024-03-20T12:26:07","guid":{"rendered":"https:\/\/www.moskito.cz\/produkt\/dlugopis-chaves-knives-ultramar-titanium-twist-cap-pen-pen-t\/"},"modified":"2026-01-03T23:53:11","modified_gmt":"2026-01-03T22:53:11","slug":"dlugopis-chaves-knives-ultramar-titanium-twist-cap-pen-pen-t","status":"publish","type":"product","link":"https:\/\/www.moskito.cz\/pl\/produkt\/dlugopis-chaves-knives-ultramar-titanium-twist-cap-pen-pen-t\/","title":{"rendered":"D\u0142ugopis Chaves Knives Ultramar Titanium Twist Cap Pen PEN\/T"},"content":{"rendered":"<p><strong>D\u0142ugopis Chaves Knives<\/strong> Ultramar Titanium Twist Cap Pen PEN\/T<\/p>\n<p>Pi\u00f3ro Chaves Twist Cap Pen jest wykonane z litego tytanu i ma \u0142adny kszta\u0142t dla palc\u00f3w, zapewniaj\u0105cy ergonomi\u0119 u\u017cytkowania. Wk\u0142ad Schmidt easyFLOW 9000 M pisze niezwykle p\u0142ynnie, a wk\u0142ad Ramon ma z ty\u0142u pi\u00f3ra miejsce do przechowywania nasadki podczas pisania. Mo\u017cesz drwi\u0107, ale nie zawsze tak jest i cieszymy si\u0119, \u017ce mo\u017cemy to tutaj zobaczy\u0107. Pi\u00f3ro Chaves Twist Cap Pen sprawia wra\u017cenie niezwykle solidnego \u2013 tak jakby m\u00f3g\u0142 znie\u015b\u0107 absolutnie wszystko, a jednocze\u015bnie podpisywa\u0107 pi\u0119knym podpisem. Wyposa\u017cony w charakterystyczn\u0105 dla Ramona tytanow\u0105 kiesze\u0144 z czaszk\u0105, kt\u00f3ra jest jedn\u0105 z, je\u015bli nie najlepsz\u0105 w bran\u017cy, zosta\u0142a z dum\u0105 wyprodukowana przez firm\u0119 Reate Knives.<\/p>\n<p>Dane techniczne<br \/>\nMateria\u0142: tytan<br \/>\nD\u0142ugo\u015b\u0107 ca\u0142kowita: 12,29 cm<br \/>\nCa\u0142kowita d\u0142ugo\u015b\u0107 po otwarciu: 16,40 cm<br \/>\nGrubo\u015b\u0107: 1,27 cm<br \/>\nWaga: 1,83 uncji (52g)<br \/>\nUzupe\u0142nienie: Schmidt easyFLOW 9000 M<br \/>\nProjektant: Ramon Chavez<\/p>\n","protected":false},"excerpt":{"rendered":"<p><strong>No\u017ce Chaves s\u0105 przeznaczone do intensywnego u\u017cytkowania i wykonane z najlepszych materia\u0142\u00f3w zapewniaj\u0105cych trwa\u0142o\u015b\u0107 i zachowanie kraw\u0119dzi. Wi\u0119cej ni\u017c tylko funkcjonalny n\u00f3\u017c, powa\u017cne narz\u0119dzie tn\u0105ce, kt\u00f3re przetrwa ca\u0142e \u017cycie.<\/strong><\/p>\n<p><strong>Ramona i Lorrie Chavez\u00f3w.<\/strong><\/p>\n","protected":false},"featured_media":322934,"comment_status":"open","ping_status":"closed","template":"","meta":[],"pwb-brand":[3831],"product_brand":[],"product_cat":[3296,3307],"product_tag":[3671],"class_list":{"0":"post-322933","1":"product","2":"type-product","3":"status-publish","4":"has-post-thumbnail","6":"pwb-brand-noze-chavesa","7":"product_cat-noze-pl","8":"product_cat-zamykanie-nozy","9":"product_tag-b2b-pl","11":"first","12":"outofstock","13":"taxable","14":"shipping-taxable","15":"purchasable","16":"product-type-simple"},"brands":[{"id":3831,"name":"No\u017ce Chavesa","slug":"noze-chavesa"}],"_links":{"self":[{"href":"https:\/\/www.moskito.cz\/pl\/wp-json\/wp\/v2\/product\/322933","targetHints":{"allow":["GET"]}}],"collection":[{"href":"https:\/\/www.moskito.cz\/pl\/wp-json\/wp\/v2\/product"}],"about":[{"href":"https:\/\/www.moskito.cz\/pl\/wp-json\/wp\/v2\/types\/product"}],"replies":[{"embeddable":true,"href":"https:\/\/www.moskito.cz\/pl\/wp-json\/wp\/v2\/comments?post=322933"}],"wp:featuredmedia":[{"embeddable":true,"href":"https:\/\/www.moskito.cz\/pl\/wp-json\/wp\/v2\/media\/322934"}],"wp:attachment":[{"href":"https:\/\/www.moskito.cz\/pl\/wp-json\/wp\/v2\/media?parent=322933"}],"wp:term":[{"taxonomy":"pwb-brand","embeddable":true,"href":"https:\/\/www.moskito.cz\/pl\/wp-json\/wp\/v2\/pwb-brand?post=322933"},{"taxonomy":"product_brand","embeddable":true,"href":"https:\/\/www.moskito.cz\/pl\/wp-json\/wp\/v2\/product_brand?post=322933"},{"taxonomy":"product_cat","embeddable":true,"href":"https:\/\/www.moskito.cz\/pl\/wp-json\/wp\/v2\/product_cat?post=322933"},{"taxonomy":"product_tag","embeddable":true,"href":"https:\/\/www.moskito.cz\/pl\/wp-json\/wp\/v2\/product_tag?post=322933"}],"curies":[{"name":"wp","href":"https:\/\/api.w.org\/{rel}","templated":true}]}}