{"id":322995,"date":"2024-03-20T14:20:58","date_gmt":"2024-03-20T13:24:05","guid":{"rendered":"https:\/\/www.moskito.cz\/produkt\/naprawiono-noz-spartan-blades-damysus-sbsl003\/"},"modified":"2025-05-07T11:07:25","modified_gmt":"2025-05-07T10:07:25","slug":"naprawiono-noz-spartan-blades-damysus-sbsl003","status":"publish","type":"product","link":"https:\/\/www.moskito.cz\/pl\/produkt\/naprawiono-noz-spartan-blades-damysus-sbsl003\/","title":{"rendered":"Naprawiono n\u00f3\u017c Spartan Blades Damysus SBSL003"},"content":{"rendered":"<p>Naprawiono n\u00f3\u017c <strong>Spartan Blades<\/strong> Damysus SBSL003<\/p>\n<p><strong>Damysu<\/strong> s: Uwolnij mityczn\u0105 moc w twoich r\u0119kach<\/p>\n<p>W kr\u00f3lestwie mitologii greckiej <strong>Damysus<\/strong> panowa\u0142 niepodzielnie jako najszybszy z gigant\u00f3w, a teraz ta legendarna esencja jest zawarta w No\u017cu Damysusa \u2013 dzie\u0142u wykwalifikowanych rzemie\u015blnik\u00f3w w KA-BAR Knives w Olean w stanie Nowy Jork, USA. To masywne ostrze zosta\u0142o starannie wykonane, aby s\u0142u\u017cy\u0107 jako wszechstronny n\u00f3\u017c bojowy i u\u017cytkowy, uciele\u015bniaj\u0105c moc i szybko\u015b\u0107 swojego mitycznego imiennika.<\/p>\n<p>Kluczowe w\u0142a\u015bciwo\u015bci:<\/p>\n<p>Wszechstronna wydajno\u015b\u0107: Dzi\u0119ki prostej kraw\u0119dzi i solidnej ko\u0144c\u00f3wce Damysus zosta\u0142 zaprojektowany tak, aby wyr\u00f3\u017cnia\u0142 si\u0119 w wielu zadaniach. Dzi\u0119ki skalom Full Tang i Canvas Micarta spe\u0142ni wymagania nawet najbardziej wymagaj\u0105cych sytuacji.<\/p>\n<p>Wytrzyma\u0142o\u015b\u0107 ko\u0144c\u00f3wki: Je\u015bli wytrzyma\u0142o\u015b\u0107 ko\u0144c\u00f3wki jest dla Twoich wymaga\u0144 najwa\u017cniejsza, najlepszym wyborem b\u0119dzie Damysus. Solidna konstrukcja sprawia, \u017ce \u200b\u200bdoskonale sprawdza si\u0119 w sytuacjach, w kt\u00f3rych wytrzyma\u0142o\u015b\u0107 ko\u0144c\u00f3wki ma kluczowe znaczenie.<\/p>\n<p>Profesjonalne wykonanie: Wykonany z precyzj\u0105 i po\u015bwi\u0119ceniem przez wykwalifikowanych rzemie\u015blnik\u00f3w w firmie KA-BAR Knives z siedzib\u0105 w Olean w stanie Nowy Jork w USA, Damysus jest \u015bwiadectwem ameryka\u0144skiego rzemios\u0142a.<\/p>\n<p>Atrakcyjno\u015b\u0107 wizualna: Czarna pow\u0142oka proszkowa nadaje Damysusowi eleganckie wyko\u0144czenie i zwi\u0119ksza jego trwa\u0142o\u015b\u0107 i estetyk\u0119 taktyczn\u0105.<\/p>\n<p>Dane techniczne:<\/p>\n<p>Nazwa no\u017ca: Damysus<br \/>\nProjektanci: Iovito<br \/>\nD\u0142ugo\u015b\u0107 ca\u0142kowita: 127 cm<br \/>\nD\u0142ugo\u015b\u0107 ostrza: 14 cm<br \/>\nStal ostrza: 1095 Cro-Van (pochodzenia niemieckiego)<br \/>\nTwardo\u015b\u0107 ostrza: 56-58 HRC<br \/>\nStyl ostrza: Solidny &#8211; Punkt kroplenia &#8211; P\u0142aska powierzchnia<br \/>\nPow\u0142oka: czarna pow\u0142oka proszkowa<br \/>\nMateria\u0142 r\u0119koje\u015bci: CE Canvas Micarta\u00ae (czarny lub zielony)<br \/>\nObudowa: Formowana wtryskowo obudowa z aktywn\u0105 d\u017awigni\u0105 mocuj\u0105c\u0105 kciuka<br \/>\nWaga: 0,5630 LBS (n\u00f3\u017c)<\/p>\n<p><iframe title=\"Spartan Blades Company Knife Company Story with Co-Founders Mark Carey and Curtis Iovito.\" width=\"800\" height=\"450\" src=\"https:\/\/www.youtube.com\/embed\/S-EVJgZR57Y?feature=oembed\" frameborder=\"0\" allow=\"accelerometer; autoplay; clipboard-write; encrypted-media; gyroscope; picture-in-picture; web-share\" allowfullscreen><\/iframe><\/p>\n<p>&nbsp;<\/p>\n<p>&nbsp;<\/p>\n<p>&nbsp;<\/p>\n","protected":false},"excerpt":{"rendered":"<p><strong>Wzboga\u0107 swoj\u0105 kolekcj\u0119 ostrzy dzi\u0119ki Damysusowi, no\u017cowi zaprojektowanemu na cze\u015b\u0107 szybko\u015bci i mocy mitologii greckiej. Zaprojektowany z my\u015bl\u0105 o wszechstronno\u015bci i trwa\u0142o\u015bci, Damysus jest gotowy z \u0142atwo\u015bci\u0105 stawi\u0107 czo\u0142a najci\u0119\u017cszym zadaniom. We\u017a mityczn\u0105 moc w swoje r\u0119ce i opanuj Damysusa, aby uzyska\u0107 niezr\u00f3wnane wra\u017cenia w walce i u\u017cyteczno\u015bci.<\/strong><\/p>\n<p><strong>Bezp\u0142atny transport.<\/strong><\/p>\n","protected":false},"featured_media":322957,"comment_status":"open","ping_status":"closed","template":"","meta":[],"pwb-brand":[3836],"product_brand":[],"product_cat":[3296,3297],"product_tag":[3671],"class_list":{"0":"post-322995","1":"product","2":"type-product","3":"status-publish","4":"has-post-thumbnail","6":"pwb-brand-spartanskie-ostrza","7":"product_cat-noze-pl","8":"product_cat-solidne-noze","9":"product_tag-b2b-pl","11":"first","12":"instock","13":"taxable","14":"shipping-taxable","15":"purchasable","16":"product-type-simple"},"brands":[{"id":3836,"name":"Sparta\u0144skie Ostrza","slug":"spartanskie-ostrza"}],"_links":{"self":[{"href":"https:\/\/www.moskito.cz\/pl\/wp-json\/wp\/v2\/product\/322995","targetHints":{"allow":["GET"]}}],"collection":[{"href":"https:\/\/www.moskito.cz\/pl\/wp-json\/wp\/v2\/product"}],"about":[{"href":"https:\/\/www.moskito.cz\/pl\/wp-json\/wp\/v2\/types\/product"}],"replies":[{"embeddable":true,"href":"https:\/\/www.moskito.cz\/pl\/wp-json\/wp\/v2\/comments?post=322995"}],"wp:featuredmedia":[{"embeddable":true,"href":"https:\/\/www.moskito.cz\/pl\/wp-json\/wp\/v2\/media\/322957"}],"wp:attachment":[{"href":"https:\/\/www.moskito.cz\/pl\/wp-json\/wp\/v2\/media?parent=322995"}],"wp:term":[{"taxonomy":"pwb-brand","embeddable":true,"href":"https:\/\/www.moskito.cz\/pl\/wp-json\/wp\/v2\/pwb-brand?post=322995"},{"taxonomy":"product_brand","embeddable":true,"href":"https:\/\/www.moskito.cz\/pl\/wp-json\/wp\/v2\/product_brand?post=322995"},{"taxonomy":"product_cat","embeddable":true,"href":"https:\/\/www.moskito.cz\/pl\/wp-json\/wp\/v2\/product_cat?post=322995"},{"taxonomy":"product_tag","embeddable":true,"href":"https:\/\/www.moskito.cz\/pl\/wp-json\/wp\/v2\/product_tag?post=322995"}],"curies":[{"name":"wp","href":"https:\/\/api.w.org\/{rel}","templated":true}]}}