{"id":323172,"date":"2024-03-20T15:15:21","date_gmt":"2024-03-20T14:54:31","guid":{"rendered":"https:\/\/www.moskito.cz\/produkt\/noz-spartan-blades-ronin-shinto-sb47debkkytn\/"},"modified":"2025-05-07T11:07:29","modified_gmt":"2025-05-07T10:07:29","slug":"noz-spartan-blades-ronin-shinto-sb47debkkytn","status":"publish","type":"product","link":"https:\/\/www.moskito.cz\/pl\/produkt\/noz-spartan-blades-ronin-shinto-sb47debkkytn\/","title":{"rendered":"N\u00f3\u017c Spartan Blades Ronin Shinto SB47DEBKKYTN"},"content":{"rendered":"<p>N\u00f3\u017c <strong>Spartan Blades<\/strong> Ronin Shinto SB47DEBKKYTN<\/p>\n<p>Spartan-R\u014dnin Shint\u014d: Wykuty w tradycji, zaprojektowany do dzia\u0142ania<\/p>\n<p>Obejmij ducha Spartan-R\u014dnin Shint\u014d, no\u017ca bojowego, kt\u00f3ry pi\u0119knie r\u00f3wnowa\u017cy esencj\u0119 starego i nowego projektu. Zaprojektowany przez Tu Lama i Curtisa Iovite, n\u00f3\u017c ten inspirowany jest filozofi\u0105 \u201eShinto\u201d, kt\u00f3ra oznacza \u0142\u0105czenie starych sposob\u00f3w z nowymi, jako \u015bwiadectwo funkcjonalno\u015bci i kunsztu.<\/p>\n<p>Kluczowe w\u0142a\u015bciwo\u015bci:<\/p>\n<p>Korzenie filozoficzne: \u201eShinto\u201d uciele\u015bnia praktyk\u0119 \u0142\u0105czenia tradycji ze wsp\u00f3\u0142czesnym podej\u015bciem. Spartan-R\u014dnin Shint\u014d sk\u0142ada ho\u0142d tej filozofii, tworz\u0105c ostrze, kt\u00f3re p\u0142ynnie \u0142\u0105czy stare i nowe elementy konstrukcyjne.<\/p>\n<p>Znany projektant: Wsp\u00f3\u0142projektowany przez Tu Lama, emerytowanego \u017co\u0142nierza si\u0142 specjalnych za\u0142o\u017cycieli Spartan Blades. Do\u015bwiadczenie Tu Lama jako \u201eZielonego Beretu\u201d oraz jego rozleg\u0142e do\u015bwiadczenie w szkoleniach wojskowych i organ\u00f3w \u015bcigania czyni\u0105 go szanowanym autorytetem w tej dziedzinie.<\/p>\n<p>Szkolenie dla wojska i organ\u00f3w \u015bcigania: Tu Lam jest si\u0142\u0105 nap\u0119dow\u0105 RONIN Tactics, Inc., organizacji szkol\u0105cej elitarne jednostki wojskowe i organy \u015bcigania na ca\u0142ym \u015bwiecie w zakresie technik walki w zwarciu i u\u017cycia no\u017ca. Jego wiedz\u0119 mo\u017cna dodatkowo zaprezentowa\u0107 jako wsp\u00f3\u0142gospodarz serialu telewizyjnego \u201eForged in Fire, Knife or Death\u201d na kanale History Channel.<\/p>\n<p>Konstrukcja ostrza: Spartan-R\u014dnin Shint\u014d mo\u017ce pochwali\u0107 si\u0119 solidnym, zakrzywionym ostrzem wykonanym z wysokowydajnej stali CPM S45VN. Podw\u00f3jna g\u0142\u0119boka obr\u00f3bka cieplna kriogeniczna zapewnia trwa\u0142o\u015b\u0107, a wyko\u0144czenie metod\u0105 fizycznego osadzania z fazy gazowej (PVD), dost\u0119pne w kolorze Flat Black lub Flat Dark Earth, dodaje taktycznej przewagi.<\/p>\n<p>R\u0119koje\u015b\u0107 Excellence: R\u0119koje\u015b\u0107 wykonana jest z czarnego p\u0142\u00f3tna CE Canvas Micarta\u00ae, kt\u00f3re zapewnia pewny i wygodny chwyt nawet w wymagaj\u0105cych warunkach.<\/p>\n<p>Opcje pochwy: Wybierz pomi\u0119dzy wy\u015bcie\u0142an\u0105 nylonow\u0105 kabur\u0105 MOLLE (dost\u0119pn\u0105 w kolorze czarnym, Coyote Tan lub MultiCam) dla wszechstronnych opcji noszenia lub kabur\u0105 z paskiem Kydex (dost\u0119pn\u0105 w kolorze czarnym lub Coyote Tan) dla bezpiecznego i wydajnego noszenia.<\/p>\n<p>Dane techniczne:<\/p>\n<p>Nazwa no\u017ca: Spartan-R\u014dnin Shint\u014d<br \/>\nProjektanci: Tu Lam \/ Curtis Iovito<br \/>\nD\u0142ugo\u015b\u0107 ostrza: 14,6 cm<br \/>\nGrubo\u015b\u0107 ostrza: 0,48 cm<br \/>\nD\u0142ugo\u015b\u0107 no\u017ca: 26,75 cm<br \/>\nOstrze ze stali: CPM S45VN<br \/>\nTwardo\u015b\u0107 ostrza: 59-61 HRC<br \/>\nStyl ostrza: Naprawiono zakrzywienie<br \/>\nPow\u0142oka: PVD \u2013 Tungsten DLC (p\u0142aska czer\u0144) lub ZrN (p\u0142aska ciemna ziemia)<br \/>\nMateria\u0142 r\u0119koje\u015bci: czarne p\u0142\u00f3tno CE Canvas Micarta\u00ae<br \/>\nPochwa: Nylonowa wy\u015bci\u00f3\u0142ka MOLLE (czarna, Coyote Brown lub MultiCam) lub Kydex ze szlufk\u0105 (czarna lub Coyote Brown)<br \/>\nWaga: 0,558 funta<\/p>\n<p><iframe title=\"Spartan Blades Company Knife Company Story with Co-Founders Mark Carey and Curtis Iovito.\" width=\"800\" height=\"450\" src=\"https:\/\/www.youtube.com\/embed\/S-EVJgZR57Y?feature=oembed\" frameborder=\"0\" allow=\"accelerometer; autoplay; clipboard-write; encrypted-media; gyroscope; picture-in-picture; web-share\" allowfullscreen><\/iframe><\/p>\n<p>&nbsp;<\/p>\n<p>&nbsp;<\/p>\n","protected":false},"excerpt":{"rendered":"<p><strong>Obejmij ducha Spartan-R\u014dnin Shint\u014d, no\u017ca bojowego, kt\u00f3ry pi\u0119knie r\u00f3wnowa\u017cy esencj\u0119 starego i nowego projektu. Zaprojektowany przez Tu Lama i Curtisa Iovite, n\u00f3\u017c ten inspirowany jest filozofi\u0105 \u201eShinto\u201d, kt\u00f3ra oznacza \u0142\u0105czenie starych sposob\u00f3w z nowymi, jako \u015bwiadectwo funkcjonalno\u015bci i kunsztu.<\/strong><\/p>\n<p><strong>Bezp\u0142atny transport.<\/strong><\/p>\n","protected":false},"featured_media":323095,"comment_status":"open","ping_status":"closed","template":"","meta":[],"pwb-brand":[3836],"product_brand":[],"product_cat":[3296,3297],"product_tag":[3671],"class_list":{"0":"post-323172","1":"product","2":"type-product","3":"status-publish","4":"has-post-thumbnail","6":"pwb-brand-spartanskie-ostrza","7":"product_cat-noze-pl","8":"product_cat-solidne-noze","9":"product_tag-b2b-pl","11":"first","12":"instock","13":"taxable","14":"shipping-taxable","15":"purchasable","16":"product-type-simple"},"brands":[{"id":3836,"name":"Sparta\u0144skie Ostrza","slug":"spartanskie-ostrza"}],"_links":{"self":[{"href":"https:\/\/www.moskito.cz\/pl\/wp-json\/wp\/v2\/product\/323172","targetHints":{"allow":["GET"]}}],"collection":[{"href":"https:\/\/www.moskito.cz\/pl\/wp-json\/wp\/v2\/product"}],"about":[{"href":"https:\/\/www.moskito.cz\/pl\/wp-json\/wp\/v2\/types\/product"}],"replies":[{"embeddable":true,"href":"https:\/\/www.moskito.cz\/pl\/wp-json\/wp\/v2\/comments?post=323172"}],"wp:featuredmedia":[{"embeddable":true,"href":"https:\/\/www.moskito.cz\/pl\/wp-json\/wp\/v2\/media\/323095"}],"wp:attachment":[{"href":"https:\/\/www.moskito.cz\/pl\/wp-json\/wp\/v2\/media?parent=323172"}],"wp:term":[{"taxonomy":"pwb-brand","embeddable":true,"href":"https:\/\/www.moskito.cz\/pl\/wp-json\/wp\/v2\/pwb-brand?post=323172"},{"taxonomy":"product_brand","embeddable":true,"href":"https:\/\/www.moskito.cz\/pl\/wp-json\/wp\/v2\/product_brand?post=323172"},{"taxonomy":"product_cat","embeddable":true,"href":"https:\/\/www.moskito.cz\/pl\/wp-json\/wp\/v2\/product_cat?post=323172"},{"taxonomy":"product_tag","embeddable":true,"href":"https:\/\/www.moskito.cz\/pl\/wp-json\/wp\/v2\/product_tag?post=323172"}],"curies":[{"name":"wp","href":"https:\/\/api.w.org\/{rel}","templated":true}]}}