{"id":323367,"date":"2023-03-30T20:58:26","date_gmt":"2023-03-30T19:58:26","guid":{"rendered":"https:\/\/www.moskito.cz\/produkt\/solidny-noz-cold-steel-mini-leatherneck-tanto-point\/"},"modified":"2025-05-07T11:07:33","modified_gmt":"2025-05-07T10:07:33","slug":"solidny-noz-cold-steel-mini-leatherneck-tanto-point","status":"publish","type":"product","link":"https:\/\/www.moskito.cz\/pl\/produkt\/solidny-noz-cold-steel-mini-leatherneck-tanto-point\/","title":{"rendered":"Solidny n\u00f3\u017c Cold Steel MINI LEATHERNECK TANTO POINT"},"content":{"rendered":"<p>Solidny n\u00f3\u017c <strong>Cold Steel<\/strong> MINI LEATHERNECK TANTO POINT<\/p>\n<p>Wielko\u015b\u0107 psa podczas walki nie ma tak du\u017cego znaczenia, jak wielko\u015b\u0107 walki psa! Linia Mini Leatherneck absolutnie uciele\u015bnia to powiedzenie. Wykonane ze stali 8Cr13MoV i oferowane w trzech wersjach ostrzy, ka\u017cde posiada os\u0142on\u0119 ze stali nierdzewnej z szerokimi kolcami chroni\u0105cymi palce. R\u0119koje\u015b\u0107 wykonana jest z materia\u0142u Kray-Ex\u2122 i ma przypomina\u0107 nasze wi\u0119ksze modele Leatherneck. No\u017ce te s\u0105 wyposa\u017cone w mocn\u0105 i wytrzyma\u0142\u0105 pochw\u0119 Secure-Ex\u2122, kt\u00f3ra mo\u017ce pomie\u015bci\u0107 koralik lub klips C-Clip Cold Steel\u00ae. A co najlepsze, s\u0105 niedrogie.<\/p>\n<p>Materia\u0142 ostrza: 8cr13mov<br \/>\nMateria\u0142 r\u0119koje\u015bci: Kraton<br \/>\nMateria\u0142 obudowy: Secure-Ex<br \/>\nD\u0142ugo\u015b\u0107 ostrza: 8,9 cm<br \/>\nD\u0142ugo\u015b\u0107 ca\u0142kowita: 17,1 cm<br \/>\nD\u0142ugo\u015b\u0107 r\u0105czki: 8,3 cm<br \/>\nGrubo\u015b\u0107 ostrza: 3 mm<br \/>\nWaga: 94 g<br \/>\nTyp ostrza: Tanto<\/p>\n","protected":false},"excerpt":{"rendered":"<p><strong>Kszta\u0142t ma\u0142ego Leathernecka wzorowany jest na jego du\u017cym modelu. Dzi\u0119ki swoim mniejszym rozmiarom i wadze stanie si\u0119 narz\u0119dziem codziennego noszenia i nie b\u0119dzie niepotrzebnie przyci\u0105ga\u0107 negatywnej uwagi.<\/strong><\/p>\n","protected":false},"featured_media":323369,"comment_status":"open","ping_status":"closed","template":"","meta":[],"pwb-brand":[3596],"product_brand":[],"product_cat":[3297,3296],"product_tag":[3671],"class_list":{"0":"post-323367","1":"product","2":"type-product","3":"status-publish","4":"has-post-thumbnail","6":"pwb-brand-zimna-stal","7":"product_cat-solidne-noze","8":"product_cat-noze-pl","9":"product_tag-b2b-pl","11":"first","12":"outofstock","13":"taxable","14":"shipping-taxable","15":"purchasable","16":"product-type-simple"},"brands":[{"id":3596,"name":"Zimna stal","slug":"zimna-stal"}],"_links":{"self":[{"href":"https:\/\/www.moskito.cz\/pl\/wp-json\/wp\/v2\/product\/323367","targetHints":{"allow":["GET"]}}],"collection":[{"href":"https:\/\/www.moskito.cz\/pl\/wp-json\/wp\/v2\/product"}],"about":[{"href":"https:\/\/www.moskito.cz\/pl\/wp-json\/wp\/v2\/types\/product"}],"replies":[{"embeddable":true,"href":"https:\/\/www.moskito.cz\/pl\/wp-json\/wp\/v2\/comments?post=323367"}],"wp:featuredmedia":[{"embeddable":true,"href":"https:\/\/www.moskito.cz\/pl\/wp-json\/wp\/v2\/media\/323369"}],"wp:attachment":[{"href":"https:\/\/www.moskito.cz\/pl\/wp-json\/wp\/v2\/media?parent=323367"}],"wp:term":[{"taxonomy":"pwb-brand","embeddable":true,"href":"https:\/\/www.moskito.cz\/pl\/wp-json\/wp\/v2\/pwb-brand?post=323367"},{"taxonomy":"product_brand","embeddable":true,"href":"https:\/\/www.moskito.cz\/pl\/wp-json\/wp\/v2\/product_brand?post=323367"},{"taxonomy":"product_cat","embeddable":true,"href":"https:\/\/www.moskito.cz\/pl\/wp-json\/wp\/v2\/product_cat?post=323367"},{"taxonomy":"product_tag","embeddable":true,"href":"https:\/\/www.moskito.cz\/pl\/wp-json\/wp\/v2\/product_tag?post=323367"}],"curies":[{"name":"wp","href":"https:\/\/api.w.org\/{rel}","templated":true}]}}